{"id":4245,"date":"2025-06-12T09:08:23","date_gmt":"2025-06-12T07:08:23","guid":{"rendered":"https:\/\/www.vhs-burgenland.at\/wp_neu\/?page_id=4245"},"modified":"2025-10-01T10:24:56","modified_gmt":"2025-10-01T08:24:56","slug":"gesundheit-bewegung","status":"publish","type":"page","link":"https:\/\/www.vhs-burgenland.at\/wp_neu\/angebot\/gesundheit-bewegung\/","title":{"rendered":"Gesundheit &amp; Bewegung"},"content":{"rendered":"\t\t<div data-elementor-type=\"wp-page\" data-elementor-id=\"4245\" class=\"elementor elementor-4245\">\n\t\t\t\t<div class=\"elementor-element elementor-element-367d220 e-flex e-con-boxed e-con e-parent\" data-id=\"367d220\" data-element_type=\"container\" data-e-type=\"container\">\n\t\t\t\t\t<div class=\"e-con-inner\">\n\t\t<div class=\"elementor-element elementor-element-4b7dbd8 e-con-full e-flex e-con e-child\" data-id=\"4b7dbd8\" data-element_type=\"container\" data-e-type=\"container\">\n\t\t<div class=\"elementor-element elementor-element-52fd7b2 e-con-full e-flex e-con e-child\" data-id=\"52fd7b2\" data-element_type=\"container\" data-e-type=\"container\" data-settings=\"{&quot;background_background&quot;:&quot;classic&quot;}\">\n\t\t\t\t<div class=\"elementor-element elementor-element-8825627 elementor-view-default elementor-widget elementor-widget-icon\" data-id=\"8825627\" data-element_type=\"widget\" data-e-type=\"widget\" data-widget_type=\"icon.default\">\n\t\t\t\t<div class=\"elementor-widget-container\">\n\t\t\t\t\t\t\t<div class=\"elementor-icon-wrapper\">\n\t\t\t<div class=\"elementor-icon\">\n\t\t\t<svg aria-hidden=\"true\" class=\"e-font-icon-svg e-fas-info-circle\" viewBox=\"0 0 512 512\" xmlns=\"http:\/\/www.w3.org\/2000\/svg\"><path d=\"M256 8C119.043 8 8 119.083 8 256c0 136.997 111.043 248 248 248s248-111.003 248-248C504 119.083 392.957 8 256 8zm0 110c23.196 0 42 18.804 42 42s-18.804 42-42 42-42-18.804-42-42 18.804-42 42-42zm56 254c0 6.627-5.373 12-12 12h-88c-6.627 0-12-5.373-12-12v-24c0-6.627 5.373-12 12-12h12v-64h-12c-6.627 0-12-5.373-12-12v-24c0-6.627 5.373-12 12-12h64c6.627 0 12 5.373 12 12v100h12c6.627 0 12 5.373 12 12v24z\"><\/path><\/svg>\t\t\t<\/div>\n\t\t<\/div>\n\t\t\t\t\t\t<\/div>\n\t\t\t\t<\/div>\n\t\t\t\t<div class=\"elementor-element elementor-element-e55341b elementor-widget elementor-widget-text-editor\" data-id=\"e55341b\" data-element_type=\"widget\" data-e-type=\"widget\" data-widget_type=\"text-editor.default\">\n\t\t\t\t<div class=\"elementor-widget-container\">\n\t\t\t\t\t\t\t\t\t<p><b>Information<\/b><\/p><p><span class=\"style_9\">0 26 82 \/ 61 363<br \/>info@vhs-burgenland.at<\/span><\/p>\t\t\t\t\t\t\t\t<\/div>\n\t\t\t\t<\/div>\n\t\t\t\t<\/div>\n\t\t\t\t<\/div>\n\t\t\t\t<div class=\"elementor-element elementor-element-93b0ec7 elementor-widget elementor-widget-text-editor\" data-id=\"93b0ec7\" data-element_type=\"widget\" data-e-type=\"widget\" data-widget_type=\"text-editor.default\">\n\t\t\t\t<div class=\"elementor-widget-container\">\n\t\t\t\t\t\t\t\t\t<div class=\"wpb_text_column wpb_content_element \"><h2><strong>Gesundheit &amp; Bewegung.\u00a0 <\/strong><strong>Fit und aktiv\u00a0<\/strong><\/h2><h2><img decoding=\"async\" class=\"alignleft wp-image-3661\" src=\"https:\/\/www.vhs-burgenland.at\/wp_neu\/wp-content\/uploads\/2025\/06\/Symbol-Gesundheit-Bewergung-150x150.png\" alt=\"Symbol Mensch mit Herz\" width=\"100\" height=\"100\" srcset=\"https:\/\/www.vhs-burgenland.at\/wp_neu\/wp-content\/uploads\/2025\/06\/Symbol-Gesundheit-Bewergung-150x150.png 150w, https:\/\/www.vhs-burgenland.at\/wp_neu\/wp-content\/uploads\/2025\/06\/Symbol-Gesundheit-Bewergung-300x300.png 300w, https:\/\/www.vhs-burgenland.at\/wp_neu\/wp-content\/uploads\/2025\/06\/Symbol-Gesundheit-Bewergung.png 512w\" sizes=\"(max-width: 100px) 100vw, 100px\" \/><\/h2><p data-start=\"87\" data-end=\"225\">Unsere Bewegungskurse bieten eine vielf\u00e4ltige Auswahl f\u00fcr alle, die <strong data-start=\"155\" data-end=\"222\">fit bleiben, Stress abbauen oder einfach Spa\u00df an Bewegung haben<\/strong>.<\/p><\/div><h3 data-start=\"87\" data-end=\"225\">\u00a0<\/h3><h3 data-start=\"87\" data-end=\"225\">Vielf\u00e4ltige Kursangebote<\/h3><div class=\"wpb_text_column wpb_content_element \"><p data-start=\"227\" data-end=\"241\">Bei uns finden Sie ein breites Spektrum an Bewegungskursen, die auf unterschiedliche Bed\u00fcrfnisse und Interessen zugeschnitten sind. Egal, ob Sie Yoga, Pilates, Line Dance oder HIIT-Workouts bevorzugen \u2013 wir haben f\u00fcr jede*n etwas dabei. Unsere Kurse sind nicht nur darauf ausgelegt, Ihre Fitness zu steigern, sondern auch Ihre allgemeine Lebensqualit\u00e4t zu verbessern.<\/p><h3 data-start=\"227\" data-end=\"241\">Gesundheit und Wohlbefinden<\/h3><p data-start=\"227\" data-end=\"241\">Die Teilnahme an unseren Bewegungskursen f\u00f6rdert nicht nur die k\u00f6rperliche Gesundheit, sondern auch das mentale Wohlbefinden. Durch gezielte \u00dcbungen und Entspannungstechniken helfen wir Ihnen, Stress abzubauen und innere Ruhe zu finden. Viele unserer Kurse integrieren Elemente der Achtsamkeit, die Ihnen helfen, den Alltag hinter sich zu lassen und sich auf das Hier und Jetzt zu konzentrieren.<\/p><h3 data-start=\"227\" data-end=\"241\">Gemeinschaft und Spa\u00df<\/h3><p data-start=\"227\" data-end=\"241\">Ein weiterer wichtiger Aspekt unserer Bewegungskurse ist die Gemeinschaft. Sie haben die M\u00f6glichkeit, neue Menschen kennenzulernen und gemeinsam in einer motivierenden Atmosph\u00e4re zu trainieren. Der Spa\u00df an der Bewegung steht bei uns im Vordergrund, sodass Sie nicht nur Ihre Fitnessziele erreichen, sondern auch Freude an der Teilnahme haben.<\/p><h3 data-start=\"227\" data-end=\"241\">Flexibilit\u00e4t und Zug\u00e4nglichkeit<\/h3><p data-start=\"227\" data-end=\"241\">Unsere Kurse sind so gestaltet, dass sie f\u00fcr alle Altersgruppen und Fitnesslevels geeignet sind. Ob Anf\u00e4nger*innen oder Fortgeschrittene, jede*r ist herzlich willkommen. Zudem bieten wir flexible Kurszeiten an, die sich leicht in Ihren Alltag integrieren lassen.<br \/>Entdecken Sie die Welt der Bewegungskurse an der VHS Burgenland und finden Sie den Kurs, der zu Ihnen passt! Besuchen Sie unsere Website f\u00fcr weitere Informationen und zur Anmeldung.<\/p><\/div>\t\t\t\t\t\t\t\t<\/div>\n\t\t\t\t<\/div>\n\t\t\t\t\t<\/div>\n\t\t\t\t<\/div>\n\t\t\t\t<\/div>\n\t\t","protected":false},"excerpt":{"rendered":"<p>Information 0 26 82 \/ 61 363info@vhs-burgenland.at Gesundheit &amp; Bewegung.\u00a0 Fit und aktiv\u00a0 Unsere Bewegungskurse bieten eine vielf\u00e4ltige Auswahl f\u00fcr alle, die fit bleiben, Stress abbauen oder einfach Spa\u00df an Bewegung haben. \u00a0 Vielf\u00e4ltige Kursangebote Bei uns finden Sie ein breites Spektrum an Bewegungskursen, die auf unterschiedliche Bed\u00fcrfnisse und Interessen zugeschnitten sind. Egal, ob Sie [&hellip;]<\/p>\n","protected":false},"author":1,"featured_media":0,"parent":263,"menu_order":0,"comment_status":"closed","ping_status":"closed","template":"","meta":{"ocean_post_layout":"","ocean_both_sidebars_style":"","ocean_both_sidebars_content_width":0,"ocean_both_sidebars_sidebars_width":0,"ocean_sidebar":"","ocean_second_sidebar":"","ocean_disable_margins":"enable","ocean_add_body_class":"","ocean_shortcode_before_top_bar":"","ocean_shortcode_after_top_bar":"","ocean_shortcode_before_header":"","ocean_shortcode_after_header":"","ocean_has_shortcode":"","ocean_shortcode_after_title":"","ocean_shortcode_before_footer_widgets":"","ocean_shortcode_after_footer_widgets":"","ocean_shortcode_before_footer_bottom":"","ocean_shortcode_after_footer_bottom":"","ocean_display_top_bar":"default","ocean_display_header":"default","ocean_header_style":"","ocean_center_header_left_menu":"","ocean_custom_header_template":"","ocean_custom_logo":0,"ocean_custom_retina_logo":0,"ocean_custom_logo_max_width":0,"ocean_custom_logo_tablet_max_width":0,"ocean_custom_logo_mobile_max_width":0,"ocean_custom_logo_max_height":0,"ocean_custom_logo_tablet_max_height":0,"ocean_custom_logo_mobile_max_height":0,"ocean_header_custom_menu":"","ocean_menu_typo_font_family":"","ocean_menu_typo_font_subset":"","ocean_menu_typo_font_size":0,"ocean_menu_typo_font_size_tablet":0,"ocean_menu_typo_font_size_mobile":0,"ocean_menu_typo_font_size_unit":"px","ocean_menu_typo_font_weight":"","ocean_menu_typo_font_weight_tablet":"","ocean_menu_typo_font_weight_mobile":"","ocean_menu_typo_transform":"","ocean_menu_typo_transform_tablet":"","ocean_menu_typo_transform_mobile":"","ocean_menu_typo_line_height":0,"ocean_menu_typo_line_height_tablet":0,"ocean_menu_typo_line_height_mobile":0,"ocean_menu_typo_line_height_unit":"","ocean_menu_typo_spacing":0,"ocean_menu_typo_spacing_tablet":0,"ocean_menu_typo_spacing_mobile":0,"ocean_menu_typo_spacing_unit":"","ocean_menu_link_color":"","ocean_menu_link_color_hover":"","ocean_menu_link_color_active":"","ocean_menu_link_background":"","ocean_menu_link_hover_background":"","ocean_menu_link_active_background":"","ocean_menu_social_links_bg":"","ocean_menu_social_hover_links_bg":"","ocean_menu_social_links_color":"","ocean_menu_social_hover_links_color":"","ocean_disable_title":"default","ocean_disable_heading":"default","ocean_post_title":"","ocean_post_subheading":"","ocean_post_title_style":"","ocean_post_title_background_color":"","ocean_post_title_background":0,"ocean_post_title_bg_image_position":"","ocean_post_title_bg_image_attachment":"","ocean_post_title_bg_image_repeat":"","ocean_post_title_bg_image_size":"","ocean_post_title_height":0,"ocean_post_title_bg_overlay":0.5,"ocean_post_title_bg_overlay_color":"","ocean_disable_breadcrumbs":"default","ocean_breadcrumbs_color":"","ocean_breadcrumbs_separator_color":"","ocean_breadcrumbs_links_color":"","ocean_breadcrumbs_links_hover_color":"","ocean_display_footer_widgets":"default","ocean_display_footer_bottom":"default","ocean_custom_footer_template":"","osh_disable_topbar_sticky":"default","osh_disable_header_sticky":"default","osh_sticky_header_style":"default","osh_sticky_header_effect":"","osh_custom_sticky_logo":0,"osh_custom_retina_sticky_logo":0,"osh_custom_sticky_logo_height":0,"osh_background_color":"","osh_links_color":"","osh_links_hover_color":"","osh_links_active_color":"","osh_links_bg_color":"","osh_links_hover_bg_color":"","osh_links_active_bg_color":"","osh_menu_social_links_color":"","osh_menu_social_hover_links_color":"","_mc_calendar":[],"footnotes":""},"class_list":["post-4245","page","type-page","status-publish","hentry","entry"],"yoast_head":"<!-- This site is optimized with the Yoast SEO plugin v27.2 - https:\/\/yoast.com\/product\/yoast-seo-wordpress\/ -->\n<title>Gesundheit &amp; Bewegung - VHS Burgenl\u00e4ndische Volkshochschulen<\/title>\n<meta name=\"description\" content=\"Gesundheit und Bewegung Burgenl\u00e4ndische Volkshochschulen\" \/>\n<meta name=\"robots\" content=\"index, follow, max-snippet:-1, max-image-preview:large, max-video-preview:-1\" \/>\n<link rel=\"canonical\" href=\"https:\/\/www.vhs-burgenland.at\/wp_neu\/angebot\/gesundheit-bewegung\/\" \/>\n<meta property=\"og:locale\" content=\"de_DE\" \/>\n<meta property=\"og:type\" content=\"article\" \/>\n<meta property=\"og:title\" content=\"Gesundheit &amp; Bewegung - VHS Burgenl\u00e4ndische Volkshochschulen\" \/>\n<meta property=\"og:description\" content=\"Gesundheit und Bewegung Burgenl\u00e4ndische Volkshochschulen\" \/>\n<meta property=\"og:url\" content=\"https:\/\/www.vhs-burgenland.at\/wp_neu\/angebot\/gesundheit-bewegung\/\" \/>\n<meta property=\"og:site_name\" content=\"VHS Burgenl\u00e4ndische Volkshochschulen\" \/>\n<meta property=\"article:publisher\" content=\"https:\/\/www.facebook.com\/BurgenlaendischeVolkshochschulen\/\" \/>\n<meta property=\"article:modified_time\" content=\"2025-10-01T08:24:56+00:00\" \/>\n<meta property=\"og:image\" content=\"https:\/\/www.vhs-burgenland.at\/wp_neu\/wp-content\/uploads\/2025\/06\/Symbol-Gesundheit-Bewergung-150x150.png\" \/>\n<meta name=\"twitter:card\" content=\"summary_large_image\" \/>\n<meta name=\"twitter:label1\" content=\"Gesch\u00e4tzte Lesezeit\" \/>\n\t<meta name=\"twitter:data1\" content=\"2 Minuten\" \/>\n<script type=\"application\/ld+json\" class=\"yoast-schema-graph\">{\"@context\":\"https:\/\/schema.org\",\"@graph\":[{\"@type\":\"WebPage\",\"@id\":\"https:\/\/www.vhs-burgenland.at\/wp_neu\/angebot\/gesundheit-bewegung\/\",\"url\":\"https:\/\/www.vhs-burgenland.at\/wp_neu\/angebot\/gesundheit-bewegung\/\",\"name\":\"Gesundheit &amp; Bewegung - VHS Burgenl\u00e4ndische Volkshochschulen\",\"isPartOf\":{\"@id\":\"https:\/\/www.vhs-burgenland.at\/wp_neu\/#website\"},\"primaryImageOfPage\":{\"@id\":\"https:\/\/www.vhs-burgenland.at\/wp_neu\/angebot\/gesundheit-bewegung\/#primaryimage\"},\"image\":{\"@id\":\"https:\/\/www.vhs-burgenland.at\/wp_neu\/angebot\/gesundheit-bewegung\/#primaryimage\"},\"thumbnailUrl\":\"https:\/\/www.vhs-burgenland.at\/wp_neu\/wp-content\/uploads\/2025\/06\/Symbol-Gesundheit-Bewergung-150x150.png\",\"datePublished\":\"2025-06-12T07:08:23+00:00\",\"dateModified\":\"2025-10-01T08:24:56+00:00\",\"description\":\"Gesundheit und Bewegung Burgenl\u00e4ndische Volkshochschulen\",\"breadcrumb\":{\"@id\":\"https:\/\/www.vhs-burgenland.at\/wp_neu\/angebot\/gesundheit-bewegung\/#breadcrumb\"},\"inLanguage\":\"de-AT\",\"potentialAction\":[{\"@type\":\"ReadAction\",\"target\":[\"https:\/\/www.vhs-burgenland.at\/wp_neu\/angebot\/gesundheit-bewegung\/\"]}]},{\"@type\":\"ImageObject\",\"inLanguage\":\"de-AT\",\"@id\":\"https:\/\/www.vhs-burgenland.at\/wp_neu\/angebot\/gesundheit-bewegung\/#primaryimage\",\"url\":\"https:\/\/www.vhs-burgenland.at\/wp_neu\/wp-content\/uploads\/2025\/06\/Symbol-Gesundheit-Bewergung.png\",\"contentUrl\":\"https:\/\/www.vhs-burgenland.at\/wp_neu\/wp-content\/uploads\/2025\/06\/Symbol-Gesundheit-Bewergung.png\",\"width\":512,\"height\":512,\"caption\":\"Symbol Mensch mit Herz\"},{\"@type\":\"BreadcrumbList\",\"@id\":\"https:\/\/www.vhs-burgenland.at\/wp_neu\/angebot\/gesundheit-bewegung\/#breadcrumb\",\"itemListElement\":[{\"@type\":\"ListItem\",\"position\":1,\"name\":\"Startseite\",\"item\":\"https:\/\/www.vhs-burgenland.at\/wp_neu\/\"},{\"@type\":\"ListItem\",\"position\":2,\"name\":\"Angebot\",\"item\":\"https:\/\/www.vhs-burgenland.at\/wp_neu\/angebot\/\"},{\"@type\":\"ListItem\",\"position\":3,\"name\":\"Gesundheit &amp; Bewegung\"}]},{\"@type\":\"WebSite\",\"@id\":\"https:\/\/www.vhs-burgenland.at\/wp_neu\/#website\",\"url\":\"https:\/\/www.vhs-burgenland.at\/wp_neu\/\",\"name\":\"VHS Burgenl\u00e4ndische Volkshochschulen\",\"description\":\"Wir sind, wo Sie sind!\",\"publisher\":{\"@id\":\"https:\/\/www.vhs-burgenland.at\/wp_neu\/#organization\"},\"potentialAction\":[{\"@type\":\"SearchAction\",\"target\":{\"@type\":\"EntryPoint\",\"urlTemplate\":\"https:\/\/www.vhs-burgenland.at\/wp_neu\/?s={search_term_string}\"},\"query-input\":{\"@type\":\"PropertyValueSpecification\",\"valueRequired\":true,\"valueName\":\"search_term_string\"}}],\"inLanguage\":\"de-AT\"},{\"@type\":\"Organization\",\"@id\":\"https:\/\/www.vhs-burgenland.at\/wp_neu\/#organization\",\"name\":\"VHS Burgenl\u00e4ndische Volkshochschulen\",\"url\":\"https:\/\/www.vhs-burgenland.at\/wp_neu\/\",\"logo\":{\"@type\":\"ImageObject\",\"inLanguage\":\"de-AT\",\"@id\":\"https:\/\/www.vhs-burgenland.at\/wp_neu\/#\/schema\/logo\/image\/\",\"url\":\"https:\/\/www.vhs-burgenland.at\/wp_neu\/wp-content\/uploads\/2025\/05\/vhs_logo_kl.png\",\"contentUrl\":\"https:\/\/www.vhs-burgenland.at\/wp_neu\/wp-content\/uploads\/2025\/05\/vhs_logo_kl.png\",\"width\":250,\"height\":52,\"caption\":\"VHS Burgenl\u00e4ndische Volkshochschulen\"},\"image\":{\"@id\":\"https:\/\/www.vhs-burgenland.at\/wp_neu\/#\/schema\/logo\/image\/\"},\"sameAs\":[\"https:\/\/www.facebook.com\/BurgenlaendischeVolkshochschulen\/\",\"https:\/\/www.instagram.com\/vhsburgenland\",\"https:\/\/www.youtube.com\/@burgenlandischevolkshochsc6605\",\"https:\/\/bsky.app\/profile\/vhsburgenland.bsky.social\"]}]}<\/script>\n<!-- \/ Yoast SEO plugin. -->","yoast_head_json":{"title":"Gesundheit &amp; Bewegung - VHS Burgenl\u00e4ndische Volkshochschulen","description":"Gesundheit und Bewegung Burgenl\u00e4ndische Volkshochschulen","robots":{"index":"index","follow":"follow","max-snippet":"max-snippet:-1","max-image-preview":"max-image-preview:large","max-video-preview":"max-video-preview:-1"},"canonical":"https:\/\/www.vhs-burgenland.at\/wp_neu\/angebot\/gesundheit-bewegung\/","og_locale":"de_DE","og_type":"article","og_title":"Gesundheit &amp; Bewegung - VHS Burgenl\u00e4ndische Volkshochschulen","og_description":"Gesundheit und Bewegung Burgenl\u00e4ndische Volkshochschulen","og_url":"https:\/\/www.vhs-burgenland.at\/wp_neu\/angebot\/gesundheit-bewegung\/","og_site_name":"VHS Burgenl\u00e4ndische Volkshochschulen","article_publisher":"https:\/\/www.facebook.com\/BurgenlaendischeVolkshochschulen\/","article_modified_time":"2025-10-01T08:24:56+00:00","og_image":[{"url":"https:\/\/www.vhs-burgenland.at\/wp_neu\/wp-content\/uploads\/2025\/06\/Symbol-Gesundheit-Bewergung-150x150.png","type":"","width":"","height":""}],"twitter_card":"summary_large_image","twitter_misc":{"Gesch\u00e4tzte Lesezeit":"2 Minuten"},"schema":{"@context":"https:\/\/schema.org","@graph":[{"@type":"WebPage","@id":"https:\/\/www.vhs-burgenland.at\/wp_neu\/angebot\/gesundheit-bewegung\/","url":"https:\/\/www.vhs-burgenland.at\/wp_neu\/angebot\/gesundheit-bewegung\/","name":"Gesundheit &amp; Bewegung - VHS Burgenl\u00e4ndische Volkshochschulen","isPartOf":{"@id":"https:\/\/www.vhs-burgenland.at\/wp_neu\/#website"},"primaryImageOfPage":{"@id":"https:\/\/www.vhs-burgenland.at\/wp_neu\/angebot\/gesundheit-bewegung\/#primaryimage"},"image":{"@id":"https:\/\/www.vhs-burgenland.at\/wp_neu\/angebot\/gesundheit-bewegung\/#primaryimage"},"thumbnailUrl":"https:\/\/www.vhs-burgenland.at\/wp_neu\/wp-content\/uploads\/2025\/06\/Symbol-Gesundheit-Bewergung-150x150.png","datePublished":"2025-06-12T07:08:23+00:00","dateModified":"2025-10-01T08:24:56+00:00","description":"Gesundheit und Bewegung Burgenl\u00e4ndische Volkshochschulen","breadcrumb":{"@id":"https:\/\/www.vhs-burgenland.at\/wp_neu\/angebot\/gesundheit-bewegung\/#breadcrumb"},"inLanguage":"de-AT","potentialAction":[{"@type":"ReadAction","target":["https:\/\/www.vhs-burgenland.at\/wp_neu\/angebot\/gesundheit-bewegung\/"]}]},{"@type":"ImageObject","inLanguage":"de-AT","@id":"https:\/\/www.vhs-burgenland.at\/wp_neu\/angebot\/gesundheit-bewegung\/#primaryimage","url":"https:\/\/www.vhs-burgenland.at\/wp_neu\/wp-content\/uploads\/2025\/06\/Symbol-Gesundheit-Bewergung.png","contentUrl":"https:\/\/www.vhs-burgenland.at\/wp_neu\/wp-content\/uploads\/2025\/06\/Symbol-Gesundheit-Bewergung.png","width":512,"height":512,"caption":"Symbol Mensch mit Herz"},{"@type":"BreadcrumbList","@id":"https:\/\/www.vhs-burgenland.at\/wp_neu\/angebot\/gesundheit-bewegung\/#breadcrumb","itemListElement":[{"@type":"ListItem","position":1,"name":"Startseite","item":"https:\/\/www.vhs-burgenland.at\/wp_neu\/"},{"@type":"ListItem","position":2,"name":"Angebot","item":"https:\/\/www.vhs-burgenland.at\/wp_neu\/angebot\/"},{"@type":"ListItem","position":3,"name":"Gesundheit &amp; Bewegung"}]},{"@type":"WebSite","@id":"https:\/\/www.vhs-burgenland.at\/wp_neu\/#website","url":"https:\/\/www.vhs-burgenland.at\/wp_neu\/","name":"VHS Burgenl\u00e4ndische Volkshochschulen","description":"Wir sind, wo Sie sind!","publisher":{"@id":"https:\/\/www.vhs-burgenland.at\/wp_neu\/#organization"},"potentialAction":[{"@type":"SearchAction","target":{"@type":"EntryPoint","urlTemplate":"https:\/\/www.vhs-burgenland.at\/wp_neu\/?s={search_term_string}"},"query-input":{"@type":"PropertyValueSpecification","valueRequired":true,"valueName":"search_term_string"}}],"inLanguage":"de-AT"},{"@type":"Organization","@id":"https:\/\/www.vhs-burgenland.at\/wp_neu\/#organization","name":"VHS Burgenl\u00e4ndische Volkshochschulen","url":"https:\/\/www.vhs-burgenland.at\/wp_neu\/","logo":{"@type":"ImageObject","inLanguage":"de-AT","@id":"https:\/\/www.vhs-burgenland.at\/wp_neu\/#\/schema\/logo\/image\/","url":"https:\/\/www.vhs-burgenland.at\/wp_neu\/wp-content\/uploads\/2025\/05\/vhs_logo_kl.png","contentUrl":"https:\/\/www.vhs-burgenland.at\/wp_neu\/wp-content\/uploads\/2025\/05\/vhs_logo_kl.png","width":250,"height":52,"caption":"VHS Burgenl\u00e4ndische Volkshochschulen"},"image":{"@id":"https:\/\/www.vhs-burgenland.at\/wp_neu\/#\/schema\/logo\/image\/"},"sameAs":["https:\/\/www.facebook.com\/BurgenlaendischeVolkshochschulen\/","https:\/\/www.instagram.com\/vhsburgenland","https:\/\/www.youtube.com\/@burgenlandischevolkshochsc6605","https:\/\/bsky.app\/profile\/vhsburgenland.bsky.social"]}]}},"_links":{"self":[{"href":"https:\/\/www.vhs-burgenland.at\/wp_neu\/wp-json\/wp\/v2\/pages\/4245","targetHints":{"allow":["GET"]}}],"collection":[{"href":"https:\/\/www.vhs-burgenland.at\/wp_neu\/wp-json\/wp\/v2\/pages"}],"about":[{"href":"https:\/\/www.vhs-burgenland.at\/wp_neu\/wp-json\/wp\/v2\/types\/page"}],"author":[{"embeddable":true,"href":"https:\/\/www.vhs-burgenland.at\/wp_neu\/wp-json\/wp\/v2\/users\/1"}],"replies":[{"embeddable":true,"href":"https:\/\/www.vhs-burgenland.at\/wp_neu\/wp-json\/wp\/v2\/comments?post=4245"}],"version-history":[{"count":22,"href":"https:\/\/www.vhs-burgenland.at\/wp_neu\/wp-json\/wp\/v2\/pages\/4245\/revisions"}],"predecessor-version":[{"id":4559,"href":"https:\/\/www.vhs-burgenland.at\/wp_neu\/wp-json\/wp\/v2\/pages\/4245\/revisions\/4559"}],"up":[{"embeddable":true,"href":"https:\/\/www.vhs-burgenland.at\/wp_neu\/wp-json\/wp\/v2\/pages\/263"}],"wp:attachment":[{"href":"https:\/\/www.vhs-burgenland.at\/wp_neu\/wp-json\/wp\/v2\/media?parent=4245"}],"curies":[{"name":"wp","href":"https:\/\/api.w.org\/{rel}","templated":true}]}}