{"id":287,"date":"2025-05-06T09:07:49","date_gmt":"2025-05-06T07:07:49","guid":{"rendered":"https:\/\/www.vhs-burgenland.at\/wp_neu\/?page_id=287"},"modified":"2025-10-01T10:35:54","modified_gmt":"2025-10-01T08:35:54","slug":"sprachen","status":"publish","type":"page","link":"https:\/\/www.vhs-burgenland.at\/wp_neu\/angebot\/sprachen\/","title":{"rendered":"Sprachen"},"content":{"rendered":"\t\t<div data-elementor-type=\"wp-page\" data-elementor-id=\"287\" class=\"elementor elementor-287\">\n\t\t\t\t<div class=\"elementor-element elementor-element-1855282 e-flex e-con-boxed e-con e-parent\" data-id=\"1855282\" data-element_type=\"container\" data-e-type=\"container\">\n\t\t\t\t\t<div class=\"e-con-inner\">\n\t\t<div class=\"elementor-element elementor-element-2a7b61f e-con-full e-flex e-con e-child\" data-id=\"2a7b61f\" data-element_type=\"container\" data-e-type=\"container\">\n\t\t\t\t<div class=\"elementor-element elementor-element-c3bfdf3 elementor-widget__width-initial elementor-icon-list--layout-traditional elementor-list-item-link-full_width elementor-widget elementor-widget-icon-list\" data-id=\"c3bfdf3\" data-element_type=\"widget\" data-e-type=\"widget\" data-widget_type=\"icon-list.default\">\n\t\t\t\t<div class=\"elementor-widget-container\">\n\t\t\t\t\t\t\t<ul class=\"elementor-icon-list-items\">\n\t\t\t\t\t\t\t<li class=\"elementor-icon-list-item\">\n\t\t\t\t\t\t\t\t\t\t\t<a href=\"https:\/\/www.vhs-burgenland.at\/wp_neu\/angebot\/sprachen\/deutsch-als-fremdsprache\/\">\n\n\t\t\t\t\t\t\t\t\t\t\t\t<span class=\"elementor-icon-list-icon\">\n\t\t\t\t\t\t\t<svg aria-hidden=\"true\" class=\"e-font-icon-svg e-fas-chevron-right\" viewBox=\"0 0 320 512\" xmlns=\"http:\/\/www.w3.org\/2000\/svg\"><path d=\"M285.476 272.971L91.132 467.314c-9.373 9.373-24.569 9.373-33.941 0l-22.667-22.667c-9.357-9.357-9.375-24.522-.04-33.901L188.505 256 34.484 101.255c-9.335-9.379-9.317-24.544.04-33.901l22.667-22.667c9.373-9.373 24.569-9.373 33.941 0L285.475 239.03c9.373 9.372 9.373 24.568.001 33.941z\"><\/path><\/svg>\t\t\t\t\t\t<\/span>\n\t\t\t\t\t\t\t\t\t\t<span class=\"elementor-icon-list-text\">Deutsch als Fremdsprache<\/span>\n\t\t\t\t\t\t\t\t\t\t\t<\/a>\n\t\t\t\t\t\t\t\t\t<\/li>\n\t\t\t\t\t\t\t\t<li class=\"elementor-icon-list-item\">\n\t\t\t\t\t\t\t\t\t\t\t<a href=\"https:\/\/www.vhs-burgenland.at\/wp_neu\/angebot\/sprachen\/sprachniveaus\/\">\n\n\t\t\t\t\t\t\t\t\t\t\t\t<span class=\"elementor-icon-list-icon\">\n\t\t\t\t\t\t\t<svg aria-hidden=\"true\" class=\"e-font-icon-svg e-fas-chevron-right\" viewBox=\"0 0 320 512\" xmlns=\"http:\/\/www.w3.org\/2000\/svg\"><path d=\"M285.476 272.971L91.132 467.314c-9.373 9.373-24.569 9.373-33.941 0l-22.667-22.667c-9.357-9.357-9.375-24.522-.04-33.901L188.505 256 34.484 101.255c-9.335-9.379-9.317-24.544.04-33.901l22.667-22.667c9.373-9.373 24.569-9.373 33.941 0L285.475 239.03c9.373 9.372 9.373 24.568.001 33.941z\"><\/path><\/svg>\t\t\t\t\t\t<\/span>\n\t\t\t\t\t\t\t\t\t\t<span class=\"elementor-icon-list-text\">Sprachniveaus<\/span>\n\t\t\t\t\t\t\t\t\t\t\t<\/a>\n\t\t\t\t\t\t\t\t\t<\/li>\n\t\t\t\t\t\t\t\t<li class=\"elementor-icon-list-item\">\n\t\t\t\t\t\t\t\t\t\t\t<a href=\"https:\/\/www.vhs-burgenland.at\/wp_neu\/angebot\/sprachen\/sprachen-angebot\/\">\n\n\t\t\t\t\t\t\t\t\t\t\t\t<span class=\"elementor-icon-list-icon\">\n\t\t\t\t\t\t\t<svg aria-hidden=\"true\" class=\"e-font-icon-svg e-fas-chevron-right\" viewBox=\"0 0 320 512\" xmlns=\"http:\/\/www.w3.org\/2000\/svg\"><path d=\"M285.476 272.971L91.132 467.314c-9.373 9.373-24.569 9.373-33.941 0l-22.667-22.667c-9.357-9.357-9.375-24.522-.04-33.901L188.505 256 34.484 101.255c-9.335-9.379-9.317-24.544.04-33.901l22.667-22.667c9.373-9.373 24.569-9.373 33.941 0L285.475 239.03c9.373 9.372 9.373 24.568.001 33.941z\"><\/path><\/svg>\t\t\t\t\t\t<\/span>\n\t\t\t\t\t\t\t\t\t\t<span class=\"elementor-icon-list-text\">Sprachen Angebot<\/span>\n\t\t\t\t\t\t\t\t\t\t\t<\/a>\n\t\t\t\t\t\t\t\t\t<\/li>\n\t\t\t\t\t\t\t\t<li class=\"elementor-icon-list-item\">\n\t\t\t\t\t\t\t\t\t\t\t<a href=\"https:\/\/www.vhs-burgenland.at\/wp_neu\/angebot\/sprachen\/sprachzertifikate\/\">\n\n\t\t\t\t\t\t\t\t\t\t\t\t<span class=\"elementor-icon-list-icon\">\n\t\t\t\t\t\t\t<svg aria-hidden=\"true\" class=\"e-font-icon-svg e-fas-chevron-right\" viewBox=\"0 0 320 512\" xmlns=\"http:\/\/www.w3.org\/2000\/svg\"><path d=\"M285.476 272.971L91.132 467.314c-9.373 9.373-24.569 9.373-33.941 0l-22.667-22.667c-9.357-9.357-9.375-24.522-.04-33.901L188.505 256 34.484 101.255c-9.335-9.379-9.317-24.544.04-33.901l22.667-22.667c9.373-9.373 24.569-9.373 33.941 0L285.475 239.03c9.373 9.372 9.373 24.568.001 33.941z\"><\/path><\/svg>\t\t\t\t\t\t<\/span>\n\t\t\t\t\t\t\t\t\t\t<span class=\"elementor-icon-list-text\">Sprachzertifikate<\/span>\n\t\t\t\t\t\t\t\t\t\t\t<\/a>\n\t\t\t\t\t\t\t\t\t<\/li>\n\t\t\t\t\t\t<\/ul>\n\t\t\t\t\t\t<\/div>\n\t\t\t\t<\/div>\n\t\t<div class=\"elementor-element elementor-element-86ba694 e-con-full e-flex e-con e-child\" data-id=\"86ba694\" data-element_type=\"container\" data-e-type=\"container\" data-settings=\"{&quot;background_background&quot;:&quot;classic&quot;}\">\n\t\t\t\t<div class=\"elementor-element elementor-element-7678cd3 elementor-view-default elementor-widget elementor-widget-icon\" data-id=\"7678cd3\" data-element_type=\"widget\" data-e-type=\"widget\" data-widget_type=\"icon.default\">\n\t\t\t\t<div class=\"elementor-widget-container\">\n\t\t\t\t\t\t\t<div class=\"elementor-icon-wrapper\">\n\t\t\t<div class=\"elementor-icon\">\n\t\t\t<svg aria-hidden=\"true\" class=\"e-font-icon-svg e-fas-info-circle\" viewBox=\"0 0 512 512\" xmlns=\"http:\/\/www.w3.org\/2000\/svg\"><path d=\"M256 8C119.043 8 8 119.083 8 256c0 136.997 111.043 248 248 248s248-111.003 248-248C504 119.083 392.957 8 256 8zm0 110c23.196 0 42 18.804 42 42s-18.804 42-42 42-42-18.804-42-42 18.804-42 42-42zm56 254c0 6.627-5.373 12-12 12h-88c-6.627 0-12-5.373-12-12v-24c0-6.627 5.373-12 12-12h12v-64h-12c-6.627 0-12-5.373-12-12v-24c0-6.627 5.373-12 12-12h64c6.627 0 12 5.373 12 12v100h12c6.627 0 12 5.373 12 12v24z\"><\/path><\/svg>\t\t\t<\/div>\n\t\t<\/div>\n\t\t\t\t\t\t<\/div>\n\t\t\t\t<\/div>\n\t\t\t\t<div class=\"elementor-element elementor-element-508171a elementor-widget elementor-widget-text-editor\" data-id=\"508171a\" data-element_type=\"widget\" data-e-type=\"widget\" data-widget_type=\"text-editor.default\">\n\t\t\t\t<div class=\"elementor-widget-container\">\n\t\t\t\t\t\t\t\t\t<p><b>Information<\/b><\/p><p><span class=\"style_9\">0 26 82 \/ 61 363<br \/><\/span><a href=\"mailto:sprachen@vhs-burgenland.at?subject=\">sprachen@vhs-burgenland.at<\/a><\/p><p>\u00a0<\/p>\t\t\t\t\t\t\t\t<\/div>\n\t\t\t\t<\/div>\n\t\t\t\t<\/div>\n\t\t\t\t<\/div>\n\t\t\t\t<div class=\"elementor-element elementor-element-3c9f301 elementor-widget elementor-widget-text-editor\" data-id=\"3c9f301\" data-element_type=\"widget\" data-e-type=\"widget\" data-widget_type=\"text-editor.default\">\n\t\t\t\t<div class=\"elementor-widget-container\">\n\t\t\t\t\t\t\t\t\t<div class=\"wpb_text_column wpb_content_element \"><h2><strong>Sprachen \u2013 Ihr Tor zur Welt<\/strong><\/h2><p data-start=\"48\" data-end=\"294\"><img decoding=\"async\" class=\"alignleft wp-image-3673\" src=\"https:\/\/www.vhs-burgenland.at\/wp_neu\/wp-content\/uploads\/2025\/06\/Symbol-Sprachen-150x150.png\" alt=\"Symbol mit verschiedenen Sprachen\" width=\"100\" height=\"100\" srcset=\"https:\/\/www.vhs-burgenland.at\/wp_neu\/wp-content\/uploads\/2025\/06\/Symbol-Sprachen-150x150.png 150w, https:\/\/www.vhs-burgenland.at\/wp_neu\/wp-content\/uploads\/2025\/06\/Symbol-Sprachen-300x300.png 300w, https:\/\/www.vhs-burgenland.at\/wp_neu\/wp-content\/uploads\/2025\/06\/Symbol-Sprachen.png 512w\" sizes=\"(max-width: 100px) 100vw, 100px\" \/>Stellen Sie sich vor, Sie unterhalten sich m\u00fchelos auf <strong data-start=\"103\" data-end=\"126\">Spanisch in Sevilla<\/strong> oder diskutieren auf <strong data-start=\"148\" data-end=\"185\">Franz\u00f6sisch in einem Pariser Caf\u00e9<\/strong>. Sprachkurse sind weit mehr als Vokabeln und Grammatik \u2013 sie er\u00f6ffnen neue M\u00f6glichkeiten und Verbindungen.<\/p><p data-start=\"296\" data-end=\"525\">Wir bieten ein breites Kursangebot in <strong data-start=\"334\" data-end=\"493\">Deutsch als Fremdsprache, Englisch, Ungarisch, Kroatisch, Roman, Italienisch, Slowenisch, Franz\u00f6sisch, Spanisch, T\u00fcrkisch, Russisch, Griechisch, Slowakisch<\/strong> und vielen weiteren Sprachen.<\/p><p data-start=\"527\" data-end=\"746\" data-is-last-node=\"\" data-is-only-node=\"\">Unsere Kurse richten sich an alle, die ihre Sprachkenntnisse verbessern oder eine neue Sprache von Grund auf lernen m\u00f6chten. Werden Sie Teil unserer Sprachgemeinschaft und entdecken Sie die Welt durch neue Perspektiven!<\/p><\/div>\t\t\t\t\t\t\t\t<\/div>\n\t\t\t\t<\/div>\n\t\t\t\t\t<\/div>\n\t\t\t\t<\/div>\n\t\t\t\t<\/div>\n\t\t","protected":false},"excerpt":{"rendered":"<p>Deutsch als Fremdsprache Sprachniveaus Sprachen Angebot Sprachzertifikate Information 0 26 82 \/ 61 363sprachen@vhs-burgenland.at \u00a0 Sprachen \u2013 Ihr Tor zur Welt Stellen Sie sich vor, Sie unterhalten sich m\u00fchelos auf Spanisch in Sevilla oder diskutieren auf Franz\u00f6sisch in einem Pariser Caf\u00e9. Sprachkurse sind weit mehr als Vokabeln und Grammatik \u2013 sie er\u00f6ffnen neue M\u00f6glichkeiten und [&hellip;]<\/p>\n","protected":false},"author":1,"featured_media":0,"parent":263,"menu_order":0,"comment_status":"closed","ping_status":"closed","template":"","meta":{"_eb_attr":"","ocean_post_layout":"","ocean_both_sidebars_style":"","ocean_both_sidebars_content_width":0,"ocean_both_sidebars_sidebars_width":0,"ocean_sidebar":"","ocean_second_sidebar":"","ocean_disable_margins":"enable","ocean_add_body_class":"","ocean_shortcode_before_top_bar":"","ocean_shortcode_after_top_bar":"","ocean_shortcode_before_header":"","ocean_shortcode_after_header":"","ocean_has_shortcode":"","ocean_shortcode_after_title":"","ocean_shortcode_before_footer_widgets":"","ocean_shortcode_after_footer_widgets":"","ocean_shortcode_before_footer_bottom":"","ocean_shortcode_after_footer_bottom":"","ocean_display_top_bar":"default","ocean_display_header":"default","ocean_header_style":"","ocean_center_header_left_menu":"","ocean_custom_header_template":"","ocean_custom_logo":0,"ocean_custom_retina_logo":0,"ocean_custom_logo_max_width":0,"ocean_custom_logo_tablet_max_width":0,"ocean_custom_logo_mobile_max_width":0,"ocean_custom_logo_max_height":0,"ocean_custom_logo_tablet_max_height":0,"ocean_custom_logo_mobile_max_height":0,"ocean_header_custom_menu":"","ocean_menu_typo_font_family":"","ocean_menu_typo_font_subset":"","ocean_menu_typo_font_size":0,"ocean_menu_typo_font_size_tablet":0,"ocean_menu_typo_font_size_mobile":0,"ocean_menu_typo_font_size_unit":"px","ocean_menu_typo_font_weight":"","ocean_menu_typo_font_weight_tablet":"","ocean_menu_typo_font_weight_mobile":"","ocean_menu_typo_transform":"","ocean_menu_typo_transform_tablet":"","ocean_menu_typo_transform_mobile":"","ocean_menu_typo_line_height":0,"ocean_menu_typo_line_height_tablet":0,"ocean_menu_typo_line_height_mobile":0,"ocean_menu_typo_line_height_unit":"","ocean_menu_typo_spacing":0,"ocean_menu_typo_spacing_tablet":0,"ocean_menu_typo_spacing_mobile":0,"ocean_menu_typo_spacing_unit":"","ocean_menu_link_color":"","ocean_menu_link_color_hover":"","ocean_menu_link_color_active":"","ocean_menu_link_background":"","ocean_menu_link_hover_background":"","ocean_menu_link_active_background":"","ocean_menu_social_links_bg":"","ocean_menu_social_hover_links_bg":"","ocean_menu_social_links_color":"","ocean_menu_social_hover_links_color":"","ocean_disable_title":"default","ocean_disable_heading":"default","ocean_post_title":"","ocean_post_subheading":"","ocean_post_title_style":"","ocean_post_title_background_color":"","ocean_post_title_background":0,"ocean_post_title_bg_image_position":"","ocean_post_title_bg_image_attachment":"","ocean_post_title_bg_image_repeat":"","ocean_post_title_bg_image_size":"","ocean_post_title_height":0,"ocean_post_title_bg_overlay":0.5,"ocean_post_title_bg_overlay_color":"","ocean_disable_breadcrumbs":"default","ocean_breadcrumbs_color":"","ocean_breadcrumbs_separator_color":"","ocean_breadcrumbs_links_color":"","ocean_breadcrumbs_links_hover_color":"","ocean_display_footer_widgets":"default","ocean_display_footer_bottom":"default","ocean_custom_footer_template":"","osh_disable_topbar_sticky":"default","osh_disable_header_sticky":"default","osh_sticky_header_style":"default","osh_sticky_header_effect":"","osh_custom_sticky_logo":0,"osh_custom_retina_sticky_logo":0,"osh_custom_sticky_logo_height":0,"osh_background_color":"","osh_links_color":"","osh_links_hover_color":"","osh_links_active_color":"","osh_links_bg_color":"","osh_links_hover_bg_color":"","osh_links_active_bg_color":"","osh_menu_social_links_color":"","osh_menu_social_hover_links_color":"","_mc_calendar":[],"footnotes":""},"class_list":["post-287","page","type-page","status-publish","hentry","entry"],"yoast_head":"<!-- This site is optimized with the Yoast SEO plugin v27.4 - https:\/\/yoast.com\/product\/yoast-seo-wordpress\/ -->\n<title>Sprachen - VHS Burgenl\u00e4ndische Volkshochschulen<\/title>\n<meta name=\"description\" content=\"Sprachen lernen bei den Burgenl\u00e4ndischen Volkshochschulen: Von Englisch bis Italienisch \u2013 praxisnahe Sprachkurse f\u00fcr Beruf, Reise und Alltag im Burgenland\" \/>\n<meta name=\"robots\" content=\"index, follow, max-snippet:-1, max-image-preview:large, max-video-preview:-1\" \/>\n<link rel=\"canonical\" href=\"https:\/\/www.vhs-burgenland.at\/wp_neu\/angebot\/sprachen\/\" \/>\n<meta property=\"og:locale\" content=\"de_DE\" \/>\n<meta property=\"og:type\" content=\"article\" \/>\n<meta property=\"og:title\" content=\"Sprachen - VHS Burgenl\u00e4ndische Volkshochschulen\" \/>\n<meta property=\"og:description\" content=\"Sprachen lernen bei den Burgenl\u00e4ndischen Volkshochschulen: Von Englisch bis Italienisch \u2013 praxisnahe Sprachkurse f\u00fcr Beruf, Reise und Alltag im Burgenland\" \/>\n<meta property=\"og:url\" content=\"https:\/\/www.vhs-burgenland.at\/wp_neu\/angebot\/sprachen\/\" \/>\n<meta property=\"og:site_name\" content=\"VHS Burgenl\u00e4ndische Volkshochschulen\" \/>\n<meta property=\"article:publisher\" content=\"https:\/\/www.facebook.com\/BurgenlaendischeVolkshochschulen\/\" \/>\n<meta property=\"article:modified_time\" content=\"2025-10-01T08:35:54+00:00\" \/>\n<meta property=\"og:image\" content=\"https:\/\/www.vhs-burgenland.at\/wp_neu\/wp-content\/uploads\/2025\/06\/Symbol-Sprachen-150x150.png\" \/>\n<meta name=\"twitter:card\" content=\"summary_large_image\" \/>\n<meta name=\"twitter:label1\" content=\"Gesch\u00e4tzte Lesezeit\" \/>\n\t<meta name=\"twitter:data1\" content=\"1 Minute\" \/>\n<script type=\"application\/ld+json\" class=\"yoast-schema-graph\">{\"@context\":\"https:\\\/\\\/schema.org\",\"@graph\":[{\"@type\":\"WebPage\",\"@id\":\"https:\\\/\\\/www.vhs-burgenland.at\\\/wp_neu\\\/angebot\\\/sprachen\\\/\",\"url\":\"https:\\\/\\\/www.vhs-burgenland.at\\\/wp_neu\\\/angebot\\\/sprachen\\\/\",\"name\":\"Sprachen - VHS Burgenl\u00e4ndische Volkshochschulen\",\"isPartOf\":{\"@id\":\"https:\\\/\\\/www.vhs-burgenland.at\\\/wp_neu\\\/#website\"},\"primaryImageOfPage\":{\"@id\":\"https:\\\/\\\/www.vhs-burgenland.at\\\/wp_neu\\\/angebot\\\/sprachen\\\/#primaryimage\"},\"image\":{\"@id\":\"https:\\\/\\\/www.vhs-burgenland.at\\\/wp_neu\\\/angebot\\\/sprachen\\\/#primaryimage\"},\"thumbnailUrl\":\"https:\\\/\\\/www.vhs-burgenland.at\\\/wp_neu\\\/wp-content\\\/uploads\\\/2025\\\/06\\\/Symbol-Sprachen-150x150.png\",\"datePublished\":\"2025-05-06T07:07:49+00:00\",\"dateModified\":\"2025-10-01T08:35:54+00:00\",\"description\":\"Sprachen lernen bei den Burgenl\u00e4ndischen Volkshochschulen: Von Englisch bis Italienisch \u2013 praxisnahe Sprachkurse f\u00fcr Beruf, Reise und Alltag im Burgenland\",\"breadcrumb\":{\"@id\":\"https:\\\/\\\/www.vhs-burgenland.at\\\/wp_neu\\\/angebot\\\/sprachen\\\/#breadcrumb\"},\"inLanguage\":\"de-AT\",\"potentialAction\":[{\"@type\":\"ReadAction\",\"target\":[\"https:\\\/\\\/www.vhs-burgenland.at\\\/wp_neu\\\/angebot\\\/sprachen\\\/\"]}]},{\"@type\":\"ImageObject\",\"inLanguage\":\"de-AT\",\"@id\":\"https:\\\/\\\/www.vhs-burgenland.at\\\/wp_neu\\\/angebot\\\/sprachen\\\/#primaryimage\",\"url\":\"https:\\\/\\\/www.vhs-burgenland.at\\\/wp_neu\\\/wp-content\\\/uploads\\\/2025\\\/06\\\/Symbol-Sprachen.png\",\"contentUrl\":\"https:\\\/\\\/www.vhs-burgenland.at\\\/wp_neu\\\/wp-content\\\/uploads\\\/2025\\\/06\\\/Symbol-Sprachen.png\",\"width\":512,\"height\":512,\"caption\":\"Symbol mit verschiedenen Sprachen\"},{\"@type\":\"BreadcrumbList\",\"@id\":\"https:\\\/\\\/www.vhs-burgenland.at\\\/wp_neu\\\/angebot\\\/sprachen\\\/#breadcrumb\",\"itemListElement\":[{\"@type\":\"ListItem\",\"position\":1,\"name\":\"Startseite\",\"item\":\"https:\\\/\\\/www.vhs-burgenland.at\\\/wp_neu\\\/\"},{\"@type\":\"ListItem\",\"position\":2,\"name\":\"Angebot\",\"item\":\"https:\\\/\\\/www.vhs-burgenland.at\\\/wp_neu\\\/angebot\\\/\"},{\"@type\":\"ListItem\",\"position\":3,\"name\":\"Sprachen\"}]},{\"@type\":\"WebSite\",\"@id\":\"https:\\\/\\\/www.vhs-burgenland.at\\\/wp_neu\\\/#website\",\"url\":\"https:\\\/\\\/www.vhs-burgenland.at\\\/wp_neu\\\/\",\"name\":\"VHS Burgenl\u00e4ndische Volkshochschulen\",\"description\":\"Wir sind, wo Sie sind!\",\"publisher\":{\"@id\":\"https:\\\/\\\/www.vhs-burgenland.at\\\/wp_neu\\\/#organization\"},\"potentialAction\":[{\"@type\":\"SearchAction\",\"target\":{\"@type\":\"EntryPoint\",\"urlTemplate\":\"https:\\\/\\\/www.vhs-burgenland.at\\\/wp_neu\\\/?s={search_term_string}\"},\"query-input\":{\"@type\":\"PropertyValueSpecification\",\"valueRequired\":true,\"valueName\":\"search_term_string\"}}],\"inLanguage\":\"de-AT\"},{\"@type\":\"Organization\",\"@id\":\"https:\\\/\\\/www.vhs-burgenland.at\\\/wp_neu\\\/#organization\",\"name\":\"VHS Burgenl\u00e4ndische Volkshochschulen\",\"url\":\"https:\\\/\\\/www.vhs-burgenland.at\\\/wp_neu\\\/\",\"logo\":{\"@type\":\"ImageObject\",\"inLanguage\":\"de-AT\",\"@id\":\"https:\\\/\\\/www.vhs-burgenland.at\\\/wp_neu\\\/#\\\/schema\\\/logo\\\/image\\\/\",\"url\":\"https:\\\/\\\/www.vhs-burgenland.at\\\/wp_neu\\\/wp-content\\\/uploads\\\/2025\\\/05\\\/vhs_logo_kl.png\",\"contentUrl\":\"https:\\\/\\\/www.vhs-burgenland.at\\\/wp_neu\\\/wp-content\\\/uploads\\\/2025\\\/05\\\/vhs_logo_kl.png\",\"width\":250,\"height\":52,\"caption\":\"VHS Burgenl\u00e4ndische Volkshochschulen\"},\"image\":{\"@id\":\"https:\\\/\\\/www.vhs-burgenland.at\\\/wp_neu\\\/#\\\/schema\\\/logo\\\/image\\\/\"},\"sameAs\":[\"https:\\\/\\\/www.facebook.com\\\/BurgenlaendischeVolkshochschulen\\\/\",\"https:\\\/\\\/www.instagram.com\\\/vhsburgenland\",\"https:\\\/\\\/www.youtube.com\\\/@burgenlandischevolkshochsc6605\",\"https:\\\/\\\/bsky.app\\\/profile\\\/vhsburgenland.bsky.social\"]}]}<\/script>\n<!-- \/ Yoast SEO plugin. -->","yoast_head_json":{"title":"Sprachen - VHS Burgenl\u00e4ndische Volkshochschulen","description":"Sprachen lernen bei den Burgenl\u00e4ndischen Volkshochschulen: Von Englisch bis Italienisch \u2013 praxisnahe Sprachkurse f\u00fcr Beruf, Reise und Alltag im Burgenland","robots":{"index":"index","follow":"follow","max-snippet":"max-snippet:-1","max-image-preview":"max-image-preview:large","max-video-preview":"max-video-preview:-1"},"canonical":"https:\/\/www.vhs-burgenland.at\/wp_neu\/angebot\/sprachen\/","og_locale":"de_DE","og_type":"article","og_title":"Sprachen - VHS Burgenl\u00e4ndische Volkshochschulen","og_description":"Sprachen lernen bei den Burgenl\u00e4ndischen Volkshochschulen: Von Englisch bis Italienisch \u2013 praxisnahe Sprachkurse f\u00fcr Beruf, Reise und Alltag im Burgenland","og_url":"https:\/\/www.vhs-burgenland.at\/wp_neu\/angebot\/sprachen\/","og_site_name":"VHS Burgenl\u00e4ndische Volkshochschulen","article_publisher":"https:\/\/www.facebook.com\/BurgenlaendischeVolkshochschulen\/","article_modified_time":"2025-10-01T08:35:54+00:00","og_image":[{"url":"https:\/\/www.vhs-burgenland.at\/wp_neu\/wp-content\/uploads\/2025\/06\/Symbol-Sprachen-150x150.png","type":"","width":"","height":""}],"twitter_card":"summary_large_image","twitter_misc":{"Gesch\u00e4tzte Lesezeit":"1 Minute"},"schema":{"@context":"https:\/\/schema.org","@graph":[{"@type":"WebPage","@id":"https:\/\/www.vhs-burgenland.at\/wp_neu\/angebot\/sprachen\/","url":"https:\/\/www.vhs-burgenland.at\/wp_neu\/angebot\/sprachen\/","name":"Sprachen - VHS Burgenl\u00e4ndische Volkshochschulen","isPartOf":{"@id":"https:\/\/www.vhs-burgenland.at\/wp_neu\/#website"},"primaryImageOfPage":{"@id":"https:\/\/www.vhs-burgenland.at\/wp_neu\/angebot\/sprachen\/#primaryimage"},"image":{"@id":"https:\/\/www.vhs-burgenland.at\/wp_neu\/angebot\/sprachen\/#primaryimage"},"thumbnailUrl":"https:\/\/www.vhs-burgenland.at\/wp_neu\/wp-content\/uploads\/2025\/06\/Symbol-Sprachen-150x150.png","datePublished":"2025-05-06T07:07:49+00:00","dateModified":"2025-10-01T08:35:54+00:00","description":"Sprachen lernen bei den Burgenl\u00e4ndischen Volkshochschulen: Von Englisch bis Italienisch \u2013 praxisnahe Sprachkurse f\u00fcr Beruf, Reise und Alltag im Burgenland","breadcrumb":{"@id":"https:\/\/www.vhs-burgenland.at\/wp_neu\/angebot\/sprachen\/#breadcrumb"},"inLanguage":"de-AT","potentialAction":[{"@type":"ReadAction","target":["https:\/\/www.vhs-burgenland.at\/wp_neu\/angebot\/sprachen\/"]}]},{"@type":"ImageObject","inLanguage":"de-AT","@id":"https:\/\/www.vhs-burgenland.at\/wp_neu\/angebot\/sprachen\/#primaryimage","url":"https:\/\/www.vhs-burgenland.at\/wp_neu\/wp-content\/uploads\/2025\/06\/Symbol-Sprachen.png","contentUrl":"https:\/\/www.vhs-burgenland.at\/wp_neu\/wp-content\/uploads\/2025\/06\/Symbol-Sprachen.png","width":512,"height":512,"caption":"Symbol mit verschiedenen Sprachen"},{"@type":"BreadcrumbList","@id":"https:\/\/www.vhs-burgenland.at\/wp_neu\/angebot\/sprachen\/#breadcrumb","itemListElement":[{"@type":"ListItem","position":1,"name":"Startseite","item":"https:\/\/www.vhs-burgenland.at\/wp_neu\/"},{"@type":"ListItem","position":2,"name":"Angebot","item":"https:\/\/www.vhs-burgenland.at\/wp_neu\/angebot\/"},{"@type":"ListItem","position":3,"name":"Sprachen"}]},{"@type":"WebSite","@id":"https:\/\/www.vhs-burgenland.at\/wp_neu\/#website","url":"https:\/\/www.vhs-burgenland.at\/wp_neu\/","name":"VHS Burgenl\u00e4ndische Volkshochschulen","description":"Wir sind, wo Sie sind!","publisher":{"@id":"https:\/\/www.vhs-burgenland.at\/wp_neu\/#organization"},"potentialAction":[{"@type":"SearchAction","target":{"@type":"EntryPoint","urlTemplate":"https:\/\/www.vhs-burgenland.at\/wp_neu\/?s={search_term_string}"},"query-input":{"@type":"PropertyValueSpecification","valueRequired":true,"valueName":"search_term_string"}}],"inLanguage":"de-AT"},{"@type":"Organization","@id":"https:\/\/www.vhs-burgenland.at\/wp_neu\/#organization","name":"VHS Burgenl\u00e4ndische Volkshochschulen","url":"https:\/\/www.vhs-burgenland.at\/wp_neu\/","logo":{"@type":"ImageObject","inLanguage":"de-AT","@id":"https:\/\/www.vhs-burgenland.at\/wp_neu\/#\/schema\/logo\/image\/","url":"https:\/\/www.vhs-burgenland.at\/wp_neu\/wp-content\/uploads\/2025\/05\/vhs_logo_kl.png","contentUrl":"https:\/\/www.vhs-burgenland.at\/wp_neu\/wp-content\/uploads\/2025\/05\/vhs_logo_kl.png","width":250,"height":52,"caption":"VHS Burgenl\u00e4ndische Volkshochschulen"},"image":{"@id":"https:\/\/www.vhs-burgenland.at\/wp_neu\/#\/schema\/logo\/image\/"},"sameAs":["https:\/\/www.facebook.com\/BurgenlaendischeVolkshochschulen\/","https:\/\/www.instagram.com\/vhsburgenland","https:\/\/www.youtube.com\/@burgenlandischevolkshochsc6605","https:\/\/bsky.app\/profile\/vhsburgenland.bsky.social"]}]}},"_links":{"self":[{"href":"https:\/\/www.vhs-burgenland.at\/wp_neu\/wp-json\/wp\/v2\/pages\/287","targetHints":{"allow":["GET"]}}],"collection":[{"href":"https:\/\/www.vhs-burgenland.at\/wp_neu\/wp-json\/wp\/v2\/pages"}],"about":[{"href":"https:\/\/www.vhs-burgenland.at\/wp_neu\/wp-json\/wp\/v2\/types\/page"}],"author":[{"embeddable":true,"href":"https:\/\/www.vhs-burgenland.at\/wp_neu\/wp-json\/wp\/v2\/users\/1"}],"replies":[{"embeddable":true,"href":"https:\/\/www.vhs-burgenland.at\/wp_neu\/wp-json\/wp\/v2\/comments?post=287"}],"version-history":[{"count":25,"href":"https:\/\/www.vhs-burgenland.at\/wp_neu\/wp-json\/wp\/v2\/pages\/287\/revisions"}],"predecessor-version":[{"id":4493,"href":"https:\/\/www.vhs-burgenland.at\/wp_neu\/wp-json\/wp\/v2\/pages\/287\/revisions\/4493"}],"up":[{"embeddable":true,"href":"https:\/\/www.vhs-burgenland.at\/wp_neu\/wp-json\/wp\/v2\/pages\/263"}],"wp:attachment":[{"href":"https:\/\/www.vhs-burgenland.at\/wp_neu\/wp-json\/wp\/v2\/media?parent=287"}],"curies":[{"name":"wp","href":"https:\/\/api.w.org\/{rel}","templated":true}]}}