{"id":2773,"date":"2025-06-02T09:51:27","date_gmt":"2025-06-02T07:51:27","guid":{"rendered":"https:\/\/www.vhs-burgenland.at\/wp_neu\/?page_id=2773"},"modified":"2025-10-01T10:53:04","modified_gmt":"2025-10-01T08:53:04","slug":"datenschutzerklaerung","status":"publish","type":"page","link":"https:\/\/www.vhs-burgenland.at\/wp_neu\/datenschutzerklaerung\/","title":{"rendered":"Datenschutzerkl\u00e4rung"},"content":{"rendered":"\t\t<div data-elementor-type=\"wp-page\" data-elementor-id=\"2773\" class=\"elementor elementor-2773\">\n\t\t\t\t<div class=\"elementor-element elementor-element-bdfc3f8 e-flex e-con-boxed e-con e-parent\" data-id=\"bdfc3f8\" data-element_type=\"container\" data-e-type=\"container\">\n\t\t\t\t\t<div class=\"e-con-inner\">\n\t\t\t\t<div class=\"elementor-element elementor-element-0cfd318 elementor-widget elementor-widget-text-editor\" data-id=\"0cfd318\" data-element_type=\"widget\" data-e-type=\"widget\" data-widget_type=\"text-editor.default\">\n\t\t\t\t<div class=\"elementor-widget-container\">\n\t\t\t\t\t\t\t\t\t<h1><strong>Datenschutzerkl\u00e4rung<\/strong><\/h1>\n<p data-fontsize=\"16\" data-lineheight=\"24\"><span style=\"font-family: Roboto, sans-serif; font-size: 15px; font-style: normal; font-variant-ligatures: normal; font-variant-caps: normal; font-weight: 400;\">In folgender Datenschutzerkl\u00e4rung informieren wir Sie \u00fcber die wichtigsten Aspekte der Datenverarbeitung im Rahmen unserer Website. Wir erheben und verarbeiten personenbezogene Daten nur auf Grundlage der gesetzlichen Bestimmungen (DSGVO, Telekommunikationsgesetz 2003).&nbsp;<\/span><\/p>\n<p><strong>Sicherheit<\/strong><br>Wir treffen alle notwendigen technischen und organisatorischen Sicherheitsma\u00dfnahmen, um Ihre personenbezogenen Daten vor Verlust und Missbrauch zu sch\u00fctzen. So werden Ihre Daten in einer sicheren Betriebsumgebung gespeichert, die der \u00d6ffentlichkeit nicht zug\u00e4nglich ist. Sollten Sie mit uns per E-Mail in Kontakt treten wollen, weisen wir darauf hin, dass die Vertraulichkeit der \u00fcbermittelten Informationen nicht gew\u00e4hrleistet ist. Der Inhalt von E-Mails kann von Dritten eingesehen werden. Wir empfehlen Ihnen daher, uns vertrauliche Informationen verschl\u00fcsselt zukommen zu lassen.<\/p>\n<p><strong>Cookies<\/strong><br>Unsere Website verwendet so genannte Cookies. Dabei handelt es sich um kleine Textdateien, die mit Hilfe des Browsers auf Ihrem Endger\u00e4t abgelegt werden. Sie richten keinen Schaden an. Wir nutzen Cookies dazu, unser Angebot nutzerfreundlich zu gestalten. Einige Cookies bleiben auf Ihrem Endger\u00e4t gespeichert, bis Sie diese l\u00f6schen. Sie erm\u00f6glichen es uns, Ihren Browser beim n\u00e4chsten Besuch wiederzuerkennen. Wenn Sie dies nicht w\u00fcnschen, so k\u00f6nnen Sie Ihren Browser so einrichten, dass er Sie \u00fcber das Setzen von Cookies informiert und Sie dies nur im Einzelfall erlauben. Bei der Deaktivierung von Cookies kann die Funktionalit\u00e4t unserer Website eingeschr\u00e4nkt sein.<\/p>\n<p><strong>Die wesentlichen Verarbeitungst\u00e4tigkeiten personenbezogener Daten erfolgen im Kontext von:<\/strong><\/p>\n<ul>\n<li>der Buchung von Kursen und dem reibungslosen Ablauf der gebuchten Angebote inklusive aller erforderlichen Best\u00e4tigungen und Abrechnungen<\/li>\n<li>der Durchf\u00fchrung von Evaluationsma\u00dfnahmen zur Sicherung und Verbesserung der Kursqualit\u00e4t<\/li>\n<li>der Kommunikation mit Beh\u00f6rden und offiziellen Stellen bei speziell gef\u00f6rderten Kursen und Lehrg\u00e4ngen<\/li>\n<li>sowie den daf\u00fcr notwendigen technischen Prozessen<\/li>\n<\/ul>\n<p><strong>Kursbuchungen<\/strong><br>Jede Kursbuchung ist ein Vertragsabschluss. Mit Buchung eines Kurses stimmen Sie den Allgemeinen Gesch\u00e4ftsbedingungen der Burgenl\u00e4ndischen Volkshochschulen und dieser Datenschutzerkl\u00e4rung zu und erteilen somit Ihre Zustimmung zur elektronischen Verarbeitung folgender f\u00fcr die Kursbuchung erforderlicher personenbezogener Daten:<br>Vor- und Zuname, Geschlecht, Wohnadresse<br>Geburtsdatum, Telefon-Nummer, E-Mail-Adresse&nbsp;<br>Die Erhebung der Daten erfolgt zum ausschlie\u00dflichen Zweck der Anmeldung und Verwaltung von Kursteilnehmer*innen bei den von den Burgenl\u00e4ndischen Volkshochschulen angebotenen Kursen, Lehrg\u00e4ngen und Veranstaltungen und dient ausschlie\u00dflich dem Betriebszweck. Die im Rahmen der Kursanmeldung erhobenen Daten werden vertraulich behandelt und nur in dem f\u00fcr die Teilnehmer*innenverwaltung und Anmeldung unbedingt erforderlichen Umfang verarbeitet und solange gespeichert, wie dies f\u00fcr die Erf\u00fcllung der Verwaltungsaufgaben der VHS erforderlich, bzw. wie es f\u00fcr das Erbringen der von Teilnehmer*innen gew\u00fcnschten Dienstleistung notwendig ist.<br>Mit einer Kursbuchung stimmen Sie einer Weitergabe der erhobenen Daten an die jeweilige Kursleitung zu. Ohne weitere Zustimmung erfolgt keine dar\u00fcberhinausgehende Weitergabe Ihrer Daten und werden keine personenbezogene Auswertungen erstellt.<\/p>\n<p><strong>Ihre Rechte<\/strong><br>Ihnen stehen grunds\u00e4tzlich die Rechte auf Auskunft, Berichtigung, L\u00f6schung, Einschr\u00e4nkung, Daten\u00fcbertragbarkeit, Widerruf und Widerspruch zu. Wenn Sie glauben, dass die Verarbeitung Ihrer Daten gegen das Datenschutzrecht verst\u00f6\u00dft oder Ihre datenschutzrechtlichen Anspr\u00fcche sonst in einer Weise verletzt worden sind, k\u00f6nnen Sie eine Beschwerde bei der Aufsichtsbeh\u00f6rde einreichen:&nbsp;<a style=\"font-size: 15px; background-color: #ffffff;\" href=\"https:\/\/dsb.gv.at\/\">\u00d6sterreichische Datenschutzbeh\u00f6rde<\/a>.<\/p>\n<p>Sie erreichen uns unter folgenden Kontaktdaten:<\/p>\n<p><strong>Burgenl\u00e4ndische Volkshochschulen \u2013 Landesverband<br><\/strong>Pfarrgasse 10<br>7000 Eisenstadt<br>Telefon: +43 26 82 61 363<br>E-Mail: info@vhs-burgenland.at<br>DVR-Nr.: 0584461<br>ZVR-Nr.: 974548312<\/p>\t\t\t\t\t\t\t\t<\/div>\n\t\t\t\t<\/div>\n\t\t\t\t\t<\/div>\n\t\t\t\t<\/div>\n\t\t\t\t<\/div>\n\t\t","protected":false},"excerpt":{"rendered":"<p>Datenschutzerkl\u00e4rung In folgender Datenschutzerkl\u00e4rung informieren wir Sie \u00fcber die wichtigsten Aspekte der Datenverarbeitung im Rahmen unserer Website. Wir erheben und verarbeiten personenbezogene Daten nur auf Grundlage der gesetzlichen Bestimmungen (DSGVO, Telekommunikationsgesetz 2003).&nbsp; SicherheitWir treffen alle notwendigen technischen und organisatorischen Sicherheitsma\u00dfnahmen, um Ihre personenbezogenen Daten vor Verlust und Missbrauch zu sch\u00fctzen. So werden Ihre Daten in [&hellip;]<\/p>\n","protected":false},"author":1,"featured_media":0,"parent":0,"menu_order":0,"comment_status":"closed","ping_status":"closed","template":"","meta":{"ocean_post_layout":"","ocean_both_sidebars_style":"","ocean_both_sidebars_content_width":0,"ocean_both_sidebars_sidebars_width":0,"ocean_sidebar":"","ocean_second_sidebar":"","ocean_disable_margins":"enable","ocean_add_body_class":"","ocean_shortcode_before_top_bar":"","ocean_shortcode_after_top_bar":"","ocean_shortcode_before_header":"","ocean_shortcode_after_header":"","ocean_has_shortcode":"","ocean_shortcode_after_title":"","ocean_shortcode_before_footer_widgets":"","ocean_shortcode_after_footer_widgets":"","ocean_shortcode_before_footer_bottom":"","ocean_shortcode_after_footer_bottom":"","ocean_display_top_bar":"default","ocean_display_header":"default","ocean_header_style":"","ocean_center_header_left_menu":"","ocean_custom_header_template":"","ocean_custom_logo":0,"ocean_custom_retina_logo":0,"ocean_custom_logo_max_width":0,"ocean_custom_logo_tablet_max_width":0,"ocean_custom_logo_mobile_max_width":0,"ocean_custom_logo_max_height":0,"ocean_custom_logo_tablet_max_height":0,"ocean_custom_logo_mobile_max_height":0,"ocean_header_custom_menu":"","ocean_menu_typo_font_family":"","ocean_menu_typo_font_subset":"","ocean_menu_typo_font_size":0,"ocean_menu_typo_font_size_tablet":0,"ocean_menu_typo_font_size_mobile":0,"ocean_menu_typo_font_size_unit":"px","ocean_menu_typo_font_weight":"","ocean_menu_typo_font_weight_tablet":"","ocean_menu_typo_font_weight_mobile":"","ocean_menu_typo_transform":"","ocean_menu_typo_transform_tablet":"","ocean_menu_typo_transform_mobile":"","ocean_menu_typo_line_height":0,"ocean_menu_typo_line_height_tablet":0,"ocean_menu_typo_line_height_mobile":0,"ocean_menu_typo_line_height_unit":"","ocean_menu_typo_spacing":0,"ocean_menu_typo_spacing_tablet":0,"ocean_menu_typo_spacing_mobile":0,"ocean_menu_typo_spacing_unit":"","ocean_menu_link_color":"","ocean_menu_link_color_hover":"","ocean_menu_link_color_active":"","ocean_menu_link_background":"","ocean_menu_link_hover_background":"","ocean_menu_link_active_background":"","ocean_menu_social_links_bg":"","ocean_menu_social_hover_links_bg":"","ocean_menu_social_links_color":"","ocean_menu_social_hover_links_color":"","ocean_disable_title":"default","ocean_disable_heading":"default","ocean_post_title":"","ocean_post_subheading":"","ocean_post_title_style":"","ocean_post_title_background_color":"","ocean_post_title_background":0,"ocean_post_title_bg_image_position":"","ocean_post_title_bg_image_attachment":"","ocean_post_title_bg_image_repeat":"","ocean_post_title_bg_image_size":"","ocean_post_title_height":0,"ocean_post_title_bg_overlay":0.5,"ocean_post_title_bg_overlay_color":"","ocean_disable_breadcrumbs":"default","ocean_breadcrumbs_color":"","ocean_breadcrumbs_separator_color":"","ocean_breadcrumbs_links_color":"","ocean_breadcrumbs_links_hover_color":"","ocean_display_footer_widgets":"default","ocean_display_footer_bottom":"default","ocean_custom_footer_template":"","osh_disable_topbar_sticky":"default","osh_disable_header_sticky":"default","osh_sticky_header_style":"default","osh_sticky_header_effect":"","osh_custom_sticky_logo":0,"osh_custom_retina_sticky_logo":0,"osh_custom_sticky_logo_height":0,"osh_background_color":"","osh_links_color":"","osh_links_hover_color":"","osh_links_active_color":"","osh_links_bg_color":"","osh_links_hover_bg_color":"","osh_links_active_bg_color":"","osh_menu_social_links_color":"","osh_menu_social_hover_links_color":"","_mc_calendar":[],"footnotes":""},"class_list":["post-2773","page","type-page","status-publish","hentry","entry"],"yoast_head":"<!-- This site is optimized with the Yoast SEO plugin v27.2 - https:\/\/yoast.com\/product\/yoast-seo-wordpress\/ -->\n<title>Datenschutzerkl\u00e4rung - VHS Burgenl\u00e4ndische Volkshochschulen<\/title>\n<meta name=\"description\" content=\"Datenschutzerkl\u00e4rung der Burgenl\u00e4ndischen Volkshochschulen: Transparente Informationen zum Schutz Ihrer Daten gem\u00e4\u00df DSGVO und verantwortungsvollem Umgang.\" \/>\n<meta name=\"robots\" content=\"index, follow, max-snippet:-1, max-image-preview:large, max-video-preview:-1\" \/>\n<link rel=\"canonical\" href=\"https:\/\/www.vhs-burgenland.at\/wp_neu\/datenschutzerklaerung\/\" \/>\n<meta property=\"og:locale\" content=\"de_DE\" \/>\n<meta property=\"og:type\" content=\"article\" \/>\n<meta property=\"og:title\" content=\"Datenschutzerkl\u00e4rung - VHS Burgenl\u00e4ndische Volkshochschulen\" \/>\n<meta property=\"og:description\" content=\"Datenschutzerkl\u00e4rung der Burgenl\u00e4ndischen Volkshochschulen: Transparente Informationen zum Schutz Ihrer Daten gem\u00e4\u00df DSGVO und verantwortungsvollem Umgang.\" \/>\n<meta property=\"og:url\" content=\"https:\/\/www.vhs-burgenland.at\/wp_neu\/datenschutzerklaerung\/\" \/>\n<meta property=\"og:site_name\" content=\"VHS Burgenl\u00e4ndische Volkshochschulen\" \/>\n<meta property=\"article:publisher\" content=\"https:\/\/www.facebook.com\/BurgenlaendischeVolkshochschulen\/\" \/>\n<meta property=\"article:modified_time\" content=\"2025-10-01T08:53:04+00:00\" \/>\n<meta name=\"twitter:card\" content=\"summary_large_image\" \/>\n<meta name=\"twitter:label1\" content=\"Gesch\u00e4tzte Lesezeit\" \/>\n\t<meta name=\"twitter:data1\" content=\"3 Minuten\" \/>\n<script type=\"application\/ld+json\" class=\"yoast-schema-graph\">{\"@context\":\"https:\/\/schema.org\",\"@graph\":[{\"@type\":\"WebPage\",\"@id\":\"https:\/\/www.vhs-burgenland.at\/wp_neu\/datenschutzerklaerung\/\",\"url\":\"https:\/\/www.vhs-burgenland.at\/wp_neu\/datenschutzerklaerung\/\",\"name\":\"Datenschutzerkl\u00e4rung - VHS Burgenl\u00e4ndische Volkshochschulen\",\"isPartOf\":{\"@id\":\"https:\/\/www.vhs-burgenland.at\/wp_neu\/#website\"},\"datePublished\":\"2025-06-02T07:51:27+00:00\",\"dateModified\":\"2025-10-01T08:53:04+00:00\",\"description\":\"Datenschutzerkl\u00e4rung der Burgenl\u00e4ndischen Volkshochschulen: Transparente Informationen zum Schutz Ihrer Daten gem\u00e4\u00df DSGVO und verantwortungsvollem Umgang.\",\"breadcrumb\":{\"@id\":\"https:\/\/www.vhs-burgenland.at\/wp_neu\/datenschutzerklaerung\/#breadcrumb\"},\"inLanguage\":\"de-AT\",\"potentialAction\":[{\"@type\":\"ReadAction\",\"target\":[\"https:\/\/www.vhs-burgenland.at\/wp_neu\/datenschutzerklaerung\/\"]}]},{\"@type\":\"BreadcrumbList\",\"@id\":\"https:\/\/www.vhs-burgenland.at\/wp_neu\/datenschutzerklaerung\/#breadcrumb\",\"itemListElement\":[{\"@type\":\"ListItem\",\"position\":1,\"name\":\"Startseite\",\"item\":\"https:\/\/www.vhs-burgenland.at\/wp_neu\/\"},{\"@type\":\"ListItem\",\"position\":2,\"name\":\"Datenschutzerkl\u00e4rung\"}]},{\"@type\":\"WebSite\",\"@id\":\"https:\/\/www.vhs-burgenland.at\/wp_neu\/#website\",\"url\":\"https:\/\/www.vhs-burgenland.at\/wp_neu\/\",\"name\":\"VHS Burgenl\u00e4ndische Volkshochschulen\",\"description\":\"Wir sind, wo Sie sind!\",\"publisher\":{\"@id\":\"https:\/\/www.vhs-burgenland.at\/wp_neu\/#organization\"},\"potentialAction\":[{\"@type\":\"SearchAction\",\"target\":{\"@type\":\"EntryPoint\",\"urlTemplate\":\"https:\/\/www.vhs-burgenland.at\/wp_neu\/?s={search_term_string}\"},\"query-input\":{\"@type\":\"PropertyValueSpecification\",\"valueRequired\":true,\"valueName\":\"search_term_string\"}}],\"inLanguage\":\"de-AT\"},{\"@type\":\"Organization\",\"@id\":\"https:\/\/www.vhs-burgenland.at\/wp_neu\/#organization\",\"name\":\"VHS Burgenl\u00e4ndische Volkshochschulen\",\"url\":\"https:\/\/www.vhs-burgenland.at\/wp_neu\/\",\"logo\":{\"@type\":\"ImageObject\",\"inLanguage\":\"de-AT\",\"@id\":\"https:\/\/www.vhs-burgenland.at\/wp_neu\/#\/schema\/logo\/image\/\",\"url\":\"https:\/\/www.vhs-burgenland.at\/wp_neu\/wp-content\/uploads\/2025\/05\/vhs_logo_kl.png\",\"contentUrl\":\"https:\/\/www.vhs-burgenland.at\/wp_neu\/wp-content\/uploads\/2025\/05\/vhs_logo_kl.png\",\"width\":250,\"height\":52,\"caption\":\"VHS Burgenl\u00e4ndische Volkshochschulen\"},\"image\":{\"@id\":\"https:\/\/www.vhs-burgenland.at\/wp_neu\/#\/schema\/logo\/image\/\"},\"sameAs\":[\"https:\/\/www.facebook.com\/BurgenlaendischeVolkshochschulen\/\",\"https:\/\/www.instagram.com\/vhsburgenland\",\"https:\/\/www.youtube.com\/@burgenlandischevolkshochsc6605\",\"https:\/\/bsky.app\/profile\/vhsburgenland.bsky.social\"]}]}<\/script>\n<!-- \/ Yoast SEO plugin. -->","yoast_head_json":{"title":"Datenschutzerkl\u00e4rung - VHS Burgenl\u00e4ndische Volkshochschulen","description":"Datenschutzerkl\u00e4rung der Burgenl\u00e4ndischen Volkshochschulen: Transparente Informationen zum Schutz Ihrer Daten gem\u00e4\u00df DSGVO und verantwortungsvollem Umgang.","robots":{"index":"index","follow":"follow","max-snippet":"max-snippet:-1","max-image-preview":"max-image-preview:large","max-video-preview":"max-video-preview:-1"},"canonical":"https:\/\/www.vhs-burgenland.at\/wp_neu\/datenschutzerklaerung\/","og_locale":"de_DE","og_type":"article","og_title":"Datenschutzerkl\u00e4rung - VHS Burgenl\u00e4ndische Volkshochschulen","og_description":"Datenschutzerkl\u00e4rung der Burgenl\u00e4ndischen Volkshochschulen: Transparente Informationen zum Schutz Ihrer Daten gem\u00e4\u00df DSGVO und verantwortungsvollem Umgang.","og_url":"https:\/\/www.vhs-burgenland.at\/wp_neu\/datenschutzerklaerung\/","og_site_name":"VHS Burgenl\u00e4ndische Volkshochschulen","article_publisher":"https:\/\/www.facebook.com\/BurgenlaendischeVolkshochschulen\/","article_modified_time":"2025-10-01T08:53:04+00:00","twitter_card":"summary_large_image","twitter_misc":{"Gesch\u00e4tzte Lesezeit":"3 Minuten"},"schema":{"@context":"https:\/\/schema.org","@graph":[{"@type":"WebPage","@id":"https:\/\/www.vhs-burgenland.at\/wp_neu\/datenschutzerklaerung\/","url":"https:\/\/www.vhs-burgenland.at\/wp_neu\/datenschutzerklaerung\/","name":"Datenschutzerkl\u00e4rung - VHS Burgenl\u00e4ndische Volkshochschulen","isPartOf":{"@id":"https:\/\/www.vhs-burgenland.at\/wp_neu\/#website"},"datePublished":"2025-06-02T07:51:27+00:00","dateModified":"2025-10-01T08:53:04+00:00","description":"Datenschutzerkl\u00e4rung der Burgenl\u00e4ndischen Volkshochschulen: Transparente Informationen zum Schutz Ihrer Daten gem\u00e4\u00df DSGVO und verantwortungsvollem Umgang.","breadcrumb":{"@id":"https:\/\/www.vhs-burgenland.at\/wp_neu\/datenschutzerklaerung\/#breadcrumb"},"inLanguage":"de-AT","potentialAction":[{"@type":"ReadAction","target":["https:\/\/www.vhs-burgenland.at\/wp_neu\/datenschutzerklaerung\/"]}]},{"@type":"BreadcrumbList","@id":"https:\/\/www.vhs-burgenland.at\/wp_neu\/datenschutzerklaerung\/#breadcrumb","itemListElement":[{"@type":"ListItem","position":1,"name":"Startseite","item":"https:\/\/www.vhs-burgenland.at\/wp_neu\/"},{"@type":"ListItem","position":2,"name":"Datenschutzerkl\u00e4rung"}]},{"@type":"WebSite","@id":"https:\/\/www.vhs-burgenland.at\/wp_neu\/#website","url":"https:\/\/www.vhs-burgenland.at\/wp_neu\/","name":"VHS Burgenl\u00e4ndische Volkshochschulen","description":"Wir sind, wo Sie sind!","publisher":{"@id":"https:\/\/www.vhs-burgenland.at\/wp_neu\/#organization"},"potentialAction":[{"@type":"SearchAction","target":{"@type":"EntryPoint","urlTemplate":"https:\/\/www.vhs-burgenland.at\/wp_neu\/?s={search_term_string}"},"query-input":{"@type":"PropertyValueSpecification","valueRequired":true,"valueName":"search_term_string"}}],"inLanguage":"de-AT"},{"@type":"Organization","@id":"https:\/\/www.vhs-burgenland.at\/wp_neu\/#organization","name":"VHS Burgenl\u00e4ndische Volkshochschulen","url":"https:\/\/www.vhs-burgenland.at\/wp_neu\/","logo":{"@type":"ImageObject","inLanguage":"de-AT","@id":"https:\/\/www.vhs-burgenland.at\/wp_neu\/#\/schema\/logo\/image\/","url":"https:\/\/www.vhs-burgenland.at\/wp_neu\/wp-content\/uploads\/2025\/05\/vhs_logo_kl.png","contentUrl":"https:\/\/www.vhs-burgenland.at\/wp_neu\/wp-content\/uploads\/2025\/05\/vhs_logo_kl.png","width":250,"height":52,"caption":"VHS Burgenl\u00e4ndische Volkshochschulen"},"image":{"@id":"https:\/\/www.vhs-burgenland.at\/wp_neu\/#\/schema\/logo\/image\/"},"sameAs":["https:\/\/www.facebook.com\/BurgenlaendischeVolkshochschulen\/","https:\/\/www.instagram.com\/vhsburgenland","https:\/\/www.youtube.com\/@burgenlandischevolkshochsc6605","https:\/\/bsky.app\/profile\/vhsburgenland.bsky.social"]}]}},"_links":{"self":[{"href":"https:\/\/www.vhs-burgenland.at\/wp_neu\/wp-json\/wp\/v2\/pages\/2773","targetHints":{"allow":["GET"]}}],"collection":[{"href":"https:\/\/www.vhs-burgenland.at\/wp_neu\/wp-json\/wp\/v2\/pages"}],"about":[{"href":"https:\/\/www.vhs-burgenland.at\/wp_neu\/wp-json\/wp\/v2\/types\/page"}],"author":[{"embeddable":true,"href":"https:\/\/www.vhs-burgenland.at\/wp_neu\/wp-json\/wp\/v2\/users\/1"}],"replies":[{"embeddable":true,"href":"https:\/\/www.vhs-burgenland.at\/wp_neu\/wp-json\/wp\/v2\/comments?post=2773"}],"version-history":[{"count":19,"href":"https:\/\/www.vhs-burgenland.at\/wp_neu\/wp-json\/wp\/v2\/pages\/2773\/revisions"}],"predecessor-version":[{"id":4923,"href":"https:\/\/www.vhs-burgenland.at\/wp_neu\/wp-json\/wp\/v2\/pages\/2773\/revisions\/4923"}],"wp:attachment":[{"href":"https:\/\/www.vhs-burgenland.at\/wp_neu\/wp-json\/wp\/v2\/media?parent=2773"}],"curies":[{"name":"wp","href":"https:\/\/api.w.org\/{rel}","templated":true}]}}