{"id":2539,"date":"2025-05-27T09:43:57","date_gmt":"2025-05-27T07:43:57","guid":{"rendered":"https:\/\/www.vhs-burgenland.at\/wp_neu\/?page_id=2539"},"modified":"2025-10-01T10:57:18","modified_gmt":"2025-10-01T08:57:18","slug":"oertliche-volkshochschulvereine","status":"publish","type":"page","link":"https:\/\/www.vhs-burgenland.at\/wp_neu\/kontakte-team\/oertliche-volkshochschulvereine\/","title":{"rendered":"\u00d6rtliche Volkshochschulvereine"},"content":{"rendered":"\t\t<div data-elementor-type=\"wp-page\" data-elementor-id=\"2539\" class=\"elementor elementor-2539\">\n\t\t\t\t<div class=\"elementor-element elementor-element-8d741b7 e-flex e-con-boxed e-con e-parent\" data-id=\"8d741b7\" data-element_type=\"container\" data-e-type=\"container\">\n\t\t\t\t\t<div class=\"e-con-inner\">\n\t\t<div class=\"elementor-element elementor-element-4a3ff65 e-con-full e-flex e-con e-child\" data-id=\"4a3ff65\" data-element_type=\"container\" data-e-type=\"container\">\n\t\t\t\t<div class=\"elementor-element elementor-element-df7e26a elementor-widget__width-initial elementor-icon-list--layout-traditional elementor-list-item-link-full_width elementor-widget elementor-widget-icon-list\" data-id=\"df7e26a\" data-element_type=\"widget\" data-e-type=\"widget\" data-widget_type=\"icon-list.default\">\n\t\t\t\t<div class=\"elementor-widget-container\">\n\t\t\t\t\t\t\t<ul class=\"elementor-icon-list-items\">\n\t\t\t\t\t\t\t<li class=\"elementor-icon-list-item\">\n\t\t\t\t\t\t\t\t\t\t\t<a href=\"https:\/\/www.vhs-burgenland.at\/wp_neu\/kontakte-team\/vhs-mitarbeiterinnen\/\">\n\n\t\t\t\t\t\t\t\t\t\t\t\t<span class=\"elementor-icon-list-icon\">\n\t\t\t\t\t\t\t<svg aria-hidden=\"true\" class=\"e-font-icon-svg e-fas-chevron-right\" viewBox=\"0 0 320 512\" xmlns=\"http:\/\/www.w3.org\/2000\/svg\"><path d=\"M285.476 272.971L91.132 467.314c-9.373 9.373-24.569 9.373-33.941 0l-22.667-22.667c-9.357-9.357-9.375-24.522-.04-33.901L188.505 256 34.484 101.255c-9.335-9.379-9.317-24.544.04-33.901l22.667-22.667c9.373-9.373 24.569-9.373 33.941 0L285.475 239.03c9.373 9.372 9.373 24.568.001 33.941z\"><\/path><\/svg>\t\t\t\t\t\t<\/span>\n\t\t\t\t\t\t\t\t\t\t<span class=\"elementor-icon-list-text\">VHS Mitarbeiter*innen<\/span>\n\t\t\t\t\t\t\t\t\t\t\t<\/a>\n\t\t\t\t\t\t\t\t\t<\/li>\n\t\t\t\t\t\t\t\t<li class=\"elementor-icon-list-item\">\n\t\t\t\t\t\t\t\t\t\t\t<a href=\"https:\/\/www.vhs-burgenland.at\/wp_neu\/kontakte-team\/team-nord\/\">\n\n\t\t\t\t\t\t\t\t\t\t\t\t<span class=\"elementor-icon-list-icon\">\n\t\t\t\t\t\t\t<svg aria-hidden=\"true\" class=\"e-font-icon-svg e-fas-chevron-right\" viewBox=\"0 0 320 512\" xmlns=\"http:\/\/www.w3.org\/2000\/svg\"><path d=\"M285.476 272.971L91.132 467.314c-9.373 9.373-24.569 9.373-33.941 0l-22.667-22.667c-9.357-9.357-9.375-24.522-.04-33.901L188.505 256 34.484 101.255c-9.335-9.379-9.317-24.544.04-33.901l22.667-22.667c9.373-9.373 24.569-9.373 33.941 0L285.475 239.03c9.373 9.372 9.373 24.568.001 33.941z\"><\/path><\/svg>\t\t\t\t\t\t<\/span>\n\t\t\t\t\t\t\t\t\t\t<span class=\"elementor-icon-list-text\">Team Nord<\/span>\n\t\t\t\t\t\t\t\t\t\t\t<\/a>\n\t\t\t\t\t\t\t\t\t<\/li>\n\t\t\t\t\t\t\t\t<li class=\"elementor-icon-list-item\">\n\t\t\t\t\t\t\t\t\t\t\t<a href=\"https:\/\/www.vhs-burgenland.at\/wp_neu\/kontakte-team\/team-sued\/\">\n\n\t\t\t\t\t\t\t\t\t\t\t\t<span class=\"elementor-icon-list-icon\">\n\t\t\t\t\t\t\t<svg aria-hidden=\"true\" class=\"e-font-icon-svg e-fas-chevron-right\" viewBox=\"0 0 320 512\" xmlns=\"http:\/\/www.w3.org\/2000\/svg\"><path d=\"M285.476 272.971L91.132 467.314c-9.373 9.373-24.569 9.373-33.941 0l-22.667-22.667c-9.357-9.357-9.375-24.522-.04-33.901L188.505 256 34.484 101.255c-9.335-9.379-9.317-24.544.04-33.901l22.667-22.667c9.373-9.373 24.569-9.373 33.941 0L285.475 239.03c9.373 9.372 9.373 24.568.001 33.941z\"><\/path><\/svg>\t\t\t\t\t\t<\/span>\n\t\t\t\t\t\t\t\t\t\t<span class=\"elementor-icon-list-text\">Team S\u00fcd<\/span>\n\t\t\t\t\t\t\t\t\t\t\t<\/a>\n\t\t\t\t\t\t\t\t\t<\/li>\n\t\t\t\t\t\t\t\t<li class=\"elementor-icon-list-item\">\n\t\t\t\t\t\t\t\t\t\t\t<a href=\"https:\/\/www.vhs-burgenland.at\/wp_neu\/kontakte-team\/vhs-der-volksgruppen\/\">\n\n\t\t\t\t\t\t\t\t\t\t\t\t<span class=\"elementor-icon-list-icon\">\n\t\t\t\t\t\t\t<svg aria-hidden=\"true\" class=\"e-font-icon-svg e-fas-chevron-right\" viewBox=\"0 0 320 512\" xmlns=\"http:\/\/www.w3.org\/2000\/svg\"><path d=\"M285.476 272.971L91.132 467.314c-9.373 9.373-24.569 9.373-33.941 0l-22.667-22.667c-9.357-9.357-9.375-24.522-.04-33.901L188.505 256 34.484 101.255c-9.335-9.379-9.317-24.544.04-33.901l22.667-22.667c9.373-9.373 24.569-9.373 33.941 0L285.475 239.03c9.373 9.372 9.373 24.568.001 33.941z\"><\/path><\/svg>\t\t\t\t\t\t<\/span>\n\t\t\t\t\t\t\t\t\t\t<span class=\"elementor-icon-list-text\">VHS der Volksgruppen<\/span>\n\t\t\t\t\t\t\t\t\t\t\t<\/a>\n\t\t\t\t\t\t\t\t\t<\/li>\n\t\t\t\t\t\t\t\t<li class=\"elementor-icon-list-item\">\n\t\t\t\t\t\t\t\t\t\t\t<span class=\"elementor-icon-list-icon\">\n\t\t\t\t\t\t\t<svg aria-hidden=\"true\" class=\"e-font-icon-svg e-fas-chevron-right\" viewBox=\"0 0 320 512\" xmlns=\"http:\/\/www.w3.org\/2000\/svg\"><path d=\"M285.476 272.971L91.132 467.314c-9.373 9.373-24.569 9.373-33.941 0l-22.667-22.667c-9.357-9.357-9.375-24.522-.04-33.901L188.505 256 34.484 101.255c-9.335-9.379-9.317-24.544.04-33.901l22.667-22.667c9.373-9.373 24.569-9.373 33.941 0L285.475 239.03c9.373 9.372 9.373 24.568.001 33.941z\"><\/path><\/svg>\t\t\t\t\t\t<\/span>\n\t\t\t\t\t\t\t\t\t\t<span class=\"elementor-icon-list-text\">\u00d6rtliche Volkshochschulvereine<\/span>\n\t\t\t\t\t\t\t\t\t<\/li>\n\t\t\t\t\t\t<\/ul>\n\t\t\t\t\t\t<\/div>\n\t\t\t\t<\/div>\n\t\t<div class=\"elementor-element elementor-element-461e779 e-con-full e-flex e-con e-child\" data-id=\"461e779\" data-element_type=\"container\" data-e-type=\"container\" data-settings=\"{&quot;background_background&quot;:&quot;classic&quot;}\">\n\t\t\t\t<div class=\"elementor-element elementor-element-0558972 elementor-view-default elementor-widget elementor-widget-icon\" data-id=\"0558972\" data-element_type=\"widget\" data-e-type=\"widget\" data-widget_type=\"icon.default\">\n\t\t\t\t<div class=\"elementor-widget-container\">\n\t\t\t\t\t\t\t<div class=\"elementor-icon-wrapper\">\n\t\t\t<div class=\"elementor-icon\">\n\t\t\t<svg aria-hidden=\"true\" class=\"e-font-icon-svg e-fas-info-circle\" viewBox=\"0 0 512 512\" xmlns=\"http:\/\/www.w3.org\/2000\/svg\"><path d=\"M256 8C119.043 8 8 119.083 8 256c0 136.997 111.043 248 248 248s248-111.003 248-248C504 119.083 392.957 8 256 8zm0 110c23.196 0 42 18.804 42 42s-18.804 42-42 42-42-18.804-42-42 18.804-42 42-42zm56 254c0 6.627-5.373 12-12 12h-88c-6.627 0-12-5.373-12-12v-24c0-6.627 5.373-12 12-12h12v-64h-12c-6.627 0-12-5.373-12-12v-24c0-6.627 5.373-12 12-12h64c6.627 0 12 5.373 12 12v100h12c6.627 0 12 5.373 12 12v24z\"><\/path><\/svg>\t\t\t<\/div>\n\t\t<\/div>\n\t\t\t\t\t\t<\/div>\n\t\t\t\t<\/div>\n\t\t\t\t<div class=\"elementor-element elementor-element-d77c72b elementor-widget elementor-widget-text-editor\" data-id=\"d77c72b\" data-element_type=\"widget\" data-e-type=\"widget\" data-widget_type=\"text-editor.default\">\n\t\t\t\t<div class=\"elementor-widget-container\">\n\t\t\t\t\t\t\t\t\t<p><strong>Landesverband<br \/><\/strong>Pfarrgasse 10<br \/>7000 Eisenstadt<\/p><p>0 26 82 \/ 61 363<br \/><a href=\"mailto:info@vhs-burgenland.at\">info@vhs-burgenland.at<\/a><\/p><p>\u00a0<\/p>\t\t\t\t\t\t\t\t<\/div>\n\t\t\t\t<\/div>\n\t\t\t\t<\/div>\n\t\t\t\t<\/div>\n\t\t\t\t<div class=\"elementor-element elementor-element-3fcfb5b elementor-widget elementor-widget-text-editor\" data-id=\"3fcfb5b\" data-element_type=\"widget\" data-e-type=\"widget\" data-widget_type=\"text-editor.default\">\n\t\t\t\t<div class=\"elementor-widget-container\">\n\t\t\t\t\t\t\t\t\t<div class=\"wpb_text_column wpb_content_element \"><h2><strong>\u00d6rtliche Volkshochschulvereine<\/strong><\/h2><h3>Volkshochschule Neusiedl am See<\/h3><p>Untere Hauptstra\u00dfe 48<br \/>7100 Neusiedl\/See<\/p><p><strong>Vorsitzende:<\/strong><br \/>Ing.<sup>in<\/sup>\u00a0Friederike Pirringer<br \/>Mag.<sup>a<\/sup> Elisabeth W\u00f6gerer<\/p><p><strong>Information und Anmeldung:<\/strong><br \/>Sabina Kagerer, Tel: 0 699 \/ 81 12 69 78, <a href=\"mailto:office@vhs-neusiedl.at\">office@vhs-neusiedl.at<\/a><br \/><a href=\"http:\/\/www.vhs-neusiedl.at\" rel=\"noopener noreferrer\">www.vhs-neusiedl.at<\/a><\/p><h3>\u00a0<\/h3><h3>Volkshochschule Gols<\/h3><p>Untere Hauptstra\u00dfe 10<br \/>7122 Gols<\/p><p><strong>Vorsitzende:<\/strong><br \/>Dieter Horvath<br \/>Gertrude Renner<\/p><p><b>Information und Anmeldung<\/b><strong>:<\/strong><br \/>Gemeindeamt Gols, Dieter Horvath, Tel: 0 21 73 \/ 23 01 \u2013 20<\/p><h3>\u00a0<\/h3><h3>Volkshochschule Zurndorf und Umgebung<\/h3><p>Untere Hauptstra\u00dfe 4<br \/>2424 Zurndorf<\/p><p><strong>Vorsitzende:<\/strong><br \/>Erich Weisz<br \/>Renate Darazs<\/p><p><strong><b>Information und Anmeldung<\/b>:<\/strong><br \/>Gemeindeamt Zurndorf, Claudia Macher, Tel: 0 21 47 \/ 22 01 \u2013 11<\/p><h3>\u00a0<\/h3><h3>Volkshochschule Eisenstadt<\/h3><p>Pfarrgasse 10<br \/>7000 Eisenstadt<\/p><p><strong>Vorsitzende:<\/strong><br \/>Mag. Johannes Gutsch, BEd<br \/>Peter Kath<\/p><h3>\u00a0<\/h3><h3>Volkshochschule Rust<\/h3><p>Baumgartengasse 15<br \/>7071 Rust<\/p><p><strong>Vorsitzende:<\/strong><br \/>Erwin Zehetner<br \/>Mag. Mathias Sz\u00f6ke<\/p><p><b>Information und Anmeldung<\/b><strong>:<br \/><\/strong>Tel: 0 26 85 \/ 220, <a href=\"mailto:peter.stoiber@bildungsserver.com\">sekretariat.schulzentrum.rust@bildungsserver.com<\/a><\/p><h3>\u00a0<\/h3><h3><span style=\"font-size: 18px; font-weight: normal;\">Volkshochschule Oberpullendorf<\/span><\/h3><p>Gymnasiumstra\u00dfe 21<br \/>7350 Oberpullendorf<\/p><p><strong>Vorsitzender:<\/strong><br \/>Mag. Clemens Lang<\/p><p><strong>Information und Anmeldung:<\/strong><br \/>Kuga, Tel: 0 26 14 \/ 70 01, Fax: DW 55, <a href=\"mailto:office@kuga.at\">office@kuga.at<\/a><br \/>BRG Oberpullendorf, Tel: 0 26 12 \/ 42 407<\/p><h3>\u00a0<\/h3><h3>Volkshochschule G\u00fcssing<\/h3><p>Schulstra\u00dfe 6, KUZ<br \/>7540 G\u00fcssing<\/p><p><strong>Vorsitzende:<\/strong><br \/>Dir. Mag. Robert Antoni<br \/>Johannes Hofbauer<\/p><p><b>Information und Anmeldung<\/b><strong>:<br \/><\/strong>Karin Jandrisevits, Tel: 0 33 22 \/ 43 129, <a href=\"mailto:guessing@vhs-burgenland.at\">guessing@vhs-burgenland.at<\/a><\/p><h3>\u00a0<\/h3><h3>Volkshochschule Jennersdorf<\/h3><p><strong>Vorsitzender:<\/strong><br \/>Karl Poglitsch, Tel: 0 33 29 \/ 23 06<\/p><\/div>\t\t\t\t\t\t\t\t<\/div>\n\t\t\t\t<\/div>\n\t\t\t\t\t<\/div>\n\t\t\t\t<\/div>\n\t\t\t\t<\/div>\n\t\t","protected":false},"excerpt":{"rendered":"<p>VHS Mitarbeiter*innen Team Nord Team S\u00fcd VHS der Volksgruppen \u00d6rtliche Volkshochschulvereine LandesverbandPfarrgasse 107000 Eisenstadt 0 26 82 \/ 61 363info@vhs-burgenland.at \u00a0 \u00d6rtliche Volkshochschulvereine Volkshochschule Neusiedl am See Untere Hauptstra\u00dfe 487100 Neusiedl\/See Vorsitzende:Ing.in\u00a0Friederike PirringerMag.a Elisabeth W\u00f6gerer Information und Anmeldung:Sabina Kagerer, Tel: 0 699 \/ 81 12 69 78, office@vhs-neusiedl.atwww.vhs-neusiedl.at \u00a0 Volkshochschule Gols Untere Hauptstra\u00dfe 107122 Gols [&hellip;]<\/p>\n","protected":false},"author":1,"featured_media":0,"parent":297,"menu_order":0,"comment_status":"closed","ping_status":"closed","template":"","meta":{"ocean_post_layout":"","ocean_both_sidebars_style":"","ocean_both_sidebars_content_width":0,"ocean_both_sidebars_sidebars_width":0,"ocean_sidebar":"","ocean_second_sidebar":"","ocean_disable_margins":"enable","ocean_add_body_class":"","ocean_shortcode_before_top_bar":"","ocean_shortcode_after_top_bar":"","ocean_shortcode_before_header":"","ocean_shortcode_after_header":"","ocean_has_shortcode":"","ocean_shortcode_after_title":"","ocean_shortcode_before_footer_widgets":"","ocean_shortcode_after_footer_widgets":"","ocean_shortcode_before_footer_bottom":"","ocean_shortcode_after_footer_bottom":"","ocean_display_top_bar":"default","ocean_display_header":"default","ocean_header_style":"","ocean_center_header_left_menu":"","ocean_custom_header_template":"","ocean_custom_logo":0,"ocean_custom_retina_logo":0,"ocean_custom_logo_max_width":0,"ocean_custom_logo_tablet_max_width":0,"ocean_custom_logo_mobile_max_width":0,"ocean_custom_logo_max_height":0,"ocean_custom_logo_tablet_max_height":0,"ocean_custom_logo_mobile_max_height":0,"ocean_header_custom_menu":"","ocean_menu_typo_font_family":"","ocean_menu_typo_font_subset":"","ocean_menu_typo_font_size":0,"ocean_menu_typo_font_size_tablet":0,"ocean_menu_typo_font_size_mobile":0,"ocean_menu_typo_font_size_unit":"px","ocean_menu_typo_font_weight":"","ocean_menu_typo_font_weight_tablet":"","ocean_menu_typo_font_weight_mobile":"","ocean_menu_typo_transform":"","ocean_menu_typo_transform_tablet":"","ocean_menu_typo_transform_mobile":"","ocean_menu_typo_line_height":0,"ocean_menu_typo_line_height_tablet":0,"ocean_menu_typo_line_height_mobile":0,"ocean_menu_typo_line_height_unit":"","ocean_menu_typo_spacing":0,"ocean_menu_typo_spacing_tablet":0,"ocean_menu_typo_spacing_mobile":0,"ocean_menu_typo_spacing_unit":"","ocean_menu_link_color":"","ocean_menu_link_color_hover":"","ocean_menu_link_color_active":"","ocean_menu_link_background":"","ocean_menu_link_hover_background":"","ocean_menu_link_active_background":"","ocean_menu_social_links_bg":"","ocean_menu_social_hover_links_bg":"","ocean_menu_social_links_color":"","ocean_menu_social_hover_links_color":"","ocean_disable_title":"default","ocean_disable_heading":"default","ocean_post_title":"","ocean_post_subheading":"","ocean_post_title_style":"","ocean_post_title_background_color":"","ocean_post_title_background":0,"ocean_post_title_bg_image_position":"","ocean_post_title_bg_image_attachment":"","ocean_post_title_bg_image_repeat":"","ocean_post_title_bg_image_size":"","ocean_post_title_height":0,"ocean_post_title_bg_overlay":0.5,"ocean_post_title_bg_overlay_color":"","ocean_disable_breadcrumbs":"default","ocean_breadcrumbs_color":"","ocean_breadcrumbs_separator_color":"","ocean_breadcrumbs_links_color":"","ocean_breadcrumbs_links_hover_color":"","ocean_display_footer_widgets":"default","ocean_display_footer_bottom":"default","ocean_custom_footer_template":"","osh_disable_topbar_sticky":"default","osh_disable_header_sticky":"default","osh_sticky_header_style":"default","osh_sticky_header_effect":"","osh_custom_sticky_logo":0,"osh_custom_retina_sticky_logo":0,"osh_custom_sticky_logo_height":0,"osh_background_color":"","osh_links_color":"","osh_links_hover_color":"","osh_links_active_color":"","osh_links_bg_color":"","osh_links_hover_bg_color":"","osh_links_active_bg_color":"","osh_menu_social_links_color":"","osh_menu_social_hover_links_color":"","_mc_calendar":[],"footnotes":""},"class_list":["post-2539","page","type-page","status-publish","hentry","entry"],"yoast_head":"<!-- This site is optimized with the Yoast SEO plugin v27.2 - https:\/\/yoast.com\/product\/yoast-seo-wordpress\/ -->\n<title>\u00d6rtliche Volkshochschulvereine - VHS Burgenl\u00e4ndische Volkshochschulen<\/title>\n<meta name=\"description\" content=\"\u00d6rtliche Volkshochschulvereine im Burgenland: Regionale Partner der Burgenl\u00e4ndischen Volkshochschulen \u2013 Bildung und Weiterbildung direkt vor Ort.\" \/>\n<meta name=\"robots\" content=\"index, follow, max-snippet:-1, max-image-preview:large, max-video-preview:-1\" \/>\n<link rel=\"canonical\" href=\"https:\/\/www.vhs-burgenland.at\/wp_neu\/kontakte-team\/oertliche-volkshochschulvereine\/\" \/>\n<meta property=\"og:locale\" content=\"de_DE\" \/>\n<meta property=\"og:type\" content=\"article\" \/>\n<meta property=\"og:title\" content=\"\u00d6rtliche Volkshochschulvereine - VHS Burgenl\u00e4ndische Volkshochschulen\" \/>\n<meta property=\"og:description\" content=\"\u00d6rtliche Volkshochschulvereine im Burgenland: Regionale Partner der Burgenl\u00e4ndischen Volkshochschulen \u2013 Bildung und Weiterbildung direkt vor Ort.\" \/>\n<meta property=\"og:url\" content=\"https:\/\/www.vhs-burgenland.at\/wp_neu\/kontakte-team\/oertliche-volkshochschulvereine\/\" \/>\n<meta property=\"og:site_name\" content=\"VHS Burgenl\u00e4ndische Volkshochschulen\" \/>\n<meta property=\"article:publisher\" content=\"https:\/\/www.facebook.com\/BurgenlaendischeVolkshochschulen\/\" \/>\n<meta property=\"article:modified_time\" content=\"2025-10-01T08:57:18+00:00\" \/>\n<meta name=\"twitter:card\" content=\"summary_large_image\" \/>\n<meta name=\"twitter:label1\" content=\"Gesch\u00e4tzte Lesezeit\" \/>\n\t<meta name=\"twitter:data1\" content=\"2 Minuten\" \/>\n<script type=\"application\/ld+json\" class=\"yoast-schema-graph\">{\"@context\":\"https:\/\/schema.org\",\"@graph\":[{\"@type\":\"WebPage\",\"@id\":\"https:\/\/www.vhs-burgenland.at\/wp_neu\/kontakte-team\/oertliche-volkshochschulvereine\/\",\"url\":\"https:\/\/www.vhs-burgenland.at\/wp_neu\/kontakte-team\/oertliche-volkshochschulvereine\/\",\"name\":\"\u00d6rtliche Volkshochschulvereine - VHS Burgenl\u00e4ndische Volkshochschulen\",\"isPartOf\":{\"@id\":\"https:\/\/www.vhs-burgenland.at\/wp_neu\/#website\"},\"datePublished\":\"2025-05-27T07:43:57+00:00\",\"dateModified\":\"2025-10-01T08:57:18+00:00\",\"description\":\"\u00d6rtliche Volkshochschulvereine im Burgenland: Regionale Partner der Burgenl\u00e4ndischen Volkshochschulen \u2013 Bildung und Weiterbildung direkt vor Ort.\",\"breadcrumb\":{\"@id\":\"https:\/\/www.vhs-burgenland.at\/wp_neu\/kontakte-team\/oertliche-volkshochschulvereine\/#breadcrumb\"},\"inLanguage\":\"de-AT\",\"potentialAction\":[{\"@type\":\"ReadAction\",\"target\":[\"https:\/\/www.vhs-burgenland.at\/wp_neu\/kontakte-team\/oertliche-volkshochschulvereine\/\"]}]},{\"@type\":\"BreadcrumbList\",\"@id\":\"https:\/\/www.vhs-burgenland.at\/wp_neu\/kontakte-team\/oertliche-volkshochschulvereine\/#breadcrumb\",\"itemListElement\":[{\"@type\":\"ListItem\",\"position\":1,\"name\":\"Startseite\",\"item\":\"https:\/\/www.vhs-burgenland.at\/wp_neu\/\"},{\"@type\":\"ListItem\",\"position\":2,\"name\":\"Kontakte &amp; Team\",\"item\":\"https:\/\/www.vhs-burgenland.at\/wp_neu\/kontakte-team\/\"},{\"@type\":\"ListItem\",\"position\":3,\"name\":\"\u00d6rtliche Volkshochschulvereine\"}]},{\"@type\":\"WebSite\",\"@id\":\"https:\/\/www.vhs-burgenland.at\/wp_neu\/#website\",\"url\":\"https:\/\/www.vhs-burgenland.at\/wp_neu\/\",\"name\":\"VHS Burgenl\u00e4ndische Volkshochschulen\",\"description\":\"Wir sind, wo Sie sind!\",\"publisher\":{\"@id\":\"https:\/\/www.vhs-burgenland.at\/wp_neu\/#organization\"},\"potentialAction\":[{\"@type\":\"SearchAction\",\"target\":{\"@type\":\"EntryPoint\",\"urlTemplate\":\"https:\/\/www.vhs-burgenland.at\/wp_neu\/?s={search_term_string}\"},\"query-input\":{\"@type\":\"PropertyValueSpecification\",\"valueRequired\":true,\"valueName\":\"search_term_string\"}}],\"inLanguage\":\"de-AT\"},{\"@type\":\"Organization\",\"@id\":\"https:\/\/www.vhs-burgenland.at\/wp_neu\/#organization\",\"name\":\"VHS Burgenl\u00e4ndische Volkshochschulen\",\"url\":\"https:\/\/www.vhs-burgenland.at\/wp_neu\/\",\"logo\":{\"@type\":\"ImageObject\",\"inLanguage\":\"de-AT\",\"@id\":\"https:\/\/www.vhs-burgenland.at\/wp_neu\/#\/schema\/logo\/image\/\",\"url\":\"https:\/\/www.vhs-burgenland.at\/wp_neu\/wp-content\/uploads\/2025\/05\/vhs_logo_kl.png\",\"contentUrl\":\"https:\/\/www.vhs-burgenland.at\/wp_neu\/wp-content\/uploads\/2025\/05\/vhs_logo_kl.png\",\"width\":250,\"height\":52,\"caption\":\"VHS Burgenl\u00e4ndische Volkshochschulen\"},\"image\":{\"@id\":\"https:\/\/www.vhs-burgenland.at\/wp_neu\/#\/schema\/logo\/image\/\"},\"sameAs\":[\"https:\/\/www.facebook.com\/BurgenlaendischeVolkshochschulen\/\",\"https:\/\/www.instagram.com\/vhsburgenland\",\"https:\/\/www.youtube.com\/@burgenlandischevolkshochsc6605\",\"https:\/\/bsky.app\/profile\/vhsburgenland.bsky.social\"]}]}<\/script>\n<!-- \/ Yoast SEO plugin. -->","yoast_head_json":{"title":"\u00d6rtliche Volkshochschulvereine - VHS Burgenl\u00e4ndische Volkshochschulen","description":"\u00d6rtliche Volkshochschulvereine im Burgenland: Regionale Partner der Burgenl\u00e4ndischen Volkshochschulen \u2013 Bildung und Weiterbildung direkt vor Ort.","robots":{"index":"index","follow":"follow","max-snippet":"max-snippet:-1","max-image-preview":"max-image-preview:large","max-video-preview":"max-video-preview:-1"},"canonical":"https:\/\/www.vhs-burgenland.at\/wp_neu\/kontakte-team\/oertliche-volkshochschulvereine\/","og_locale":"de_DE","og_type":"article","og_title":"\u00d6rtliche Volkshochschulvereine - VHS Burgenl\u00e4ndische Volkshochschulen","og_description":"\u00d6rtliche Volkshochschulvereine im Burgenland: Regionale Partner der Burgenl\u00e4ndischen Volkshochschulen \u2013 Bildung und Weiterbildung direkt vor Ort.","og_url":"https:\/\/www.vhs-burgenland.at\/wp_neu\/kontakte-team\/oertliche-volkshochschulvereine\/","og_site_name":"VHS Burgenl\u00e4ndische Volkshochschulen","article_publisher":"https:\/\/www.facebook.com\/BurgenlaendischeVolkshochschulen\/","article_modified_time":"2025-10-01T08:57:18+00:00","twitter_card":"summary_large_image","twitter_misc":{"Gesch\u00e4tzte Lesezeit":"2 Minuten"},"schema":{"@context":"https:\/\/schema.org","@graph":[{"@type":"WebPage","@id":"https:\/\/www.vhs-burgenland.at\/wp_neu\/kontakte-team\/oertliche-volkshochschulvereine\/","url":"https:\/\/www.vhs-burgenland.at\/wp_neu\/kontakte-team\/oertliche-volkshochschulvereine\/","name":"\u00d6rtliche Volkshochschulvereine - VHS Burgenl\u00e4ndische Volkshochschulen","isPartOf":{"@id":"https:\/\/www.vhs-burgenland.at\/wp_neu\/#website"},"datePublished":"2025-05-27T07:43:57+00:00","dateModified":"2025-10-01T08:57:18+00:00","description":"\u00d6rtliche Volkshochschulvereine im Burgenland: Regionale Partner der Burgenl\u00e4ndischen Volkshochschulen \u2013 Bildung und Weiterbildung direkt vor Ort.","breadcrumb":{"@id":"https:\/\/www.vhs-burgenland.at\/wp_neu\/kontakte-team\/oertliche-volkshochschulvereine\/#breadcrumb"},"inLanguage":"de-AT","potentialAction":[{"@type":"ReadAction","target":["https:\/\/www.vhs-burgenland.at\/wp_neu\/kontakte-team\/oertliche-volkshochschulvereine\/"]}]},{"@type":"BreadcrumbList","@id":"https:\/\/www.vhs-burgenland.at\/wp_neu\/kontakte-team\/oertliche-volkshochschulvereine\/#breadcrumb","itemListElement":[{"@type":"ListItem","position":1,"name":"Startseite","item":"https:\/\/www.vhs-burgenland.at\/wp_neu\/"},{"@type":"ListItem","position":2,"name":"Kontakte &amp; Team","item":"https:\/\/www.vhs-burgenland.at\/wp_neu\/kontakte-team\/"},{"@type":"ListItem","position":3,"name":"\u00d6rtliche Volkshochschulvereine"}]},{"@type":"WebSite","@id":"https:\/\/www.vhs-burgenland.at\/wp_neu\/#website","url":"https:\/\/www.vhs-burgenland.at\/wp_neu\/","name":"VHS Burgenl\u00e4ndische Volkshochschulen","description":"Wir sind, wo Sie sind!","publisher":{"@id":"https:\/\/www.vhs-burgenland.at\/wp_neu\/#organization"},"potentialAction":[{"@type":"SearchAction","target":{"@type":"EntryPoint","urlTemplate":"https:\/\/www.vhs-burgenland.at\/wp_neu\/?s={search_term_string}"},"query-input":{"@type":"PropertyValueSpecification","valueRequired":true,"valueName":"search_term_string"}}],"inLanguage":"de-AT"},{"@type":"Organization","@id":"https:\/\/www.vhs-burgenland.at\/wp_neu\/#organization","name":"VHS Burgenl\u00e4ndische Volkshochschulen","url":"https:\/\/www.vhs-burgenland.at\/wp_neu\/","logo":{"@type":"ImageObject","inLanguage":"de-AT","@id":"https:\/\/www.vhs-burgenland.at\/wp_neu\/#\/schema\/logo\/image\/","url":"https:\/\/www.vhs-burgenland.at\/wp_neu\/wp-content\/uploads\/2025\/05\/vhs_logo_kl.png","contentUrl":"https:\/\/www.vhs-burgenland.at\/wp_neu\/wp-content\/uploads\/2025\/05\/vhs_logo_kl.png","width":250,"height":52,"caption":"VHS Burgenl\u00e4ndische Volkshochschulen"},"image":{"@id":"https:\/\/www.vhs-burgenland.at\/wp_neu\/#\/schema\/logo\/image\/"},"sameAs":["https:\/\/www.facebook.com\/BurgenlaendischeVolkshochschulen\/","https:\/\/www.instagram.com\/vhsburgenland","https:\/\/www.youtube.com\/@burgenlandischevolkshochsc6605","https:\/\/bsky.app\/profile\/vhsburgenland.bsky.social"]}]}},"_links":{"self":[{"href":"https:\/\/www.vhs-burgenland.at\/wp_neu\/wp-json\/wp\/v2\/pages\/2539","targetHints":{"allow":["GET"]}}],"collection":[{"href":"https:\/\/www.vhs-burgenland.at\/wp_neu\/wp-json\/wp\/v2\/pages"}],"about":[{"href":"https:\/\/www.vhs-burgenland.at\/wp_neu\/wp-json\/wp\/v2\/types\/page"}],"author":[{"embeddable":true,"href":"https:\/\/www.vhs-burgenland.at\/wp_neu\/wp-json\/wp\/v2\/users\/1"}],"replies":[{"embeddable":true,"href":"https:\/\/www.vhs-burgenland.at\/wp_neu\/wp-json\/wp\/v2\/comments?post=2539"}],"version-history":[{"count":16,"href":"https:\/\/www.vhs-burgenland.at\/wp_neu\/wp-json\/wp\/v2\/pages\/2539\/revisions"}],"predecessor-version":[{"id":5309,"href":"https:\/\/www.vhs-burgenland.at\/wp_neu\/wp-json\/wp\/v2\/pages\/2539\/revisions\/5309"}],"up":[{"embeddable":true,"href":"https:\/\/www.vhs-burgenland.at\/wp_neu\/wp-json\/wp\/v2\/pages\/297"}],"wp:attachment":[{"href":"https:\/\/www.vhs-burgenland.at\/wp_neu\/wp-json\/wp\/v2\/media?parent=2539"}],"curies":[{"name":"wp","href":"https:\/\/api.w.org\/{rel}","templated":true}]}}