{"id":2159,"date":"2025-05-22T10:12:19","date_gmt":"2025-05-22T08:12:19","guid":{"rendered":"https:\/\/www.vhs-burgenland.at\/wp_neu\/?page_id=2159"},"modified":"2026-03-03T10:53:55","modified_gmt":"2026-03-03T09:53:55","slug":"natur-umwelt-technik","status":"publish","type":"page","link":"https:\/\/www.vhs-burgenland.at\/wp_neu\/angebot\/natur-umwelt-technik\/","title":{"rendered":"Natur, Umwelt &amp; Technik"},"content":{"rendered":"\t\t<div data-elementor-type=\"wp-page\" data-elementor-id=\"2159\" class=\"elementor elementor-2159\">\n\t\t\t\t<div class=\"elementor-element elementor-element-396e73f e-flex e-con-boxed e-con e-parent\" data-id=\"396e73f\" data-element_type=\"container\" data-e-type=\"container\">\n\t\t\t\t\t<div class=\"e-con-inner\">\n\t\t<div class=\"elementor-element elementor-element-15c8bd1 e-con-full e-flex e-con e-child\" data-id=\"15c8bd1\" data-element_type=\"container\" data-e-type=\"container\">\n\t\t<div class=\"elementor-element elementor-element-0ec1b11 e-con-full e-flex e-con e-child\" data-id=\"0ec1b11\" data-element_type=\"container\" data-e-type=\"container\" data-settings=\"{&quot;background_background&quot;:&quot;classic&quot;}\">\n\t\t\t\t<div class=\"elementor-element elementor-element-aff8227 elementor-view-default elementor-widget elementor-widget-icon\" data-id=\"aff8227\" data-element_type=\"widget\" data-e-type=\"widget\" data-widget_type=\"icon.default\">\n\t\t\t\t<div class=\"elementor-widget-container\">\n\t\t\t\t\t\t\t<div class=\"elementor-icon-wrapper\">\n\t\t\t<div class=\"elementor-icon\">\n\t\t\t<svg aria-hidden=\"true\" class=\"e-font-icon-svg e-fas-info-circle\" viewBox=\"0 0 512 512\" xmlns=\"http:\/\/www.w3.org\/2000\/svg\"><path d=\"M256 8C119.043 8 8 119.083 8 256c0 136.997 111.043 248 248 248s248-111.003 248-248C504 119.083 392.957 8 256 8zm0 110c23.196 0 42 18.804 42 42s-18.804 42-42 42-42-18.804-42-42 18.804-42 42-42zm56 254c0 6.627-5.373 12-12 12h-88c-6.627 0-12-5.373-12-12v-24c0-6.627 5.373-12 12-12h12v-64h-12c-6.627 0-12-5.373-12-12v-24c0-6.627 5.373-12 12-12h64c6.627 0 12 5.373 12 12v100h12c6.627 0 12 5.373 12 12v24z\"><\/path><\/svg>\t\t\t<\/div>\n\t\t<\/div>\n\t\t\t\t\t\t<\/div>\n\t\t\t\t<\/div>\n\t\t\t\t<div class=\"elementor-element elementor-element-ce6ffeb elementor-widget elementor-widget-text-editor\" data-id=\"ce6ffeb\" data-element_type=\"widget\" data-e-type=\"widget\" data-widget_type=\"text-editor.default\">\n\t\t\t\t<div class=\"elementor-widget-container\">\n\t\t\t\t\t\t\t\t\t<p><b>Information<\/b><\/p><p>0 26 82 \/ 61 363<br \/><a href=\"mailto:info@vhs-burgenland.at?subject=\">info@vhs-burgenland.at<\/a><\/p>\t\t\t\t\t\t\t\t<\/div>\n\t\t\t\t<\/div>\n\t\t\t\t<\/div>\n\t\t\t\t<\/div>\n\t\t\t\t<div class=\"elementor-element elementor-element-fa6907a elementor-widget elementor-widget-text-editor\" data-id=\"fa6907a\" data-element_type=\"widget\" data-e-type=\"widget\" data-widget_type=\"text-editor.default\">\n\t\t\t\t<div class=\"elementor-widget-container\">\n\t\t\t\t\t\t\t\t\t<div class=\"wpb_text_column wpb_content_element \"><h2 data-start=\"0\" data-end=\"71\"><strong>Natur, Umwelt &amp; Technik. <\/strong><strong>Wissen f\u00fcr eine nachhaltige Zukunft<\/strong><\/h2><p><img decoding=\"async\" class=\"alignleft wp-image-3667\" src=\"https:\/\/www.vhs-burgenland.at\/wp_neu\/wp-content\/uploads\/2025\/06\/Symbol-Natur-Umwelt-Technik-150x150.png\" alt=\"Piktogram: eine Hand h\u00e4lt eine kleine Pflanze\" width=\"100\" height=\"100\" srcset=\"https:\/\/www.vhs-burgenland.at\/wp_neu\/wp-content\/uploads\/2025\/06\/Symbol-Natur-Umwelt-Technik-150x150.png 150w, https:\/\/www.vhs-burgenland.at\/wp_neu\/wp-content\/uploads\/2025\/06\/Symbol-Natur-Umwelt-Technik-300x300.png 300w, https:\/\/www.vhs-burgenland.at\/wp_neu\/wp-content\/uploads\/2025\/06\/Symbol-Natur-Umwelt-Technik.png 512w\" sizes=\"(max-width: 100px) 100vw, 100px\" \/><\/p><p data-start=\"302\" data-end=\"672\">Die Themen Natur, Umwelt und Technik spielen eine immer gr\u00f6\u00dfere Rolle in unserem Alltag. Klimawandel, Artenvielfalt, nachhaltige Ressourcennutzung und technologische Innovationen fordern uns heraus, neue Wege zu denken und verantwortungsvoll zu handeln. Wer \u00f6kologische Zusammenh\u00e4nge versteht und technische Entwicklungen einordnen kann, gestaltet die Zukunft aktiv mit.<\/p><p data-start=\"674\" data-end=\"798\">Unser vielf\u00e4ltiges Kursangebot im Bereich <strong data-start=\"716\" data-end=\"743\">Natur, Umwelt &amp; Technik<\/strong> verbindet fundiertes Wissen mit praxisnaher Anwendung:<\/p><ul data-start=\"800\" data-end=\"1597\"><li data-start=\"800\" data-end=\"953\"><p data-start=\"802\" data-end=\"953\"><strong data-start=\"802\" data-end=\"820\">Natur &amp; Garten<\/strong> \u2013 Lernen Sie heimische Pflanzen kennen, erfahren Sie mehr \u00fcber naturnahes G\u00e4rtnern, Biodiversit\u00e4t und nachhaltige Bewirtschaftung.<\/p><\/li><li data-start=\"954\" data-end=\"1118\"><p data-start=\"956\" data-end=\"1118\"><strong data-start=\"956\" data-end=\"986\">Naturkundliche Exkursionen<\/strong> \u2013 Entdecken Sie Lebensr\u00e4ume vor Ort, beobachten Sie Flora und Fauna und vertiefen Sie Ihr Verst\u00e4ndnis f\u00fcr \u00f6kologische Kreisl\u00e4ufe.<\/p><\/li><li data-start=\"1119\" data-end=\"1313\"><p data-start=\"1121\" data-end=\"1313\"><strong data-start=\"1121\" data-end=\"1148\">Umwelt &amp; Nachhaltigkeit<\/strong> \u2013 Setzen Sie sich mit Klimaschutz, Ressourcenschonung und nachhaltigem Konsum auseinander und erhalten Sie konkrete Impulse f\u00fcr umweltbewusstes Handeln im Alltag.<\/p><\/li><li data-start=\"1314\" data-end=\"1475\"><p data-start=\"1316\" data-end=\"1475\"><strong data-start=\"1316\" data-end=\"1327\">Technik<\/strong> \u2013 Gewinnen Sie Einblicke in technische Entwicklungen, innovative L\u00f6sungen und digitale Anwendungen, die unseren Lebens- und Arbeitsalltag pr\u00e4gen.<\/p><\/li><li data-start=\"1476\" data-end=\"1597\"><p data-start=\"1478\" data-end=\"1597\"><strong data-start=\"1478\" data-end=\"1496\">Rund um\u2019s Tier<\/strong> \u2013 Erweitern Sie Ihr Wissen \u00fcber Tierhaltung, Tiergesundheit und den respektvollen Umgang mit Tieren.<\/p><\/li><\/ul><p data-start=\"1599\" data-end=\"1909\">Unsere Angebote richten sich an alle, die sich f\u00fcr \u00f6kologische Zusammenh\u00e4nge, nachhaltige Lebensweisen und technische Innovationen interessieren \u2013 unabh\u00e4ngig von Vorkenntnissen. Ob Vortrag, Workshop oder Exkursion: Sie erhalten wissenschaftlich fundierte Informationen, praktische Tipps und Raum f\u00fcr Austausch.<\/p><p data-start=\"1911\" data-end=\"2147\">Nutzen Sie die Chance, Ihr Wissen zu vertiefen, neue Perspektiven zu gewinnen und aktiv zu einer nachhaltigen, verantwortungsvollen Zukunft beizutragen. Bildung ist der Schl\u00fcssel \u2013 f\u00fcr ein bewusstes Heute und ein lebenswertes Morgen.<\/p><\/div>\t\t\t\t\t\t\t\t<\/div>\n\t\t\t\t<\/div>\n\t\t\t\t\t<\/div>\n\t\t\t\t<\/div>\n\t\t\t\t<\/div>\n\t\t","protected":false},"excerpt":{"rendered":"<p>Information 0 26 82 \/ 61 363info@vhs-burgenland.at Natur, Umwelt &amp; Technik. Wissen f\u00fcr eine nachhaltige Zukunft Die Themen Natur, Umwelt und Technik spielen eine immer gr\u00f6\u00dfere Rolle in unserem Alltag. Klimawandel, Artenvielfalt, nachhaltige Ressourcennutzung und technologische Innovationen fordern uns heraus, neue Wege zu denken und verantwortungsvoll zu handeln. Wer \u00f6kologische Zusammenh\u00e4nge versteht und technische Entwicklungen [&hellip;]<\/p>\n","protected":false},"author":1,"featured_media":0,"parent":263,"menu_order":0,"comment_status":"closed","ping_status":"closed","template":"","meta":{"ocean_post_layout":"","ocean_both_sidebars_style":"","ocean_both_sidebars_content_width":0,"ocean_both_sidebars_sidebars_width":0,"ocean_sidebar":"","ocean_second_sidebar":"","ocean_disable_margins":"enable","ocean_add_body_class":"","ocean_shortcode_before_top_bar":"","ocean_shortcode_after_top_bar":"","ocean_shortcode_before_header":"","ocean_shortcode_after_header":"","ocean_has_shortcode":"","ocean_shortcode_after_title":"","ocean_shortcode_before_footer_widgets":"","ocean_shortcode_after_footer_widgets":"","ocean_shortcode_before_footer_bottom":"","ocean_shortcode_after_footer_bottom":"","ocean_display_top_bar":"default","ocean_display_header":"default","ocean_header_style":"","ocean_center_header_left_menu":"","ocean_custom_header_template":"","ocean_custom_logo":0,"ocean_custom_retina_logo":0,"ocean_custom_logo_max_width":0,"ocean_custom_logo_tablet_max_width":0,"ocean_custom_logo_mobile_max_width":0,"ocean_custom_logo_max_height":0,"ocean_custom_logo_tablet_max_height":0,"ocean_custom_logo_mobile_max_height":0,"ocean_header_custom_menu":"","ocean_menu_typo_font_family":"","ocean_menu_typo_font_subset":"","ocean_menu_typo_font_size":0,"ocean_menu_typo_font_size_tablet":0,"ocean_menu_typo_font_size_mobile":0,"ocean_menu_typo_font_size_unit":"px","ocean_menu_typo_font_weight":"","ocean_menu_typo_font_weight_tablet":"","ocean_menu_typo_font_weight_mobile":"","ocean_menu_typo_transform":"","ocean_menu_typo_transform_tablet":"","ocean_menu_typo_transform_mobile":"","ocean_menu_typo_line_height":0,"ocean_menu_typo_line_height_tablet":0,"ocean_menu_typo_line_height_mobile":0,"ocean_menu_typo_line_height_unit":"","ocean_menu_typo_spacing":0,"ocean_menu_typo_spacing_tablet":0,"ocean_menu_typo_spacing_mobile":0,"ocean_menu_typo_spacing_unit":"","ocean_menu_link_color":"","ocean_menu_link_color_hover":"","ocean_menu_link_color_active":"","ocean_menu_link_background":"","ocean_menu_link_hover_background":"","ocean_menu_link_active_background":"","ocean_menu_social_links_bg":"","ocean_menu_social_hover_links_bg":"","ocean_menu_social_links_color":"","ocean_menu_social_hover_links_color":"","ocean_disable_title":"default","ocean_disable_heading":"default","ocean_post_title":"","ocean_post_subheading":"","ocean_post_title_style":"","ocean_post_title_background_color":"","ocean_post_title_background":0,"ocean_post_title_bg_image_position":"","ocean_post_title_bg_image_attachment":"","ocean_post_title_bg_image_repeat":"","ocean_post_title_bg_image_size":"","ocean_post_title_height":0,"ocean_post_title_bg_overlay":0.5,"ocean_post_title_bg_overlay_color":"","ocean_disable_breadcrumbs":"default","ocean_breadcrumbs_color":"","ocean_breadcrumbs_separator_color":"","ocean_breadcrumbs_links_color":"","ocean_breadcrumbs_links_hover_color":"","ocean_display_footer_widgets":"default","ocean_display_footer_bottom":"default","ocean_custom_footer_template":"","osh_disable_topbar_sticky":"default","osh_disable_header_sticky":"default","osh_sticky_header_style":"default","osh_sticky_header_effect":"","osh_custom_sticky_logo":0,"osh_custom_retina_sticky_logo":0,"osh_custom_sticky_logo_height":0,"osh_background_color":"","osh_links_color":"","osh_links_hover_color":"","osh_links_active_color":"","osh_links_bg_color":"","osh_links_hover_bg_color":"","osh_links_active_bg_color":"","osh_menu_social_links_color":"","osh_menu_social_hover_links_color":"","_mc_calendar":[],"footnotes":""},"class_list":["post-2159","page","type-page","status-publish","hentry","entry"],"yoast_head":"<!-- This site is optimized with the Yoast SEO plugin v27.2 - https:\/\/yoast.com\/product\/yoast-seo-wordpress\/ -->\n<title>Natur, Umwelt &amp; Technik - VHS Burgenl\u00e4ndische Volkshochschulen<\/title>\n<meta name=\"description\" content=\"Natur, Umwelt &amp; Technik bei den Burgenl\u00e4ndischen Volkshochschulen: Spannende Kurse und Workshops zu Nachhaltigkeit, Klima, Energie und technischen Themen\" \/>\n<meta name=\"robots\" content=\"index, follow, max-snippet:-1, max-image-preview:large, max-video-preview:-1\" \/>\n<link rel=\"canonical\" href=\"https:\/\/www.vhs-burgenland.at\/wp_neu\/angebot\/natur-umwelt-technik\/\" \/>\n<meta property=\"og:locale\" content=\"de_DE\" \/>\n<meta property=\"og:type\" content=\"article\" \/>\n<meta property=\"og:title\" content=\"Natur, Umwelt &amp; Technik - VHS Burgenl\u00e4ndische Volkshochschulen\" \/>\n<meta property=\"og:description\" content=\"Natur, Umwelt &amp; Technik bei den Burgenl\u00e4ndischen Volkshochschulen: Spannende Kurse und Workshops zu Nachhaltigkeit, Klima, Energie und technischen Themen\" \/>\n<meta property=\"og:url\" content=\"https:\/\/www.vhs-burgenland.at\/wp_neu\/angebot\/natur-umwelt-technik\/\" \/>\n<meta property=\"og:site_name\" content=\"VHS Burgenl\u00e4ndische Volkshochschulen\" \/>\n<meta property=\"article:publisher\" content=\"https:\/\/www.facebook.com\/BurgenlaendischeVolkshochschulen\/\" \/>\n<meta property=\"article:modified_time\" content=\"2026-03-03T09:53:55+00:00\" \/>\n<meta property=\"og:image\" content=\"https:\/\/www.vhs-burgenland.at\/wp_neu\/wp-content\/uploads\/2025\/06\/Symbol-Natur-Umwelt-Technik.png\" \/>\n\t<meta property=\"og:image:width\" content=\"512\" \/>\n\t<meta property=\"og:image:height\" content=\"512\" \/>\n\t<meta property=\"og:image:type\" content=\"image\/png\" \/>\n<meta name=\"twitter:card\" content=\"summary_large_image\" \/>\n<meta name=\"twitter:label1\" content=\"Gesch\u00e4tzte Lesezeit\" \/>\n\t<meta name=\"twitter:data1\" content=\"2 Minuten\" \/>\n<script type=\"application\/ld+json\" class=\"yoast-schema-graph\">{\"@context\":\"https:\/\/schema.org\",\"@graph\":[{\"@type\":\"WebPage\",\"@id\":\"https:\/\/www.vhs-burgenland.at\/wp_neu\/angebot\/natur-umwelt-technik\/\",\"url\":\"https:\/\/www.vhs-burgenland.at\/wp_neu\/angebot\/natur-umwelt-technik\/\",\"name\":\"Natur, Umwelt &amp; Technik - VHS Burgenl\u00e4ndische Volkshochschulen\",\"isPartOf\":{\"@id\":\"https:\/\/www.vhs-burgenland.at\/wp_neu\/#website\"},\"primaryImageOfPage\":{\"@id\":\"https:\/\/www.vhs-burgenland.at\/wp_neu\/angebot\/natur-umwelt-technik\/#primaryimage\"},\"image\":{\"@id\":\"https:\/\/www.vhs-burgenland.at\/wp_neu\/angebot\/natur-umwelt-technik\/#primaryimage\"},\"thumbnailUrl\":\"https:\/\/www.vhs-burgenland.at\/wp_neu\/wp-content\/uploads\/2025\/06\/Symbol-Natur-Umwelt-Technik-150x150.png\",\"datePublished\":\"2025-05-22T08:12:19+00:00\",\"dateModified\":\"2026-03-03T09:53:55+00:00\",\"description\":\"Natur, Umwelt & Technik bei den Burgenl\u00e4ndischen Volkshochschulen: Spannende Kurse und Workshops zu Nachhaltigkeit, Klima, Energie und technischen Themen\",\"breadcrumb\":{\"@id\":\"https:\/\/www.vhs-burgenland.at\/wp_neu\/angebot\/natur-umwelt-technik\/#breadcrumb\"},\"inLanguage\":\"de-AT\",\"potentialAction\":[{\"@type\":\"ReadAction\",\"target\":[\"https:\/\/www.vhs-burgenland.at\/wp_neu\/angebot\/natur-umwelt-technik\/\"]}]},{\"@type\":\"ImageObject\",\"inLanguage\":\"de-AT\",\"@id\":\"https:\/\/www.vhs-burgenland.at\/wp_neu\/angebot\/natur-umwelt-technik\/#primaryimage\",\"url\":\"https:\/\/www.vhs-burgenland.at\/wp_neu\/wp-content\/uploads\/2025\/06\/Symbol-Natur-Umwelt-Technik.png\",\"contentUrl\":\"https:\/\/www.vhs-burgenland.at\/wp_neu\/wp-content\/uploads\/2025\/06\/Symbol-Natur-Umwelt-Technik.png\",\"width\":512,\"height\":512,\"caption\":\"Piktogram: eine Hand h\u00e4lt eine kleine Pflanze\"},{\"@type\":\"BreadcrumbList\",\"@id\":\"https:\/\/www.vhs-burgenland.at\/wp_neu\/angebot\/natur-umwelt-technik\/#breadcrumb\",\"itemListElement\":[{\"@type\":\"ListItem\",\"position\":1,\"name\":\"Startseite\",\"item\":\"https:\/\/www.vhs-burgenland.at\/wp_neu\/\"},{\"@type\":\"ListItem\",\"position\":2,\"name\":\"Angebot\",\"item\":\"https:\/\/www.vhs-burgenland.at\/wp_neu\/angebot\/\"},{\"@type\":\"ListItem\",\"position\":3,\"name\":\"Natur, Umwelt &amp; Technik\"}]},{\"@type\":\"WebSite\",\"@id\":\"https:\/\/www.vhs-burgenland.at\/wp_neu\/#website\",\"url\":\"https:\/\/www.vhs-burgenland.at\/wp_neu\/\",\"name\":\"VHS Burgenl\u00e4ndische Volkshochschulen\",\"description\":\"Wir sind, wo Sie sind!\",\"publisher\":{\"@id\":\"https:\/\/www.vhs-burgenland.at\/wp_neu\/#organization\"},\"potentialAction\":[{\"@type\":\"SearchAction\",\"target\":{\"@type\":\"EntryPoint\",\"urlTemplate\":\"https:\/\/www.vhs-burgenland.at\/wp_neu\/?s={search_term_string}\"},\"query-input\":{\"@type\":\"PropertyValueSpecification\",\"valueRequired\":true,\"valueName\":\"search_term_string\"}}],\"inLanguage\":\"de-AT\"},{\"@type\":\"Organization\",\"@id\":\"https:\/\/www.vhs-burgenland.at\/wp_neu\/#organization\",\"name\":\"VHS Burgenl\u00e4ndische Volkshochschulen\",\"url\":\"https:\/\/www.vhs-burgenland.at\/wp_neu\/\",\"logo\":{\"@type\":\"ImageObject\",\"inLanguage\":\"de-AT\",\"@id\":\"https:\/\/www.vhs-burgenland.at\/wp_neu\/#\/schema\/logo\/image\/\",\"url\":\"https:\/\/www.vhs-burgenland.at\/wp_neu\/wp-content\/uploads\/2025\/05\/vhs_logo_kl.png\",\"contentUrl\":\"https:\/\/www.vhs-burgenland.at\/wp_neu\/wp-content\/uploads\/2025\/05\/vhs_logo_kl.png\",\"width\":250,\"height\":52,\"caption\":\"VHS Burgenl\u00e4ndische Volkshochschulen\"},\"image\":{\"@id\":\"https:\/\/www.vhs-burgenland.at\/wp_neu\/#\/schema\/logo\/image\/\"},\"sameAs\":[\"https:\/\/www.facebook.com\/BurgenlaendischeVolkshochschulen\/\",\"https:\/\/www.instagram.com\/vhsburgenland\",\"https:\/\/www.youtube.com\/@burgenlandischevolkshochsc6605\",\"https:\/\/bsky.app\/profile\/vhsburgenland.bsky.social\"]}]}<\/script>\n<!-- \/ Yoast SEO plugin. -->","yoast_head_json":{"title":"Natur, Umwelt &amp; Technik - VHS Burgenl\u00e4ndische Volkshochschulen","description":"Natur, Umwelt & Technik bei den Burgenl\u00e4ndischen Volkshochschulen: Spannende Kurse und Workshops zu Nachhaltigkeit, Klima, Energie und technischen Themen","robots":{"index":"index","follow":"follow","max-snippet":"max-snippet:-1","max-image-preview":"max-image-preview:large","max-video-preview":"max-video-preview:-1"},"canonical":"https:\/\/www.vhs-burgenland.at\/wp_neu\/angebot\/natur-umwelt-technik\/","og_locale":"de_DE","og_type":"article","og_title":"Natur, Umwelt &amp; Technik - VHS Burgenl\u00e4ndische Volkshochschulen","og_description":"Natur, Umwelt & Technik bei den Burgenl\u00e4ndischen Volkshochschulen: Spannende Kurse und Workshops zu Nachhaltigkeit, Klima, Energie und technischen Themen","og_url":"https:\/\/www.vhs-burgenland.at\/wp_neu\/angebot\/natur-umwelt-technik\/","og_site_name":"VHS Burgenl\u00e4ndische Volkshochschulen","article_publisher":"https:\/\/www.facebook.com\/BurgenlaendischeVolkshochschulen\/","article_modified_time":"2026-03-03T09:53:55+00:00","og_image":[{"width":512,"height":512,"url":"https:\/\/www.vhs-burgenland.at\/wp_neu\/wp-content\/uploads\/2025\/06\/Symbol-Natur-Umwelt-Technik.png","type":"image\/png"}],"twitter_card":"summary_large_image","twitter_misc":{"Gesch\u00e4tzte Lesezeit":"2 Minuten"},"schema":{"@context":"https:\/\/schema.org","@graph":[{"@type":"WebPage","@id":"https:\/\/www.vhs-burgenland.at\/wp_neu\/angebot\/natur-umwelt-technik\/","url":"https:\/\/www.vhs-burgenland.at\/wp_neu\/angebot\/natur-umwelt-technik\/","name":"Natur, Umwelt &amp; Technik - VHS Burgenl\u00e4ndische Volkshochschulen","isPartOf":{"@id":"https:\/\/www.vhs-burgenland.at\/wp_neu\/#website"},"primaryImageOfPage":{"@id":"https:\/\/www.vhs-burgenland.at\/wp_neu\/angebot\/natur-umwelt-technik\/#primaryimage"},"image":{"@id":"https:\/\/www.vhs-burgenland.at\/wp_neu\/angebot\/natur-umwelt-technik\/#primaryimage"},"thumbnailUrl":"https:\/\/www.vhs-burgenland.at\/wp_neu\/wp-content\/uploads\/2025\/06\/Symbol-Natur-Umwelt-Technik-150x150.png","datePublished":"2025-05-22T08:12:19+00:00","dateModified":"2026-03-03T09:53:55+00:00","description":"Natur, Umwelt & Technik bei den Burgenl\u00e4ndischen Volkshochschulen: Spannende Kurse und Workshops zu Nachhaltigkeit, Klima, Energie und technischen Themen","breadcrumb":{"@id":"https:\/\/www.vhs-burgenland.at\/wp_neu\/angebot\/natur-umwelt-technik\/#breadcrumb"},"inLanguage":"de-AT","potentialAction":[{"@type":"ReadAction","target":["https:\/\/www.vhs-burgenland.at\/wp_neu\/angebot\/natur-umwelt-technik\/"]}]},{"@type":"ImageObject","inLanguage":"de-AT","@id":"https:\/\/www.vhs-burgenland.at\/wp_neu\/angebot\/natur-umwelt-technik\/#primaryimage","url":"https:\/\/www.vhs-burgenland.at\/wp_neu\/wp-content\/uploads\/2025\/06\/Symbol-Natur-Umwelt-Technik.png","contentUrl":"https:\/\/www.vhs-burgenland.at\/wp_neu\/wp-content\/uploads\/2025\/06\/Symbol-Natur-Umwelt-Technik.png","width":512,"height":512,"caption":"Piktogram: eine Hand h\u00e4lt eine kleine Pflanze"},{"@type":"BreadcrumbList","@id":"https:\/\/www.vhs-burgenland.at\/wp_neu\/angebot\/natur-umwelt-technik\/#breadcrumb","itemListElement":[{"@type":"ListItem","position":1,"name":"Startseite","item":"https:\/\/www.vhs-burgenland.at\/wp_neu\/"},{"@type":"ListItem","position":2,"name":"Angebot","item":"https:\/\/www.vhs-burgenland.at\/wp_neu\/angebot\/"},{"@type":"ListItem","position":3,"name":"Natur, Umwelt &amp; Technik"}]},{"@type":"WebSite","@id":"https:\/\/www.vhs-burgenland.at\/wp_neu\/#website","url":"https:\/\/www.vhs-burgenland.at\/wp_neu\/","name":"VHS Burgenl\u00e4ndische Volkshochschulen","description":"Wir sind, wo Sie sind!","publisher":{"@id":"https:\/\/www.vhs-burgenland.at\/wp_neu\/#organization"},"potentialAction":[{"@type":"SearchAction","target":{"@type":"EntryPoint","urlTemplate":"https:\/\/www.vhs-burgenland.at\/wp_neu\/?s={search_term_string}"},"query-input":{"@type":"PropertyValueSpecification","valueRequired":true,"valueName":"search_term_string"}}],"inLanguage":"de-AT"},{"@type":"Organization","@id":"https:\/\/www.vhs-burgenland.at\/wp_neu\/#organization","name":"VHS Burgenl\u00e4ndische Volkshochschulen","url":"https:\/\/www.vhs-burgenland.at\/wp_neu\/","logo":{"@type":"ImageObject","inLanguage":"de-AT","@id":"https:\/\/www.vhs-burgenland.at\/wp_neu\/#\/schema\/logo\/image\/","url":"https:\/\/www.vhs-burgenland.at\/wp_neu\/wp-content\/uploads\/2025\/05\/vhs_logo_kl.png","contentUrl":"https:\/\/www.vhs-burgenland.at\/wp_neu\/wp-content\/uploads\/2025\/05\/vhs_logo_kl.png","width":250,"height":52,"caption":"VHS Burgenl\u00e4ndische Volkshochschulen"},"image":{"@id":"https:\/\/www.vhs-burgenland.at\/wp_neu\/#\/schema\/logo\/image\/"},"sameAs":["https:\/\/www.facebook.com\/BurgenlaendischeVolkshochschulen\/","https:\/\/www.instagram.com\/vhsburgenland","https:\/\/www.youtube.com\/@burgenlandischevolkshochsc6605","https:\/\/bsky.app\/profile\/vhsburgenland.bsky.social"]}]}},"_links":{"self":[{"href":"https:\/\/www.vhs-burgenland.at\/wp_neu\/wp-json\/wp\/v2\/pages\/2159","targetHints":{"allow":["GET"]}}],"collection":[{"href":"https:\/\/www.vhs-burgenland.at\/wp_neu\/wp-json\/wp\/v2\/pages"}],"about":[{"href":"https:\/\/www.vhs-burgenland.at\/wp_neu\/wp-json\/wp\/v2\/types\/page"}],"author":[{"embeddable":true,"href":"https:\/\/www.vhs-burgenland.at\/wp_neu\/wp-json\/wp\/v2\/users\/1"}],"replies":[{"embeddable":true,"href":"https:\/\/www.vhs-burgenland.at\/wp_neu\/wp-json\/wp\/v2\/comments?post=2159"}],"version-history":[{"count":19,"href":"https:\/\/www.vhs-burgenland.at\/wp_neu\/wp-json\/wp\/v2\/pages\/2159\/revisions"}],"predecessor-version":[{"id":7315,"href":"https:\/\/www.vhs-burgenland.at\/wp_neu\/wp-json\/wp\/v2\/pages\/2159\/revisions\/7315"}],"up":[{"embeddable":true,"href":"https:\/\/www.vhs-burgenland.at\/wp_neu\/wp-json\/wp\/v2\/pages\/263"}],"wp:attachment":[{"href":"https:\/\/www.vhs-burgenland.at\/wp_neu\/wp-json\/wp\/v2\/media?parent=2159"}],"curies":[{"name":"wp","href":"https:\/\/api.w.org\/{rel}","templated":true}]}}