{"id":2149,"date":"2025-05-22T10:09:45","date_gmt":"2025-05-22T08:09:45","guid":{"rendered":"https:\/\/www.vhs-burgenland.at\/wp_neu\/?page_id=2149"},"modified":"2025-10-01T10:29:20","modified_gmt":"2025-10-01T08:29:20","slug":"kreativitaet-freizeit","status":"publish","type":"page","link":"https:\/\/www.vhs-burgenland.at\/wp_neu\/angebot\/kreativitaet-freizeit\/","title":{"rendered":"Kreativit\u00e4t &amp; Freizeit"},"content":{"rendered":"\t\t<div data-elementor-type=\"wp-page\" data-elementor-id=\"2149\" class=\"elementor elementor-2149\">\n\t\t\t\t<div class=\"elementor-element elementor-element-29452a7 e-flex e-con-boxed e-con e-parent\" data-id=\"29452a7\" data-element_type=\"container\" data-e-type=\"container\">\n\t\t\t\t\t<div class=\"e-con-inner\">\n\t\t<div class=\"elementor-element elementor-element-a8190ee e-con-full e-flex e-con e-child\" data-id=\"a8190ee\" data-element_type=\"container\" data-e-type=\"container\">\n\t\t<div class=\"elementor-element elementor-element-f55b51b e-con-full e-flex e-con e-child\" data-id=\"f55b51b\" data-element_type=\"container\" data-e-type=\"container\" data-settings=\"{&quot;background_background&quot;:&quot;classic&quot;}\">\n\t\t\t\t<div class=\"elementor-element elementor-element-0b5b450 elementor-view-default elementor-widget elementor-widget-icon\" data-id=\"0b5b450\" data-element_type=\"widget\" data-e-type=\"widget\" data-widget_type=\"icon.default\">\n\t\t\t\t<div class=\"elementor-widget-container\">\n\t\t\t\t\t\t\t<div class=\"elementor-icon-wrapper\">\n\t\t\t<div class=\"elementor-icon\">\n\t\t\t<svg aria-hidden=\"true\" class=\"e-font-icon-svg e-fas-info-circle\" viewBox=\"0 0 512 512\" xmlns=\"http:\/\/www.w3.org\/2000\/svg\"><path d=\"M256 8C119.043 8 8 119.083 8 256c0 136.997 111.043 248 248 248s248-111.003 248-248C504 119.083 392.957 8 256 8zm0 110c23.196 0 42 18.804 42 42s-18.804 42-42 42-42-18.804-42-42 18.804-42 42-42zm56 254c0 6.627-5.373 12-12 12h-88c-6.627 0-12-5.373-12-12v-24c0-6.627 5.373-12 12-12h12v-64h-12c-6.627 0-12-5.373-12-12v-24c0-6.627 5.373-12 12-12h64c6.627 0 12 5.373 12 12v100h12c6.627 0 12 5.373 12 12v24z\"><\/path><\/svg>\t\t\t<\/div>\n\t\t<\/div>\n\t\t\t\t\t\t<\/div>\n\t\t\t\t<\/div>\n\t\t\t\t<div class=\"elementor-element elementor-element-d1812c1 elementor-widget elementor-widget-text-editor\" data-id=\"d1812c1\" data-element_type=\"widget\" data-e-type=\"widget\" data-widget_type=\"text-editor.default\">\n\t\t\t\t<div class=\"elementor-widget-container\">\n\t\t\t\t\t\t\t\t\t<p><b>Information<\/b><\/p><p>0 26 82 \/ 61 363<br \/><a href=\"mailto:info@vhs-burgenland.at?subject=\">info@vhs-burgenland.at<\/a><\/p>\t\t\t\t\t\t\t\t<\/div>\n\t\t\t\t<\/div>\n\t\t\t\t<\/div>\n\t\t\t\t<\/div>\n\t\t\t\t<div class=\"elementor-element elementor-element-3b10f15 elementor-widget elementor-widget-text-editor\" data-id=\"3b10f15\" data-element_type=\"widget\" data-e-type=\"widget\" data-widget_type=\"text-editor.default\">\n\t\t\t\t<div class=\"elementor-widget-container\">\n\t\t\t\t\t\t\t\t\t<h2><strong>Kreativit\u00e4t &amp; Freizeit<\/strong><\/h2>\n<p data-start=\"64\" data-end=\"391\"><img decoding=\"async\" class=\"alignleft wp-image-3665\" src=\"https:\/\/www.vhs-burgenland.at\/wp_neu\/wp-content\/uploads\/2025\/06\/Symbol-Kreativitaet-150x150.png\" alt=\"Piktogramm mit Pinsel, Bleistift, Lineal\" width=\"100\" height=\"100\" srcset=\"https:\/\/www.vhs-burgenland.at\/wp_neu\/wp-content\/uploads\/2025\/06\/Symbol-Kreativitaet-150x150.png 150w, https:\/\/www.vhs-burgenland.at\/wp_neu\/wp-content\/uploads\/2025\/06\/Symbol-Kreativitaet-300x300.png 300w, https:\/\/www.vhs-burgenland.at\/wp_neu\/wp-content\/uploads\/2025\/06\/Symbol-Kreativitaet.png 512w\" sizes=\"(max-width: 100px) 100vw, 100px\" \/>Wir bieten eine breite Auswahl an Kursen, die von <strong data-start=\"148\" data-end=\"182\">praktischen Alltagskenntnissen<\/strong> \u00fcber <strong data-start=\"188\" data-end=\"223\">kunsthandwerkliche Fertigkeiten<\/strong>bis hin zur <strong data-start=\"236\" data-end=\"273\">k\u00fcnstlerischen Auseinandersetzung<\/strong> reichen. Kreativit\u00e4t spielt nicht nur in der Freizeit, sondern auch im beruflichen Alltag eine immer gr\u00f6\u00dfere Rolle.<\/p>\n<p data-start=\"393\" data-end=\"652\">Jeder Mensch tr\u00e4gt kreatives Potenzial in sich \u2013 es zu f\u00f6rdern und auszuleben, bereichert das Leben und st\u00e4rkt die pers\u00f6nliche Ausdruckskraft. Besonders wichtig ist uns dabei die <strong data-start=\"572\" data-end=\"610\">soziale und kommunikative Funktion<\/strong> des gemeinsamen Lernens und Gestaltens.<\/p>\n\n<h3 data-start=\"654\" data-end=\"682\">Unser Angebot umfasst<\/h3>\n<ul data-start=\"683\" data-end=\"804\">\n \t<li data-start=\"683\" data-end=\"699\">Maltechniken<\/li>\n \t<li data-start=\"700\" data-end=\"721\">Schmuckgestaltung<\/li>\n \t<li data-start=\"722\" data-end=\"746\">Lebensraumgestaltung<\/li>\n \t<li data-start=\"747\" data-end=\"760\">Fotoclubs<\/li>\n \t<li data-start=\"761\" data-end=\"787\">Kulinarische Workshops<\/li>\n \t<li data-start=\"788\" data-end=\"804\">Weinseminare<\/li>\n<\/ul>\n<p data-start=\"806\" data-end=\"872\" data-is-last-node=\"\" data-is-only-node=\"\">Lassen Sie sich inspirieren und entdecken Sie Ihre kreative Seite!<\/p>\n\n\t\t\t\t\t\t\t\t<\/div>\n\t\t\t\t<\/div>\n\t\t\t\t\t<\/div>\n\t\t\t\t<\/div>\n\t\t\t\t<\/div>\n\t\t","protected":false},"excerpt":{"rendered":"<p>Information 0 26 82 \/ 61 363info@vhs-burgenland.at Kreativit\u00e4t &amp; Freizeit Wir bieten eine breite Auswahl an Kursen, die von praktischen Alltagskenntnissen \u00fcber kunsthandwerkliche Fertigkeitenbis hin zur k\u00fcnstlerischen Auseinandersetzung reichen. Kreativit\u00e4t spielt nicht nur in der Freizeit, sondern auch im beruflichen Alltag eine immer gr\u00f6\u00dfere Rolle. Jeder Mensch tr\u00e4gt kreatives Potenzial in sich \u2013 es zu [&hellip;]<\/p>\n","protected":false},"author":1,"featured_media":0,"parent":263,"menu_order":0,"comment_status":"closed","ping_status":"closed","template":"","meta":{"ocean_post_layout":"","ocean_both_sidebars_style":"","ocean_both_sidebars_content_width":0,"ocean_both_sidebars_sidebars_width":0,"ocean_sidebar":"","ocean_second_sidebar":"","ocean_disable_margins":"enable","ocean_add_body_class":"","ocean_shortcode_before_top_bar":"","ocean_shortcode_after_top_bar":"","ocean_shortcode_before_header":"","ocean_shortcode_after_header":"","ocean_has_shortcode":"","ocean_shortcode_after_title":"","ocean_shortcode_before_footer_widgets":"","ocean_shortcode_after_footer_widgets":"","ocean_shortcode_before_footer_bottom":"","ocean_shortcode_after_footer_bottom":"","ocean_display_top_bar":"default","ocean_display_header":"default","ocean_header_style":"","ocean_center_header_left_menu":"","ocean_custom_header_template":"","ocean_custom_logo":0,"ocean_custom_retina_logo":0,"ocean_custom_logo_max_width":0,"ocean_custom_logo_tablet_max_width":0,"ocean_custom_logo_mobile_max_width":0,"ocean_custom_logo_max_height":0,"ocean_custom_logo_tablet_max_height":0,"ocean_custom_logo_mobile_max_height":0,"ocean_header_custom_menu":"","ocean_menu_typo_font_family":"","ocean_menu_typo_font_subset":"","ocean_menu_typo_font_size":0,"ocean_menu_typo_font_size_tablet":0,"ocean_menu_typo_font_size_mobile":0,"ocean_menu_typo_font_size_unit":"px","ocean_menu_typo_font_weight":"","ocean_menu_typo_font_weight_tablet":"","ocean_menu_typo_font_weight_mobile":"","ocean_menu_typo_transform":"","ocean_menu_typo_transform_tablet":"","ocean_menu_typo_transform_mobile":"","ocean_menu_typo_line_height":0,"ocean_menu_typo_line_height_tablet":0,"ocean_menu_typo_line_height_mobile":0,"ocean_menu_typo_line_height_unit":"","ocean_menu_typo_spacing":0,"ocean_menu_typo_spacing_tablet":0,"ocean_menu_typo_spacing_mobile":0,"ocean_menu_typo_spacing_unit":"","ocean_menu_link_color":"","ocean_menu_link_color_hover":"","ocean_menu_link_color_active":"","ocean_menu_link_background":"","ocean_menu_link_hover_background":"","ocean_menu_link_active_background":"","ocean_menu_social_links_bg":"","ocean_menu_social_hover_links_bg":"","ocean_menu_social_links_color":"","ocean_menu_social_hover_links_color":"","ocean_disable_title":"default","ocean_disable_heading":"default","ocean_post_title":"","ocean_post_subheading":"","ocean_post_title_style":"","ocean_post_title_background_color":"","ocean_post_title_background":0,"ocean_post_title_bg_image_position":"","ocean_post_title_bg_image_attachment":"","ocean_post_title_bg_image_repeat":"","ocean_post_title_bg_image_size":"","ocean_post_title_height":0,"ocean_post_title_bg_overlay":0.5,"ocean_post_title_bg_overlay_color":"","ocean_disable_breadcrumbs":"default","ocean_breadcrumbs_color":"","ocean_breadcrumbs_separator_color":"","ocean_breadcrumbs_links_color":"","ocean_breadcrumbs_links_hover_color":"","ocean_display_footer_widgets":"default","ocean_display_footer_bottom":"default","ocean_custom_footer_template":"","osh_disable_topbar_sticky":"default","osh_disable_header_sticky":"default","osh_sticky_header_style":"default","osh_sticky_header_effect":"","osh_custom_sticky_logo":0,"osh_custom_retina_sticky_logo":0,"osh_custom_sticky_logo_height":0,"osh_background_color":"","osh_links_color":"","osh_links_hover_color":"","osh_links_active_color":"","osh_links_bg_color":"","osh_links_hover_bg_color":"","osh_links_active_bg_color":"","osh_menu_social_links_color":"","osh_menu_social_hover_links_color":"","_mc_calendar":[],"footnotes":""},"class_list":["post-2149","page","type-page","status-publish","hentry","entry"],"yoast_head":"<!-- This site is optimized with the Yoast SEO plugin v27.2 - https:\/\/yoast.com\/product\/yoast-seo-wordpress\/ -->\n<title>Kreativit\u00e4t &amp; Freizeit - VHS Burgenl\u00e4ndische Volkshochschulen<\/title>\n<meta name=\"description\" content=\"Kreativit\u00e4t &amp; Freizeit bei den Burgenl\u00e4ndischen Volkshochschulen: Entdecken Sie Kurse zu Kunst, Handwerk, Musik und kreativen Hobbys in ganz Burgenland\" \/>\n<meta name=\"robots\" content=\"index, follow, max-snippet:-1, max-image-preview:large, max-video-preview:-1\" \/>\n<link rel=\"canonical\" href=\"https:\/\/www.vhs-burgenland.at\/wp_neu\/angebot\/kreativitaet-freizeit\/\" \/>\n<meta property=\"og:locale\" content=\"de_DE\" \/>\n<meta property=\"og:type\" content=\"article\" \/>\n<meta property=\"og:title\" content=\"Kreativit\u00e4t &amp; Freizeit - VHS Burgenl\u00e4ndische Volkshochschulen\" \/>\n<meta property=\"og:description\" content=\"Kreativit\u00e4t &amp; Freizeit bei den Burgenl\u00e4ndischen Volkshochschulen: Entdecken Sie Kurse zu Kunst, Handwerk, Musik und kreativen Hobbys in ganz Burgenland\" \/>\n<meta property=\"og:url\" content=\"https:\/\/www.vhs-burgenland.at\/wp_neu\/angebot\/kreativitaet-freizeit\/\" \/>\n<meta property=\"og:site_name\" content=\"VHS Burgenl\u00e4ndische Volkshochschulen\" \/>\n<meta property=\"article:publisher\" content=\"https:\/\/www.facebook.com\/BurgenlaendischeVolkshochschulen\/\" \/>\n<meta property=\"article:modified_time\" content=\"2025-10-01T08:29:20+00:00\" \/>\n<meta property=\"og:image\" content=\"https:\/\/www.vhs-burgenland.at\/wp_neu\/wp-content\/uploads\/2025\/06\/Symbol-Kreativitaet-150x150.png\" \/>\n<meta name=\"twitter:card\" content=\"summary_large_image\" \/>\n<meta name=\"twitter:label1\" content=\"Gesch\u00e4tzte Lesezeit\" \/>\n\t<meta name=\"twitter:data1\" content=\"1 Minute\" \/>\n<script type=\"application\/ld+json\" class=\"yoast-schema-graph\">{\"@context\":\"https:\/\/schema.org\",\"@graph\":[{\"@type\":\"WebPage\",\"@id\":\"https:\/\/www.vhs-burgenland.at\/wp_neu\/angebot\/kreativitaet-freizeit\/\",\"url\":\"https:\/\/www.vhs-burgenland.at\/wp_neu\/angebot\/kreativitaet-freizeit\/\",\"name\":\"Kreativit\u00e4t &amp; Freizeit - VHS Burgenl\u00e4ndische Volkshochschulen\",\"isPartOf\":{\"@id\":\"https:\/\/www.vhs-burgenland.at\/wp_neu\/#website\"},\"primaryImageOfPage\":{\"@id\":\"https:\/\/www.vhs-burgenland.at\/wp_neu\/angebot\/kreativitaet-freizeit\/#primaryimage\"},\"image\":{\"@id\":\"https:\/\/www.vhs-burgenland.at\/wp_neu\/angebot\/kreativitaet-freizeit\/#primaryimage\"},\"thumbnailUrl\":\"https:\/\/www.vhs-burgenland.at\/wp_neu\/wp-content\/uploads\/2025\/06\/Symbol-Kreativitaet-150x150.png\",\"datePublished\":\"2025-05-22T08:09:45+00:00\",\"dateModified\":\"2025-10-01T08:29:20+00:00\",\"description\":\"Kreativit\u00e4t & Freizeit bei den Burgenl\u00e4ndischen Volkshochschulen: Entdecken Sie Kurse zu Kunst, Handwerk, Musik und kreativen Hobbys in ganz Burgenland\",\"breadcrumb\":{\"@id\":\"https:\/\/www.vhs-burgenland.at\/wp_neu\/angebot\/kreativitaet-freizeit\/#breadcrumb\"},\"inLanguage\":\"de-AT\",\"potentialAction\":[{\"@type\":\"ReadAction\",\"target\":[\"https:\/\/www.vhs-burgenland.at\/wp_neu\/angebot\/kreativitaet-freizeit\/\"]}]},{\"@type\":\"ImageObject\",\"inLanguage\":\"de-AT\",\"@id\":\"https:\/\/www.vhs-burgenland.at\/wp_neu\/angebot\/kreativitaet-freizeit\/#primaryimage\",\"url\":\"https:\/\/www.vhs-burgenland.at\/wp_neu\/wp-content\/uploads\/2025\/06\/Symbol-Kreativitaet.png\",\"contentUrl\":\"https:\/\/www.vhs-burgenland.at\/wp_neu\/wp-content\/uploads\/2025\/06\/Symbol-Kreativitaet.png\",\"width\":512,\"height\":512,\"caption\":\"Piktogramm mit Pinsel, Bleistift, Lineal\"},{\"@type\":\"BreadcrumbList\",\"@id\":\"https:\/\/www.vhs-burgenland.at\/wp_neu\/angebot\/kreativitaet-freizeit\/#breadcrumb\",\"itemListElement\":[{\"@type\":\"ListItem\",\"position\":1,\"name\":\"Startseite\",\"item\":\"https:\/\/www.vhs-burgenland.at\/wp_neu\/\"},{\"@type\":\"ListItem\",\"position\":2,\"name\":\"Angebot\",\"item\":\"https:\/\/www.vhs-burgenland.at\/wp_neu\/angebot\/\"},{\"@type\":\"ListItem\",\"position\":3,\"name\":\"Kreativit\u00e4t &amp; Freizeit\"}]},{\"@type\":\"WebSite\",\"@id\":\"https:\/\/www.vhs-burgenland.at\/wp_neu\/#website\",\"url\":\"https:\/\/www.vhs-burgenland.at\/wp_neu\/\",\"name\":\"VHS Burgenl\u00e4ndische Volkshochschulen\",\"description\":\"Wir sind, wo Sie sind!\",\"publisher\":{\"@id\":\"https:\/\/www.vhs-burgenland.at\/wp_neu\/#organization\"},\"potentialAction\":[{\"@type\":\"SearchAction\",\"target\":{\"@type\":\"EntryPoint\",\"urlTemplate\":\"https:\/\/www.vhs-burgenland.at\/wp_neu\/?s={search_term_string}\"},\"query-input\":{\"@type\":\"PropertyValueSpecification\",\"valueRequired\":true,\"valueName\":\"search_term_string\"}}],\"inLanguage\":\"de-AT\"},{\"@type\":\"Organization\",\"@id\":\"https:\/\/www.vhs-burgenland.at\/wp_neu\/#organization\",\"name\":\"VHS Burgenl\u00e4ndische Volkshochschulen\",\"url\":\"https:\/\/www.vhs-burgenland.at\/wp_neu\/\",\"logo\":{\"@type\":\"ImageObject\",\"inLanguage\":\"de-AT\",\"@id\":\"https:\/\/www.vhs-burgenland.at\/wp_neu\/#\/schema\/logo\/image\/\",\"url\":\"https:\/\/www.vhs-burgenland.at\/wp_neu\/wp-content\/uploads\/2025\/05\/vhs_logo_kl.png\",\"contentUrl\":\"https:\/\/www.vhs-burgenland.at\/wp_neu\/wp-content\/uploads\/2025\/05\/vhs_logo_kl.png\",\"width\":250,\"height\":52,\"caption\":\"VHS Burgenl\u00e4ndische Volkshochschulen\"},\"image\":{\"@id\":\"https:\/\/www.vhs-burgenland.at\/wp_neu\/#\/schema\/logo\/image\/\"},\"sameAs\":[\"https:\/\/www.facebook.com\/BurgenlaendischeVolkshochschulen\/\",\"https:\/\/www.instagram.com\/vhsburgenland\",\"https:\/\/www.youtube.com\/@burgenlandischevolkshochsc6605\",\"https:\/\/bsky.app\/profile\/vhsburgenland.bsky.social\"]}]}<\/script>\n<!-- \/ Yoast SEO plugin. -->","yoast_head_json":{"title":"Kreativit\u00e4t &amp; Freizeit - VHS Burgenl\u00e4ndische Volkshochschulen","description":"Kreativit\u00e4t & Freizeit bei den Burgenl\u00e4ndischen Volkshochschulen: Entdecken Sie Kurse zu Kunst, Handwerk, Musik und kreativen Hobbys in ganz Burgenland","robots":{"index":"index","follow":"follow","max-snippet":"max-snippet:-1","max-image-preview":"max-image-preview:large","max-video-preview":"max-video-preview:-1"},"canonical":"https:\/\/www.vhs-burgenland.at\/wp_neu\/angebot\/kreativitaet-freizeit\/","og_locale":"de_DE","og_type":"article","og_title":"Kreativit\u00e4t &amp; Freizeit - VHS Burgenl\u00e4ndische Volkshochschulen","og_description":"Kreativit\u00e4t & Freizeit bei den Burgenl\u00e4ndischen Volkshochschulen: Entdecken Sie Kurse zu Kunst, Handwerk, Musik und kreativen Hobbys in ganz Burgenland","og_url":"https:\/\/www.vhs-burgenland.at\/wp_neu\/angebot\/kreativitaet-freizeit\/","og_site_name":"VHS Burgenl\u00e4ndische Volkshochschulen","article_publisher":"https:\/\/www.facebook.com\/BurgenlaendischeVolkshochschulen\/","article_modified_time":"2025-10-01T08:29:20+00:00","og_image":[{"url":"https:\/\/www.vhs-burgenland.at\/wp_neu\/wp-content\/uploads\/2025\/06\/Symbol-Kreativitaet-150x150.png","type":"","width":"","height":""}],"twitter_card":"summary_large_image","twitter_misc":{"Gesch\u00e4tzte Lesezeit":"1 Minute"},"schema":{"@context":"https:\/\/schema.org","@graph":[{"@type":"WebPage","@id":"https:\/\/www.vhs-burgenland.at\/wp_neu\/angebot\/kreativitaet-freizeit\/","url":"https:\/\/www.vhs-burgenland.at\/wp_neu\/angebot\/kreativitaet-freizeit\/","name":"Kreativit\u00e4t &amp; Freizeit - VHS Burgenl\u00e4ndische Volkshochschulen","isPartOf":{"@id":"https:\/\/www.vhs-burgenland.at\/wp_neu\/#website"},"primaryImageOfPage":{"@id":"https:\/\/www.vhs-burgenland.at\/wp_neu\/angebot\/kreativitaet-freizeit\/#primaryimage"},"image":{"@id":"https:\/\/www.vhs-burgenland.at\/wp_neu\/angebot\/kreativitaet-freizeit\/#primaryimage"},"thumbnailUrl":"https:\/\/www.vhs-burgenland.at\/wp_neu\/wp-content\/uploads\/2025\/06\/Symbol-Kreativitaet-150x150.png","datePublished":"2025-05-22T08:09:45+00:00","dateModified":"2025-10-01T08:29:20+00:00","description":"Kreativit\u00e4t & Freizeit bei den Burgenl\u00e4ndischen Volkshochschulen: Entdecken Sie Kurse zu Kunst, Handwerk, Musik und kreativen Hobbys in ganz Burgenland","breadcrumb":{"@id":"https:\/\/www.vhs-burgenland.at\/wp_neu\/angebot\/kreativitaet-freizeit\/#breadcrumb"},"inLanguage":"de-AT","potentialAction":[{"@type":"ReadAction","target":["https:\/\/www.vhs-burgenland.at\/wp_neu\/angebot\/kreativitaet-freizeit\/"]}]},{"@type":"ImageObject","inLanguage":"de-AT","@id":"https:\/\/www.vhs-burgenland.at\/wp_neu\/angebot\/kreativitaet-freizeit\/#primaryimage","url":"https:\/\/www.vhs-burgenland.at\/wp_neu\/wp-content\/uploads\/2025\/06\/Symbol-Kreativitaet.png","contentUrl":"https:\/\/www.vhs-burgenland.at\/wp_neu\/wp-content\/uploads\/2025\/06\/Symbol-Kreativitaet.png","width":512,"height":512,"caption":"Piktogramm mit Pinsel, Bleistift, Lineal"},{"@type":"BreadcrumbList","@id":"https:\/\/www.vhs-burgenland.at\/wp_neu\/angebot\/kreativitaet-freizeit\/#breadcrumb","itemListElement":[{"@type":"ListItem","position":1,"name":"Startseite","item":"https:\/\/www.vhs-burgenland.at\/wp_neu\/"},{"@type":"ListItem","position":2,"name":"Angebot","item":"https:\/\/www.vhs-burgenland.at\/wp_neu\/angebot\/"},{"@type":"ListItem","position":3,"name":"Kreativit\u00e4t &amp; Freizeit"}]},{"@type":"WebSite","@id":"https:\/\/www.vhs-burgenland.at\/wp_neu\/#website","url":"https:\/\/www.vhs-burgenland.at\/wp_neu\/","name":"VHS Burgenl\u00e4ndische Volkshochschulen","description":"Wir sind, wo Sie sind!","publisher":{"@id":"https:\/\/www.vhs-burgenland.at\/wp_neu\/#organization"},"potentialAction":[{"@type":"SearchAction","target":{"@type":"EntryPoint","urlTemplate":"https:\/\/www.vhs-burgenland.at\/wp_neu\/?s={search_term_string}"},"query-input":{"@type":"PropertyValueSpecification","valueRequired":true,"valueName":"search_term_string"}}],"inLanguage":"de-AT"},{"@type":"Organization","@id":"https:\/\/www.vhs-burgenland.at\/wp_neu\/#organization","name":"VHS Burgenl\u00e4ndische Volkshochschulen","url":"https:\/\/www.vhs-burgenland.at\/wp_neu\/","logo":{"@type":"ImageObject","inLanguage":"de-AT","@id":"https:\/\/www.vhs-burgenland.at\/wp_neu\/#\/schema\/logo\/image\/","url":"https:\/\/www.vhs-burgenland.at\/wp_neu\/wp-content\/uploads\/2025\/05\/vhs_logo_kl.png","contentUrl":"https:\/\/www.vhs-burgenland.at\/wp_neu\/wp-content\/uploads\/2025\/05\/vhs_logo_kl.png","width":250,"height":52,"caption":"VHS Burgenl\u00e4ndische Volkshochschulen"},"image":{"@id":"https:\/\/www.vhs-burgenland.at\/wp_neu\/#\/schema\/logo\/image\/"},"sameAs":["https:\/\/www.facebook.com\/BurgenlaendischeVolkshochschulen\/","https:\/\/www.instagram.com\/vhsburgenland","https:\/\/www.youtube.com\/@burgenlandischevolkshochsc6605","https:\/\/bsky.app\/profile\/vhsburgenland.bsky.social"]}]}},"_links":{"self":[{"href":"https:\/\/www.vhs-burgenland.at\/wp_neu\/wp-json\/wp\/v2\/pages\/2149","targetHints":{"allow":["GET"]}}],"collection":[{"href":"https:\/\/www.vhs-burgenland.at\/wp_neu\/wp-json\/wp\/v2\/pages"}],"about":[{"href":"https:\/\/www.vhs-burgenland.at\/wp_neu\/wp-json\/wp\/v2\/types\/page"}],"author":[{"embeddable":true,"href":"https:\/\/www.vhs-burgenland.at\/wp_neu\/wp-json\/wp\/v2\/users\/1"}],"replies":[{"embeddable":true,"href":"https:\/\/www.vhs-burgenland.at\/wp_neu\/wp-json\/wp\/v2\/comments?post=2149"}],"version-history":[{"count":13,"href":"https:\/\/www.vhs-burgenland.at\/wp_neu\/wp-json\/wp\/v2\/pages\/2149\/revisions"}],"predecessor-version":[{"id":4791,"href":"https:\/\/www.vhs-burgenland.at\/wp_neu\/wp-json\/wp\/v2\/pages\/2149\/revisions\/4791"}],"up":[{"embeddable":true,"href":"https:\/\/www.vhs-burgenland.at\/wp_neu\/wp-json\/wp\/v2\/pages\/263"}],"wp:attachment":[{"href":"https:\/\/www.vhs-burgenland.at\/wp_neu\/wp-json\/wp\/v2\/media?parent=2149"}],"curies":[{"name":"wp","href":"https:\/\/api.w.org\/{rel}","templated":true}]}}