{"id":2121,"date":"2025-05-22T10:03:06","date_gmt":"2025-05-22T08:03:06","guid":{"rendered":"https:\/\/www.vhs-burgenland.at\/wp_neu\/?page_id=2121"},"modified":"2026-01-20T12:40:31","modified_gmt":"2026-01-20T11:40:31","slug":"politik-geschichte-gesellschaft-kultur","status":"publish","type":"page","link":"https:\/\/www.vhs-burgenland.at\/wp_neu\/angebot\/politik-geschichte-gesellschaft-kultur\/","title":{"rendered":"Politik, Geschichte, Gesellschaft, Kultur"},"content":{"rendered":"\t\t<div data-elementor-type=\"wp-page\" data-elementor-id=\"2121\" class=\"elementor elementor-2121\">\n\t\t\t\t<div class=\"elementor-element elementor-element-ce2eba0 e-flex e-con-boxed e-con e-parent\" data-id=\"ce2eba0\" data-element_type=\"container\" data-e-type=\"container\">\n\t\t\t\t\t<div class=\"e-con-inner\">\n\t\t<div class=\"elementor-element elementor-element-4f56bcb e-con-full e-flex e-con e-child\" data-id=\"4f56bcb\" data-element_type=\"container\" data-e-type=\"container\">\n\t\t<div class=\"elementor-element elementor-element-064efd0 e-con-full e-flex e-con e-child\" data-id=\"064efd0\" data-element_type=\"container\" data-e-type=\"container\" data-settings=\"{&quot;background_background&quot;:&quot;classic&quot;}\">\n\t\t\t\t<div class=\"elementor-element elementor-element-f5acd76 elementor-view-default elementor-widget elementor-widget-icon\" data-id=\"f5acd76\" data-element_type=\"widget\" data-e-type=\"widget\" data-widget_type=\"icon.default\">\n\t\t\t\t<div class=\"elementor-widget-container\">\n\t\t\t\t\t\t\t<div class=\"elementor-icon-wrapper\">\n\t\t\t<div class=\"elementor-icon\">\n\t\t\t<svg aria-hidden=\"true\" class=\"e-font-icon-svg e-fas-info-circle\" viewBox=\"0 0 512 512\" xmlns=\"http:\/\/www.w3.org\/2000\/svg\"><path d=\"M256 8C119.043 8 8 119.083 8 256c0 136.997 111.043 248 248 248s248-111.003 248-248C504 119.083 392.957 8 256 8zm0 110c23.196 0 42 18.804 42 42s-18.804 42-42 42-42-18.804-42-42 18.804-42 42-42zm56 254c0 6.627-5.373 12-12 12h-88c-6.627 0-12-5.373-12-12v-24c0-6.627 5.373-12 12-12h12v-64h-12c-6.627 0-12-5.373-12-12v-24c0-6.627 5.373-12 12-12h64c6.627 0 12 5.373 12 12v100h12c6.627 0 12 5.373 12 12v24z\"><\/path><\/svg>\t\t\t<\/div>\n\t\t<\/div>\n\t\t\t\t\t\t<\/div>\n\t\t\t\t<\/div>\n\t\t\t\t<div class=\"elementor-element elementor-element-9f742de elementor-widget elementor-widget-text-editor\" data-id=\"9f742de\" data-element_type=\"widget\" data-e-type=\"widget\" data-widget_type=\"text-editor.default\">\n\t\t\t\t<div class=\"elementor-widget-container\">\n\t\t\t\t\t\t\t\t\t<p><b>Information<\/b><\/p><p>Frauenkirchen<br \/>0 21 72 \/ 88 06 \u2013 21<\/p><p>Eisenstadt<br \/>0 26 82 \/ 61 363 \u2013 15<\/p><p>Oberwart<br \/>0 33 52 \/ 34 525 \u2013 32<\/p>\t\t\t\t\t\t\t\t<\/div>\n\t\t\t\t<\/div>\n\t\t\t\t<\/div>\n\t\t<div class=\"elementor-element elementor-element-bf2bcd9 e-con-full e-flex e-con e-child\" data-id=\"bf2bcd9\" data-element_type=\"container\" data-e-type=\"container\" data-settings=\"{&quot;background_background&quot;:&quot;classic&quot;}\">\n\t\t\t\t<div class=\"elementor-element elementor-element-d7e7857 elementor-view-default elementor-widget elementor-widget-icon\" data-id=\"d7e7857\" data-element_type=\"widget\" data-e-type=\"widget\" data-widget_type=\"icon.default\">\n\t\t\t\t<div class=\"elementor-widget-container\">\n\t\t\t\t\t\t\t<div class=\"elementor-icon-wrapper\">\n\t\t\t<div class=\"elementor-icon\">\n\t\t\t<svg aria-hidden=\"true\" class=\"e-font-icon-svg e-fas-arrow-circle-down\" viewBox=\"0 0 512 512\" xmlns=\"http:\/\/www.w3.org\/2000\/svg\"><path d=\"M504 256c0 137-111 248-248 248S8 393 8 256 119 8 256 8s248 111 248 248zm-143.6-28.9L288 302.6V120c0-13.3-10.7-24-24-24h-16c-13.3 0-24 10.7-24 24v182.6l-72.4-75.5c-9.3-9.7-24.8-9.9-34.3-.4l-10.9 11c-9.4 9.4-9.4 24.6 0 33.9L239 404.3c9.4 9.4 24.6 9.4 33.9 0l132.7-132.7c9.4-9.4 9.4-24.6 0-33.9l-10.9-11c-9.5-9.5-25-9.3-34.3.4z\"><\/path><\/svg>\t\t\t<\/div>\n\t\t<\/div>\n\t\t\t\t\t\t<\/div>\n\t\t\t\t<\/div>\n\t\t\t\t<div class=\"elementor-element elementor-element-6538e60 elementor-widget elementor-widget-text-editor\" data-id=\"6538e60\" data-element_type=\"widget\" data-e-type=\"widget\" data-widget_type=\"text-editor.default\">\n\t\t\t\t<div class=\"elementor-widget-container\">\n\t\t\t\t\t\t\t\t\t<p><b>Downloads<\/b><\/p><p><a href=\"https:\/\/www.vhs-burgenland.at\/wp_neu\/wp-content\/uploads\/2026\/01\/Folder-PolZei-FS-2026-Website.pdf\" target=\"_blank\" rel=\"noopener noreferrer\">Folder Politik &amp; Zeitgeschichte FS 2026<\/a><\/p><p><a href=\"https:\/\/www.vhs-burgenland.at\/wp_neu\/wp-content\/uploads\/2026\/01\/Folder-PolMei-FS-2026-Website.pdf\" target=\"_blank\" rel=\"noopener\">Folder Politik &amp; Meinungsforum FS 2026<\/a><\/p>\t\t\t\t\t\t\t\t<\/div>\n\t\t\t\t<\/div>\n\t\t\t\t<\/div>\n\t\t\t\t<\/div>\n\t\t\t\t<div class=\"elementor-element elementor-element-44046a5 elementor-widget elementor-widget-text-editor\" data-id=\"44046a5\" data-element_type=\"widget\" data-e-type=\"widget\" data-widget_type=\"text-editor.default\">\n\t\t\t\t<div class=\"elementor-widget-container\">\n\t\t\t\t\t\t\t\t\t<div class=\"wpb_text_column wpb_content_element \"><h2><strong>Politik, Geschichte, Gesellschaft, Kultur<\/strong><\/h2><p data-start=\"51\" data-end=\"193\"><img decoding=\"async\" class=\"alignleft wp-image-3671\" src=\"https:\/\/www.vhs-burgenland.at\/wp_neu\/wp-content\/uploads\/2025\/06\/Symbol-Politik-Geschichte-150x150.png\" alt=\"Symbol Parlamentsgeb\u00e4ude\" width=\"100\" height=\"100\" srcset=\"https:\/\/www.vhs-burgenland.at\/wp_neu\/wp-content\/uploads\/2025\/06\/Symbol-Politik-Geschichte-150x150.png 150w, https:\/\/www.vhs-burgenland.at\/wp_neu\/wp-content\/uploads\/2025\/06\/Symbol-Politik-Geschichte-300x300.png 300w, https:\/\/www.vhs-burgenland.at\/wp_neu\/wp-content\/uploads\/2025\/06\/Symbol-Politik-Geschichte.png 512w\" sizes=\"(max-width: 100px) 100vw, 100px\" \/>Wir setzen uns f\u00fcr <strong data-start=\"70\" data-end=\"122\">Demokratie, Menschenrechte und Chancengleichheit<\/strong> ein \u2013 unabh\u00e4ngig von Geschlecht, Herkunft oder sozialem Hintergrund.<\/p><p data-start=\"195\" data-end=\"384\">In unserem Bildungsangebot finden Sie <strong data-start=\"233\" data-end=\"296\">Informationsveranstaltungen zu anderen L\u00e4ndern und Kulturen<\/strong> sowie <strong data-start=\"303\" data-end=\"381\">Kurse zu aktuellen gesellschaftlichen, politischen und historischen Themen<\/strong>.<\/p><h3 data-start=\"386\" data-end=\"412\">Was uns wichtig ist<\/h3><ul data-start=\"413\" data-end=\"576\"><li data-start=\"413\" data-end=\"475\">Wir machen auf gesellschaftliche Entwicklungen aufmerksam<\/li><li data-start=\"476\" data-end=\"517\">Wir f\u00f6rdern Verst\u00e4ndigung und Dialog<\/li><li data-start=\"518\" data-end=\"576\">Wir verbinden Bildung, Kultur und soziales Engagement<\/li><\/ul><p data-start=\"578\" data-end=\"854\" data-is-last-node=\"\" data-is-only-node=\"\">F\u00fcr uns geh\u00f6rt Bildung untrennbar zu <strong data-start=\"615\" data-end=\"654\">Freizeit, Politik, Leben und Arbeit<\/strong>. Wir schaffen ein Klima des <strong data-start=\"683\" data-end=\"743\">Respekts, der Akzeptanz und des gegenseitigen Verstehens<\/strong> \u2013 denn nur durch eine ganzheitliche Bildungsstrategie k\u00f6nnen wir gesellschaftlichen Wandel aktiv mitgestalten.<\/p><p data-start=\"578\" data-end=\"854\" data-is-last-node=\"\" data-is-only-node=\"\">\u00a0<\/p><p data-start=\"578\" data-end=\"854\" data-is-last-node=\"\" data-is-only-node=\"\"><img decoding=\"async\" class=\"alignnone wp-image-6605\" src=\"https:\/\/www.vhs-burgenland.at\/wp_neu\/wp-content\/uploads\/2025\/12\/02_Logo_B25_Partner_in-300x209.png\" alt=\"Logo von B\u00fcndnis 2025\" width=\"150\" height=\"104\" srcset=\"https:\/\/www.vhs-burgenland.at\/wp_neu\/wp-content\/uploads\/2025\/12\/02_Logo_B25_Partner_in-300x209.png 300w, https:\/\/www.vhs-burgenland.at\/wp_neu\/wp-content\/uploads\/2025\/12\/02_Logo_B25_Partner_in-1024x713.png 1024w, https:\/\/www.vhs-burgenland.at\/wp_neu\/wp-content\/uploads\/2025\/12\/02_Logo_B25_Partner_in-768x535.png 768w, https:\/\/www.vhs-burgenland.at\/wp_neu\/wp-content\/uploads\/2025\/12\/02_Logo_B25_Partner_in.png 1185w\" sizes=\"(max-width: 150px) 100vw, 150px\" \/><\/p><\/div>\t\t\t\t\t\t\t\t<\/div>\n\t\t\t\t<\/div>\n\t\t\t\t\t<\/div>\n\t\t\t\t<\/div>\n\t\t\t\t<\/div>\n\t\t","protected":false},"excerpt":{"rendered":"<p>Information Frauenkirchen0 21 72 \/ 88 06 \u2013 21 Eisenstadt0 26 82 \/ 61 363 \u2013 15 Oberwart0 33 52 \/ 34 525 \u2013 32 Downloads Folder Politik &amp; Zeitgeschichte FS 2026 Folder Politik &amp; Meinungsforum FS 2026 Politik, Geschichte, Gesellschaft, Kultur Wir setzen uns f\u00fcr Demokratie, Menschenrechte und Chancengleichheit ein \u2013 unabh\u00e4ngig von Geschlecht, [&hellip;]<\/p>\n","protected":false},"author":1,"featured_media":0,"parent":263,"menu_order":0,"comment_status":"closed","ping_status":"closed","template":"","meta":{"ocean_post_layout":"","ocean_both_sidebars_style":"","ocean_both_sidebars_content_width":0,"ocean_both_sidebars_sidebars_width":0,"ocean_sidebar":"","ocean_second_sidebar":"","ocean_disable_margins":"enable","ocean_add_body_class":"","ocean_shortcode_before_top_bar":"","ocean_shortcode_after_top_bar":"","ocean_shortcode_before_header":"","ocean_shortcode_after_header":"","ocean_has_shortcode":"","ocean_shortcode_after_title":"","ocean_shortcode_before_footer_widgets":"","ocean_shortcode_after_footer_widgets":"","ocean_shortcode_before_footer_bottom":"","ocean_shortcode_after_footer_bottom":"","ocean_display_top_bar":"default","ocean_display_header":"default","ocean_header_style":"","ocean_center_header_left_menu":"","ocean_custom_header_template":"","ocean_custom_logo":0,"ocean_custom_retina_logo":0,"ocean_custom_logo_max_width":0,"ocean_custom_logo_tablet_max_width":0,"ocean_custom_logo_mobile_max_width":0,"ocean_custom_logo_max_height":0,"ocean_custom_logo_tablet_max_height":0,"ocean_custom_logo_mobile_max_height":0,"ocean_header_custom_menu":"","ocean_menu_typo_font_family":"","ocean_menu_typo_font_subset":"","ocean_menu_typo_font_size":0,"ocean_menu_typo_font_size_tablet":0,"ocean_menu_typo_font_size_mobile":0,"ocean_menu_typo_font_size_unit":"px","ocean_menu_typo_font_weight":"","ocean_menu_typo_font_weight_tablet":"","ocean_menu_typo_font_weight_mobile":"","ocean_menu_typo_transform":"","ocean_menu_typo_transform_tablet":"","ocean_menu_typo_transform_mobile":"","ocean_menu_typo_line_height":0,"ocean_menu_typo_line_height_tablet":0,"ocean_menu_typo_line_height_mobile":0,"ocean_menu_typo_line_height_unit":"","ocean_menu_typo_spacing":0,"ocean_menu_typo_spacing_tablet":0,"ocean_menu_typo_spacing_mobile":0,"ocean_menu_typo_spacing_unit":"","ocean_menu_link_color":"","ocean_menu_link_color_hover":"","ocean_menu_link_color_active":"","ocean_menu_link_background":"","ocean_menu_link_hover_background":"","ocean_menu_link_active_background":"","ocean_menu_social_links_bg":"","ocean_menu_social_hover_links_bg":"","ocean_menu_social_links_color":"","ocean_menu_social_hover_links_color":"","ocean_disable_title":"default","ocean_disable_heading":"default","ocean_post_title":"","ocean_post_subheading":"","ocean_post_title_style":"","ocean_post_title_background_color":"","ocean_post_title_background":0,"ocean_post_title_bg_image_position":"","ocean_post_title_bg_image_attachment":"","ocean_post_title_bg_image_repeat":"","ocean_post_title_bg_image_size":"","ocean_post_title_height":0,"ocean_post_title_bg_overlay":0.5,"ocean_post_title_bg_overlay_color":"","ocean_disable_breadcrumbs":"default","ocean_breadcrumbs_color":"","ocean_breadcrumbs_separator_color":"","ocean_breadcrumbs_links_color":"","ocean_breadcrumbs_links_hover_color":"","ocean_display_footer_widgets":"default","ocean_display_footer_bottom":"default","ocean_custom_footer_template":"","osh_disable_topbar_sticky":"default","osh_disable_header_sticky":"default","osh_sticky_header_style":"default","osh_sticky_header_effect":"","osh_custom_sticky_logo":0,"osh_custom_retina_sticky_logo":0,"osh_custom_sticky_logo_height":0,"osh_background_color":"","osh_links_color":"","osh_links_hover_color":"","osh_links_active_color":"","osh_links_bg_color":"","osh_links_hover_bg_color":"","osh_links_active_bg_color":"","osh_menu_social_links_color":"","osh_menu_social_hover_links_color":"","_mc_calendar":[],"footnotes":""},"class_list":["post-2121","page","type-page","status-publish","hentry","entry"],"yoast_head":"<!-- This site is optimized with the Yoast SEO plugin v27.2 - https:\/\/yoast.com\/product\/yoast-seo-wordpress\/ -->\n<title>Politik, Geschichte, Gesellschaft, Kultur - VHS Burgenl\u00e4ndische Volkshochschulen<\/title>\n<meta name=\"description\" content=\"Politik, Geschichte, Gesellschaft &amp; Kultur bei den Burgenl\u00e4ndischen Volkshochschulen: Vortr\u00e4ge, Diskussionen und Kurse f\u00fcr mehr Wissen und Austausch.\" \/>\n<meta name=\"robots\" content=\"index, follow, max-snippet:-1, max-image-preview:large, max-video-preview:-1\" \/>\n<link rel=\"canonical\" href=\"https:\/\/www.vhs-burgenland.at\/wp_neu\/angebot\/politik-geschichte-gesellschaft-kultur\/\" \/>\n<meta property=\"og:locale\" content=\"de_DE\" \/>\n<meta property=\"og:type\" content=\"article\" \/>\n<meta property=\"og:title\" content=\"Politik, Geschichte, Gesellschaft, Kultur - VHS Burgenl\u00e4ndische Volkshochschulen\" \/>\n<meta property=\"og:description\" content=\"Politik, Geschichte, Gesellschaft &amp; Kultur bei den Burgenl\u00e4ndischen Volkshochschulen: Vortr\u00e4ge, Diskussionen und Kurse f\u00fcr mehr Wissen und Austausch.\" \/>\n<meta property=\"og:url\" content=\"https:\/\/www.vhs-burgenland.at\/wp_neu\/angebot\/politik-geschichte-gesellschaft-kultur\/\" \/>\n<meta property=\"og:site_name\" content=\"VHS Burgenl\u00e4ndische Volkshochschulen\" \/>\n<meta property=\"article:publisher\" content=\"https:\/\/www.facebook.com\/BurgenlaendischeVolkshochschulen\/\" \/>\n<meta property=\"article:modified_time\" content=\"2026-01-20T11:40:31+00:00\" \/>\n<meta property=\"og:image\" content=\"https:\/\/www.vhs-burgenland.at\/wp_neu\/wp-content\/uploads\/2025\/06\/Symbol-Politik-Geschichte.png\" \/>\n\t<meta property=\"og:image:width\" content=\"512\" \/>\n\t<meta property=\"og:image:height\" content=\"512\" \/>\n\t<meta property=\"og:image:type\" content=\"image\/png\" \/>\n<meta name=\"twitter:card\" content=\"summary_large_image\" \/>\n<meta name=\"twitter:label1\" content=\"Gesch\u00e4tzte Lesezeit\" \/>\n\t<meta name=\"twitter:data1\" content=\"2 Minuten\" \/>\n<script type=\"application\/ld+json\" class=\"yoast-schema-graph\">{\"@context\":\"https:\/\/schema.org\",\"@graph\":[{\"@type\":\"WebPage\",\"@id\":\"https:\/\/www.vhs-burgenland.at\/wp_neu\/angebot\/politik-geschichte-gesellschaft-kultur\/\",\"url\":\"https:\/\/www.vhs-burgenland.at\/wp_neu\/angebot\/politik-geschichte-gesellschaft-kultur\/\",\"name\":\"Politik, Geschichte, Gesellschaft, Kultur - VHS Burgenl\u00e4ndische Volkshochschulen\",\"isPartOf\":{\"@id\":\"https:\/\/www.vhs-burgenland.at\/wp_neu\/#website\"},\"primaryImageOfPage\":{\"@id\":\"https:\/\/www.vhs-burgenland.at\/wp_neu\/angebot\/politik-geschichte-gesellschaft-kultur\/#primaryimage\"},\"image\":{\"@id\":\"https:\/\/www.vhs-burgenland.at\/wp_neu\/angebot\/politik-geschichte-gesellschaft-kultur\/#primaryimage\"},\"thumbnailUrl\":\"https:\/\/www.vhs-burgenland.at\/wp_neu\/wp-content\/uploads\/2025\/06\/Symbol-Politik-Geschichte-150x150.png\",\"datePublished\":\"2025-05-22T08:03:06+00:00\",\"dateModified\":\"2026-01-20T11:40:31+00:00\",\"description\":\"Politik, Geschichte, Gesellschaft & Kultur bei den Burgenl\u00e4ndischen Volkshochschulen: Vortr\u00e4ge, Diskussionen und Kurse f\u00fcr mehr Wissen und Austausch.\",\"breadcrumb\":{\"@id\":\"https:\/\/www.vhs-burgenland.at\/wp_neu\/angebot\/politik-geschichte-gesellschaft-kultur\/#breadcrumb\"},\"inLanguage\":\"de-AT\",\"potentialAction\":[{\"@type\":\"ReadAction\",\"target\":[\"https:\/\/www.vhs-burgenland.at\/wp_neu\/angebot\/politik-geschichte-gesellschaft-kultur\/\"]}]},{\"@type\":\"ImageObject\",\"inLanguage\":\"de-AT\",\"@id\":\"https:\/\/www.vhs-burgenland.at\/wp_neu\/angebot\/politik-geschichte-gesellschaft-kultur\/#primaryimage\",\"url\":\"https:\/\/www.vhs-burgenland.at\/wp_neu\/wp-content\/uploads\/2025\/06\/Symbol-Politik-Geschichte.png\",\"contentUrl\":\"https:\/\/www.vhs-burgenland.at\/wp_neu\/wp-content\/uploads\/2025\/06\/Symbol-Politik-Geschichte.png\",\"width\":512,\"height\":512,\"caption\":\"Symbol Parlamentsgeb\u00e4ude\"},{\"@type\":\"BreadcrumbList\",\"@id\":\"https:\/\/www.vhs-burgenland.at\/wp_neu\/angebot\/politik-geschichte-gesellschaft-kultur\/#breadcrumb\",\"itemListElement\":[{\"@type\":\"ListItem\",\"position\":1,\"name\":\"Startseite\",\"item\":\"https:\/\/www.vhs-burgenland.at\/wp_neu\/\"},{\"@type\":\"ListItem\",\"position\":2,\"name\":\"Angebot\",\"item\":\"https:\/\/www.vhs-burgenland.at\/wp_neu\/angebot\/\"},{\"@type\":\"ListItem\",\"position\":3,\"name\":\"Politik, Geschichte, Gesellschaft, Kultur\"}]},{\"@type\":\"WebSite\",\"@id\":\"https:\/\/www.vhs-burgenland.at\/wp_neu\/#website\",\"url\":\"https:\/\/www.vhs-burgenland.at\/wp_neu\/\",\"name\":\"VHS Burgenl\u00e4ndische Volkshochschulen\",\"description\":\"Wir sind, wo Sie sind!\",\"publisher\":{\"@id\":\"https:\/\/www.vhs-burgenland.at\/wp_neu\/#organization\"},\"potentialAction\":[{\"@type\":\"SearchAction\",\"target\":{\"@type\":\"EntryPoint\",\"urlTemplate\":\"https:\/\/www.vhs-burgenland.at\/wp_neu\/?s={search_term_string}\"},\"query-input\":{\"@type\":\"PropertyValueSpecification\",\"valueRequired\":true,\"valueName\":\"search_term_string\"}}],\"inLanguage\":\"de-AT\"},{\"@type\":\"Organization\",\"@id\":\"https:\/\/www.vhs-burgenland.at\/wp_neu\/#organization\",\"name\":\"VHS Burgenl\u00e4ndische Volkshochschulen\",\"url\":\"https:\/\/www.vhs-burgenland.at\/wp_neu\/\",\"logo\":{\"@type\":\"ImageObject\",\"inLanguage\":\"de-AT\",\"@id\":\"https:\/\/www.vhs-burgenland.at\/wp_neu\/#\/schema\/logo\/image\/\",\"url\":\"https:\/\/www.vhs-burgenland.at\/wp_neu\/wp-content\/uploads\/2025\/05\/vhs_logo_kl.png\",\"contentUrl\":\"https:\/\/www.vhs-burgenland.at\/wp_neu\/wp-content\/uploads\/2025\/05\/vhs_logo_kl.png\",\"width\":250,\"height\":52,\"caption\":\"VHS Burgenl\u00e4ndische Volkshochschulen\"},\"image\":{\"@id\":\"https:\/\/www.vhs-burgenland.at\/wp_neu\/#\/schema\/logo\/image\/\"},\"sameAs\":[\"https:\/\/www.facebook.com\/BurgenlaendischeVolkshochschulen\/\",\"https:\/\/www.instagram.com\/vhsburgenland\",\"https:\/\/www.youtube.com\/@burgenlandischevolkshochsc6605\",\"https:\/\/bsky.app\/profile\/vhsburgenland.bsky.social\"]}]}<\/script>\n<!-- \/ Yoast SEO plugin. -->","yoast_head_json":{"title":"Politik, Geschichte, Gesellschaft, Kultur - VHS Burgenl\u00e4ndische Volkshochschulen","description":"Politik, Geschichte, Gesellschaft & Kultur bei den Burgenl\u00e4ndischen Volkshochschulen: Vortr\u00e4ge, Diskussionen und Kurse f\u00fcr mehr Wissen und Austausch.","robots":{"index":"index","follow":"follow","max-snippet":"max-snippet:-1","max-image-preview":"max-image-preview:large","max-video-preview":"max-video-preview:-1"},"canonical":"https:\/\/www.vhs-burgenland.at\/wp_neu\/angebot\/politik-geschichte-gesellschaft-kultur\/","og_locale":"de_DE","og_type":"article","og_title":"Politik, Geschichte, Gesellschaft, Kultur - VHS Burgenl\u00e4ndische Volkshochschulen","og_description":"Politik, Geschichte, Gesellschaft & Kultur bei den Burgenl\u00e4ndischen Volkshochschulen: Vortr\u00e4ge, Diskussionen und Kurse f\u00fcr mehr Wissen und Austausch.","og_url":"https:\/\/www.vhs-burgenland.at\/wp_neu\/angebot\/politik-geschichte-gesellschaft-kultur\/","og_site_name":"VHS Burgenl\u00e4ndische Volkshochschulen","article_publisher":"https:\/\/www.facebook.com\/BurgenlaendischeVolkshochschulen\/","article_modified_time":"2026-01-20T11:40:31+00:00","og_image":[{"width":512,"height":512,"url":"https:\/\/www.vhs-burgenland.at\/wp_neu\/wp-content\/uploads\/2025\/06\/Symbol-Politik-Geschichte.png","type":"image\/png"}],"twitter_card":"summary_large_image","twitter_misc":{"Gesch\u00e4tzte Lesezeit":"2 Minuten"},"schema":{"@context":"https:\/\/schema.org","@graph":[{"@type":"WebPage","@id":"https:\/\/www.vhs-burgenland.at\/wp_neu\/angebot\/politik-geschichte-gesellschaft-kultur\/","url":"https:\/\/www.vhs-burgenland.at\/wp_neu\/angebot\/politik-geschichte-gesellschaft-kultur\/","name":"Politik, Geschichte, Gesellschaft, Kultur - VHS Burgenl\u00e4ndische Volkshochschulen","isPartOf":{"@id":"https:\/\/www.vhs-burgenland.at\/wp_neu\/#website"},"primaryImageOfPage":{"@id":"https:\/\/www.vhs-burgenland.at\/wp_neu\/angebot\/politik-geschichte-gesellschaft-kultur\/#primaryimage"},"image":{"@id":"https:\/\/www.vhs-burgenland.at\/wp_neu\/angebot\/politik-geschichte-gesellschaft-kultur\/#primaryimage"},"thumbnailUrl":"https:\/\/www.vhs-burgenland.at\/wp_neu\/wp-content\/uploads\/2025\/06\/Symbol-Politik-Geschichte-150x150.png","datePublished":"2025-05-22T08:03:06+00:00","dateModified":"2026-01-20T11:40:31+00:00","description":"Politik, Geschichte, Gesellschaft & Kultur bei den Burgenl\u00e4ndischen Volkshochschulen: Vortr\u00e4ge, Diskussionen und Kurse f\u00fcr mehr Wissen und Austausch.","breadcrumb":{"@id":"https:\/\/www.vhs-burgenland.at\/wp_neu\/angebot\/politik-geschichte-gesellschaft-kultur\/#breadcrumb"},"inLanguage":"de-AT","potentialAction":[{"@type":"ReadAction","target":["https:\/\/www.vhs-burgenland.at\/wp_neu\/angebot\/politik-geschichte-gesellschaft-kultur\/"]}]},{"@type":"ImageObject","inLanguage":"de-AT","@id":"https:\/\/www.vhs-burgenland.at\/wp_neu\/angebot\/politik-geschichte-gesellschaft-kultur\/#primaryimage","url":"https:\/\/www.vhs-burgenland.at\/wp_neu\/wp-content\/uploads\/2025\/06\/Symbol-Politik-Geschichte.png","contentUrl":"https:\/\/www.vhs-burgenland.at\/wp_neu\/wp-content\/uploads\/2025\/06\/Symbol-Politik-Geschichte.png","width":512,"height":512,"caption":"Symbol Parlamentsgeb\u00e4ude"},{"@type":"BreadcrumbList","@id":"https:\/\/www.vhs-burgenland.at\/wp_neu\/angebot\/politik-geschichte-gesellschaft-kultur\/#breadcrumb","itemListElement":[{"@type":"ListItem","position":1,"name":"Startseite","item":"https:\/\/www.vhs-burgenland.at\/wp_neu\/"},{"@type":"ListItem","position":2,"name":"Angebot","item":"https:\/\/www.vhs-burgenland.at\/wp_neu\/angebot\/"},{"@type":"ListItem","position":3,"name":"Politik, Geschichte, Gesellschaft, Kultur"}]},{"@type":"WebSite","@id":"https:\/\/www.vhs-burgenland.at\/wp_neu\/#website","url":"https:\/\/www.vhs-burgenland.at\/wp_neu\/","name":"VHS Burgenl\u00e4ndische Volkshochschulen","description":"Wir sind, wo Sie sind!","publisher":{"@id":"https:\/\/www.vhs-burgenland.at\/wp_neu\/#organization"},"potentialAction":[{"@type":"SearchAction","target":{"@type":"EntryPoint","urlTemplate":"https:\/\/www.vhs-burgenland.at\/wp_neu\/?s={search_term_string}"},"query-input":{"@type":"PropertyValueSpecification","valueRequired":true,"valueName":"search_term_string"}}],"inLanguage":"de-AT"},{"@type":"Organization","@id":"https:\/\/www.vhs-burgenland.at\/wp_neu\/#organization","name":"VHS Burgenl\u00e4ndische Volkshochschulen","url":"https:\/\/www.vhs-burgenland.at\/wp_neu\/","logo":{"@type":"ImageObject","inLanguage":"de-AT","@id":"https:\/\/www.vhs-burgenland.at\/wp_neu\/#\/schema\/logo\/image\/","url":"https:\/\/www.vhs-burgenland.at\/wp_neu\/wp-content\/uploads\/2025\/05\/vhs_logo_kl.png","contentUrl":"https:\/\/www.vhs-burgenland.at\/wp_neu\/wp-content\/uploads\/2025\/05\/vhs_logo_kl.png","width":250,"height":52,"caption":"VHS Burgenl\u00e4ndische Volkshochschulen"},"image":{"@id":"https:\/\/www.vhs-burgenland.at\/wp_neu\/#\/schema\/logo\/image\/"},"sameAs":["https:\/\/www.facebook.com\/BurgenlaendischeVolkshochschulen\/","https:\/\/www.instagram.com\/vhsburgenland","https:\/\/www.youtube.com\/@burgenlandischevolkshochsc6605","https:\/\/bsky.app\/profile\/vhsburgenland.bsky.social"]}]}},"_links":{"self":[{"href":"https:\/\/www.vhs-burgenland.at\/wp_neu\/wp-json\/wp\/v2\/pages\/2121","targetHints":{"allow":["GET"]}}],"collection":[{"href":"https:\/\/www.vhs-burgenland.at\/wp_neu\/wp-json\/wp\/v2\/pages"}],"about":[{"href":"https:\/\/www.vhs-burgenland.at\/wp_neu\/wp-json\/wp\/v2\/types\/page"}],"author":[{"embeddable":true,"href":"https:\/\/www.vhs-burgenland.at\/wp_neu\/wp-json\/wp\/v2\/users\/1"}],"replies":[{"embeddable":true,"href":"https:\/\/www.vhs-burgenland.at\/wp_neu\/wp-json\/wp\/v2\/comments?post=2121"}],"version-history":[{"count":28,"href":"https:\/\/www.vhs-burgenland.at\/wp_neu\/wp-json\/wp\/v2\/pages\/2121\/revisions"}],"predecessor-version":[{"id":6769,"href":"https:\/\/www.vhs-burgenland.at\/wp_neu\/wp-json\/wp\/v2\/pages\/2121\/revisions\/6769"}],"up":[{"embeddable":true,"href":"https:\/\/www.vhs-burgenland.at\/wp_neu\/wp-json\/wp\/v2\/pages\/263"}],"wp:attachment":[{"href":"https:\/\/www.vhs-burgenland.at\/wp_neu\/wp-json\/wp\/v2\/media?parent=2121"}],"curies":[{"name":"wp","href":"https:\/\/api.w.org\/{rel}","templated":true}]}}