{"id":2013,"date":"2025-05-22T09:11:41","date_gmt":"2025-05-22T07:11:41","guid":{"rendered":"https:\/\/www.vhs-burgenland.at\/wp_neu\/?page_id=2013"},"modified":"2025-10-01T10:39:35","modified_gmt":"2025-10-01T08:39:35","slug":"sprachzertifikate","status":"publish","type":"page","link":"https:\/\/www.vhs-burgenland.at\/wp_neu\/angebot\/sprachen\/sprachzertifikate\/","title":{"rendered":"Sprachzertifikate"},"content":{"rendered":"\t\t<div data-elementor-type=\"wp-page\" data-elementor-id=\"2013\" class=\"elementor elementor-2013\">\n\t\t\t\t<div class=\"elementor-element elementor-element-1ca39d7 e-flex e-con-boxed e-con e-parent\" data-id=\"1ca39d7\" data-element_type=\"container\" data-e-type=\"container\">\n\t\t\t\t\t<div class=\"e-con-inner\">\n\t\t<div class=\"elementor-element elementor-element-7c6284f e-con-full e-flex e-con e-child\" data-id=\"7c6284f\" data-element_type=\"container\" data-e-type=\"container\">\n\t\t\t\t<div class=\"elementor-element elementor-element-185144c elementor-widget__width-initial elementor-icon-list--layout-traditional elementor-list-item-link-full_width elementor-widget elementor-widget-icon-list\" data-id=\"185144c\" data-element_type=\"widget\" data-e-type=\"widget\" data-widget_type=\"icon-list.default\">\n\t\t\t\t<div class=\"elementor-widget-container\">\n\t\t\t\t\t\t\t<ul class=\"elementor-icon-list-items\">\n\t\t\t\t\t\t\t<li class=\"elementor-icon-list-item\">\n\t\t\t\t\t\t\t\t\t\t\t<a href=\"https:\/\/www.vhs-burgenland.at\/wp_neu\/angebot\/sprachen\/deutsch-als-fremdsprache\/\">\n\n\t\t\t\t\t\t\t\t\t\t\t\t<span class=\"elementor-icon-list-icon\">\n\t\t\t\t\t\t\t<svg aria-hidden=\"true\" class=\"e-font-icon-svg e-fas-chevron-right\" viewBox=\"0 0 320 512\" xmlns=\"http:\/\/www.w3.org\/2000\/svg\"><path d=\"M285.476 272.971L91.132 467.314c-9.373 9.373-24.569 9.373-33.941 0l-22.667-22.667c-9.357-9.357-9.375-24.522-.04-33.901L188.505 256 34.484 101.255c-9.335-9.379-9.317-24.544.04-33.901l22.667-22.667c9.373-9.373 24.569-9.373 33.941 0L285.475 239.03c9.373 9.372 9.373 24.568.001 33.941z\"><\/path><\/svg>\t\t\t\t\t\t<\/span>\n\t\t\t\t\t\t\t\t\t\t<span class=\"elementor-icon-list-text\">Deutsch als Fremdsprache<\/span>\n\t\t\t\t\t\t\t\t\t\t\t<\/a>\n\t\t\t\t\t\t\t\t\t<\/li>\n\t\t\t\t\t\t\t\t<li class=\"elementor-icon-list-item\">\n\t\t\t\t\t\t\t\t\t\t\t<a href=\"https:\/\/www.vhs-burgenland.at\/wp_neu\/angebot\/sprachen\/sprachniveaus\/\">\n\n\t\t\t\t\t\t\t\t\t\t\t\t<span class=\"elementor-icon-list-icon\">\n\t\t\t\t\t\t\t<svg aria-hidden=\"true\" class=\"e-font-icon-svg e-fas-chevron-right\" viewBox=\"0 0 320 512\" xmlns=\"http:\/\/www.w3.org\/2000\/svg\"><path d=\"M285.476 272.971L91.132 467.314c-9.373 9.373-24.569 9.373-33.941 0l-22.667-22.667c-9.357-9.357-9.375-24.522-.04-33.901L188.505 256 34.484 101.255c-9.335-9.379-9.317-24.544.04-33.901l22.667-22.667c9.373-9.373 24.569-9.373 33.941 0L285.475 239.03c9.373 9.372 9.373 24.568.001 33.941z\"><\/path><\/svg>\t\t\t\t\t\t<\/span>\n\t\t\t\t\t\t\t\t\t\t<span class=\"elementor-icon-list-text\">Sprachniveaus<\/span>\n\t\t\t\t\t\t\t\t\t\t\t<\/a>\n\t\t\t\t\t\t\t\t\t<\/li>\n\t\t\t\t\t\t\t\t<li class=\"elementor-icon-list-item\">\n\t\t\t\t\t\t\t\t\t\t\t<a href=\"https:\/\/www.vhs-burgenland.at\/wp_neu\/angebot\/sprachen\/sprachen-angebot\/\">\n\n\t\t\t\t\t\t\t\t\t\t\t\t<span class=\"elementor-icon-list-icon\">\n\t\t\t\t\t\t\t<svg aria-hidden=\"true\" class=\"e-font-icon-svg e-fas-chevron-right\" viewBox=\"0 0 320 512\" xmlns=\"http:\/\/www.w3.org\/2000\/svg\"><path d=\"M285.476 272.971L91.132 467.314c-9.373 9.373-24.569 9.373-33.941 0l-22.667-22.667c-9.357-9.357-9.375-24.522-.04-33.901L188.505 256 34.484 101.255c-9.335-9.379-9.317-24.544.04-33.901l22.667-22.667c9.373-9.373 24.569-9.373 33.941 0L285.475 239.03c9.373 9.372 9.373 24.568.001 33.941z\"><\/path><\/svg>\t\t\t\t\t\t<\/span>\n\t\t\t\t\t\t\t\t\t\t<span class=\"elementor-icon-list-text\">Sprachen Angebot<\/span>\n\t\t\t\t\t\t\t\t\t\t\t<\/a>\n\t\t\t\t\t\t\t\t\t<\/li>\n\t\t\t\t\t\t\t\t<li class=\"elementor-icon-list-item\">\n\t\t\t\t\t\t\t\t\t\t\t<span class=\"elementor-icon-list-icon\">\n\t\t\t\t\t\t\t<svg aria-hidden=\"true\" class=\"e-font-icon-svg e-fas-chevron-right\" viewBox=\"0 0 320 512\" xmlns=\"http:\/\/www.w3.org\/2000\/svg\"><path d=\"M285.476 272.971L91.132 467.314c-9.373 9.373-24.569 9.373-33.941 0l-22.667-22.667c-9.357-9.357-9.375-24.522-.04-33.901L188.505 256 34.484 101.255c-9.335-9.379-9.317-24.544.04-33.901l22.667-22.667c9.373-9.373 24.569-9.373 33.941 0L285.475 239.03c9.373 9.372 9.373 24.568.001 33.941z\"><\/path><\/svg>\t\t\t\t\t\t<\/span>\n\t\t\t\t\t\t\t\t\t\t<span class=\"elementor-icon-list-text\">Sprachzertifikate<\/span>\n\t\t\t\t\t\t\t\t\t<\/li>\n\t\t\t\t\t\t<\/ul>\n\t\t\t\t\t\t<\/div>\n\t\t\t\t<\/div>\n\t\t<div class=\"elementor-element elementor-element-e17a629 e-con-full e-flex e-con e-child\" data-id=\"e17a629\" data-element_type=\"container\" data-e-type=\"container\" data-settings=\"{&quot;background_background&quot;:&quot;classic&quot;}\">\n\t\t\t\t<div class=\"elementor-element elementor-element-549d65b elementor-view-default elementor-widget elementor-widget-icon\" data-id=\"549d65b\" data-element_type=\"widget\" data-e-type=\"widget\" data-widget_type=\"icon.default\">\n\t\t\t\t<div class=\"elementor-widget-container\">\n\t\t\t\t\t\t\t<div class=\"elementor-icon-wrapper\">\n\t\t\t<div class=\"elementor-icon\">\n\t\t\t<svg aria-hidden=\"true\" class=\"e-font-icon-svg e-fas-info-circle\" viewBox=\"0 0 512 512\" xmlns=\"http:\/\/www.w3.org\/2000\/svg\"><path d=\"M256 8C119.043 8 8 119.083 8 256c0 136.997 111.043 248 248 248s248-111.003 248-248C504 119.083 392.957 8 256 8zm0 110c23.196 0 42 18.804 42 42s-18.804 42-42 42-42-18.804-42-42 18.804-42 42-42zm56 254c0 6.627-5.373 12-12 12h-88c-6.627 0-12-5.373-12-12v-24c0-6.627 5.373-12 12-12h12v-64h-12c-6.627 0-12-5.373-12-12v-24c0-6.627 5.373-12 12-12h64c6.627 0 12 5.373 12 12v100h12c6.627 0 12 5.373 12 12v24z\"><\/path><\/svg>\t\t\t<\/div>\n\t\t<\/div>\n\t\t\t\t\t\t<\/div>\n\t\t\t\t<\/div>\n\t\t\t\t<div class=\"elementor-element elementor-element-e40d916 elementor-widget elementor-widget-text-editor\" data-id=\"e40d916\" data-element_type=\"widget\" data-e-type=\"widget\" data-widget_type=\"text-editor.default\">\n\t\t\t\t<div class=\"elementor-widget-container\">\n\t\t\t\t\t\t\t\t\t<p><b>Information<\/b><\/p><p><span class=\"style_9\">0 26 82 \/ 61 363<br \/><\/span><a href=\"mailto:sprachen@vhs-burgenland.at?subject=\">sprachen@vhs-burgenland.at<\/a><\/p><p>\u00a0<\/p>\t\t\t\t\t\t\t\t<\/div>\n\t\t\t\t<\/div>\n\t\t\t\t<\/div>\n\t\t<div class=\"elementor-element elementor-element-bc28d6d e-con-full e-flex e-con e-child\" data-id=\"bc28d6d\" data-element_type=\"container\" data-e-type=\"container\" data-settings=\"{&quot;background_background&quot;:&quot;classic&quot;}\">\n\t\t\t\t<div class=\"elementor-element elementor-element-4864866 elementor-view-default elementor-widget elementor-widget-icon\" data-id=\"4864866\" data-element_type=\"widget\" data-e-type=\"widget\" data-widget_type=\"icon.default\">\n\t\t\t\t<div class=\"elementor-widget-container\">\n\t\t\t\t\t\t\t<div class=\"elementor-icon-wrapper\">\n\t\t\t<div class=\"elementor-icon\">\n\t\t\t<svg aria-hidden=\"true\" class=\"e-font-icon-svg e-fas-link\" viewBox=\"0 0 512 512\" xmlns=\"http:\/\/www.w3.org\/2000\/svg\"><path d=\"M326.612 185.391c59.747 59.809 58.927 155.698.36 214.59-.11.12-.24.25-.36.37l-67.2 67.2c-59.27 59.27-155.699 59.262-214.96 0-59.27-59.26-59.27-155.7 0-214.96l37.106-37.106c9.84-9.84 26.786-3.3 27.294 10.606.648 17.722 3.826 35.527 9.69 52.721 1.986 5.822.567 12.262-3.783 16.612l-13.087 13.087c-28.026 28.026-28.905 73.66-1.155 101.96 28.024 28.579 74.086 28.749 102.325.51l67.2-67.19c28.191-28.191 28.073-73.757 0-101.83-3.701-3.694-7.429-6.564-10.341-8.569a16.037 16.037 0 0 1-6.947-12.606c-.396-10.567 3.348-21.456 11.698-29.806l21.054-21.055c5.521-5.521 14.182-6.199 20.584-1.731a152.482 152.482 0 0 1 20.522 17.197zM467.547 44.449c-59.261-59.262-155.69-59.27-214.96 0l-67.2 67.2c-.12.12-.25.25-.36.37-58.566 58.892-59.387 154.781.36 214.59a152.454 152.454 0 0 0 20.521 17.196c6.402 4.468 15.064 3.789 20.584-1.731l21.054-21.055c8.35-8.35 12.094-19.239 11.698-29.806a16.037 16.037 0 0 0-6.947-12.606c-2.912-2.005-6.64-4.875-10.341-8.569-28.073-28.073-28.191-73.639 0-101.83l67.2-67.19c28.239-28.239 74.3-28.069 102.325.51 27.75 28.3 26.872 73.934-1.155 101.96l-13.087 13.087c-4.35 4.35-5.769 10.79-3.783 16.612 5.864 17.194 9.042 34.999 9.69 52.721.509 13.906 17.454 20.446 27.294 10.606l37.106-37.106c59.271-59.259 59.271-155.699.001-214.959z\"><\/path><\/svg>\t\t\t<\/div>\n\t\t<\/div>\n\t\t\t\t\t\t<\/div>\n\t\t\t\t<\/div>\n\t\t\t\t<div class=\"elementor-element elementor-element-7cf4e41 elementor-widget elementor-widget-text-editor\" data-id=\"7cf4e41\" data-element_type=\"widget\" data-e-type=\"widget\" data-widget_type=\"text-editor.default\">\n\t\t\t\t<div class=\"elementor-widget-container\">\n\t\t\t\t\t\t\t\t\t<p><b>Links<\/b><\/p><p><a href=\"http:\/\/www.osd.at\/\" target=\"_blank\" rel=\"noopener noreferrer\">www.osd.at<\/a><br \/><a href=\"http:\/\/www.cambridgeesol.org\/exams\/index.htm\" target=\"_blank\" rel=\"noopener noreferrer\">www.cambridgeesol.org<\/a><br \/><a href=\"http:\/\/www.britishcouncil.org\/de\/austria-exams-cambridge-exams.htm\" target=\"_blank\" rel=\"noopener noreferrer\">www.britishcouncil.org<\/a><span class=\"style_9\"><br \/><a href=\"http:\/\/www.ecl.hu\/\" target=\"_blank\" rel=\"noopener noreferrer\">www.ecl.hu<\/a><\/span><\/p>\t\t\t\t\t\t\t\t<\/div>\n\t\t\t\t<\/div>\n\t\t\t\t<\/div>\n\t\t\t\t<\/div>\n\t\t\t\t<div class=\"elementor-element elementor-element-6c2e13a elementor-widget elementor-widget-text-editor\" data-id=\"6c2e13a\" data-element_type=\"widget\" data-e-type=\"widget\" data-widget_type=\"text-editor.default\">\n\t\t\t\t<div class=\"elementor-widget-container\">\n\t\t\t\t\t\t\t\t\t<div class=\"wpb_text_column wpb_content_element \"><h1><strong>Sprachzertifikate<\/strong><\/h1><p>In unseren Kursen k\u00f6nnen Sie sich auf international anerkannte Sprachpr\u00fcfungen vorbereiten. Die Pr\u00fcfungen werden auf der Basis zentraler Aufgabenstellungen erstellt, nach einheitlichen Durchf\u00fchrungsbestimmungen organisiert und nach identischen Bewertungsrichtlinien ausgewertet. Zentrale Pr\u00fcfer*innenschulungen garantieren objektive Bewertungen.<\/p><h2>Englisch<\/h2><p>Cambridge ESOL Zertifikate<br \/>Die Cambridge Pr\u00fcfungen sind weltweit bekannt und werden von Hochschulen, Firmen und Bildungsbeh\u00f6rden als Nachweis qualifizierter Sprachkenntnisse in Englisch gesch\u00e4tzt und anerkannt.<\/p><h2>Ungarisch<\/h2><p>ECL Sprachpr\u00fcfung Ungarisch<br \/>An der VHS der Burgenl\u00e4ndischen Ungarn k\u00f6nnen Sie nicht nur die ECL-Zertifikatspr\u00fcfung ablegen, sondern auch die darauf vorbereitenden Sprachkurse besuchen. ECL ist das international anerkannte Ungarisch- Sprachzertifikat f\u00fcr Beruf und Studium in der EU. Pr\u00fcfungsinformationen, \u00dcbungsmaterialien und Termine finden Sie auf www.ecl.hu<\/p><h2>Deutsch<\/h2><p>\u00d6sterreichisches Sprachdiplom Deutsch (\u00d6SD)<br \/>Das \u00d6sterreichische Sprachdiplom Deutsch ist eine international anerkannte Deutschpr\u00fcfung. Es orientiert sich am Europ\u00e4ischen Referenzrahmen und ist als Nachweis von Deutschkenntnissen von Bedeutung. Die Pr\u00fcfungen k\u00f6nnen bei den Burgenl\u00e4ndischen Volkshochschulen abgelegt werden.<\/p><h3><strong>Deutsch \u2013 Integrationspr\u00fcfung<\/strong><\/h3><p>Seit 01.10.2017 m\u00fcssen Drittstaatsangeh\u00f6rige zur Erf\u00fcllung der Integrationsvereinbarung verpflichtend eine Deutsch- und Wertepr\u00fcfung auf A2 (Modul 1 f\u00fcr die Aufenthaltsbewilligung) oder B1 (Modul 2 f\u00fcr Daueraufenthalt oder \u00f6sterreichische Staatsb\u00fcrgerschaft) absolvieren. Dies betrifft Personen, die ab dem 01.10.2017 erstmalig den Aufenthaltstitel erhalten haben und Personen, die nach dem 01.10.2017 einen Antrag auf Daueraufenthalt oder Staatsb\u00fcrgerschaft stellen.<\/p><\/div>\t\t\t\t\t\t\t\t<\/div>\n\t\t\t\t<\/div>\n\t\t\t\t\t<\/div>\n\t\t\t\t<\/div>\n\t\t\t\t<\/div>\n\t\t","protected":false},"excerpt":{"rendered":"<p>Deutsch als Fremdsprache Sprachniveaus Sprachen Angebot Sprachzertifikate Information 0 26 82 \/ 61 363sprachen@vhs-burgenland.at \u00a0 Links www.osd.atwww.cambridgeesol.orgwww.britishcouncil.orgwww.ecl.hu Sprachzertifikate In unseren Kursen k\u00f6nnen Sie sich auf international anerkannte Sprachpr\u00fcfungen vorbereiten. Die Pr\u00fcfungen werden auf der Basis zentraler Aufgabenstellungen erstellt, nach einheitlichen Durchf\u00fchrungsbestimmungen organisiert und nach identischen Bewertungsrichtlinien ausgewertet. Zentrale Pr\u00fcfer*innenschulungen garantieren objektive Bewertungen. Englisch Cambridge ESOL [&hellip;]<\/p>\n","protected":false},"author":1,"featured_media":0,"parent":287,"menu_order":0,"comment_status":"closed","ping_status":"closed","template":"","meta":{"_eb_attr":"","ocean_post_layout":"","ocean_both_sidebars_style":"","ocean_both_sidebars_content_width":0,"ocean_both_sidebars_sidebars_width":0,"ocean_sidebar":"","ocean_second_sidebar":"","ocean_disable_margins":"enable","ocean_add_body_class":"","ocean_shortcode_before_top_bar":"","ocean_shortcode_after_top_bar":"","ocean_shortcode_before_header":"","ocean_shortcode_after_header":"","ocean_has_shortcode":"","ocean_shortcode_after_title":"","ocean_shortcode_before_footer_widgets":"","ocean_shortcode_after_footer_widgets":"","ocean_shortcode_before_footer_bottom":"","ocean_shortcode_after_footer_bottom":"","ocean_display_top_bar":"default","ocean_display_header":"default","ocean_header_style":"","ocean_center_header_left_menu":"","ocean_custom_header_template":"","ocean_custom_logo":0,"ocean_custom_retina_logo":0,"ocean_custom_logo_max_width":0,"ocean_custom_logo_tablet_max_width":0,"ocean_custom_logo_mobile_max_width":0,"ocean_custom_logo_max_height":0,"ocean_custom_logo_tablet_max_height":0,"ocean_custom_logo_mobile_max_height":0,"ocean_header_custom_menu":"","ocean_menu_typo_font_family":"","ocean_menu_typo_font_subset":"","ocean_menu_typo_font_size":0,"ocean_menu_typo_font_size_tablet":0,"ocean_menu_typo_font_size_mobile":0,"ocean_menu_typo_font_size_unit":"px","ocean_menu_typo_font_weight":"","ocean_menu_typo_font_weight_tablet":"","ocean_menu_typo_font_weight_mobile":"","ocean_menu_typo_transform":"","ocean_menu_typo_transform_tablet":"","ocean_menu_typo_transform_mobile":"","ocean_menu_typo_line_height":0,"ocean_menu_typo_line_height_tablet":0,"ocean_menu_typo_line_height_mobile":0,"ocean_menu_typo_line_height_unit":"","ocean_menu_typo_spacing":0,"ocean_menu_typo_spacing_tablet":0,"ocean_menu_typo_spacing_mobile":0,"ocean_menu_typo_spacing_unit":"","ocean_menu_link_color":"","ocean_menu_link_color_hover":"","ocean_menu_link_color_active":"","ocean_menu_link_background":"","ocean_menu_link_hover_background":"","ocean_menu_link_active_background":"","ocean_menu_social_links_bg":"","ocean_menu_social_hover_links_bg":"","ocean_menu_social_links_color":"","ocean_menu_social_hover_links_color":"","ocean_disable_title":"default","ocean_disable_heading":"default","ocean_post_title":"","ocean_post_subheading":"","ocean_post_title_style":"","ocean_post_title_background_color":"","ocean_post_title_background":0,"ocean_post_title_bg_image_position":"","ocean_post_title_bg_image_attachment":"","ocean_post_title_bg_image_repeat":"","ocean_post_title_bg_image_size":"","ocean_post_title_height":0,"ocean_post_title_bg_overlay":0.5,"ocean_post_title_bg_overlay_color":"","ocean_disable_breadcrumbs":"default","ocean_breadcrumbs_color":"","ocean_breadcrumbs_separator_color":"","ocean_breadcrumbs_links_color":"","ocean_breadcrumbs_links_hover_color":"","ocean_display_footer_widgets":"default","ocean_display_footer_bottom":"default","ocean_custom_footer_template":"","osh_disable_topbar_sticky":"default","osh_disable_header_sticky":"default","osh_sticky_header_style":"default","osh_sticky_header_effect":"","osh_custom_sticky_logo":0,"osh_custom_retina_sticky_logo":0,"osh_custom_sticky_logo_height":0,"osh_background_color":"","osh_links_color":"","osh_links_hover_color":"","osh_links_active_color":"","osh_links_bg_color":"","osh_links_hover_bg_color":"","osh_links_active_bg_color":"","osh_menu_social_links_color":"","osh_menu_social_hover_links_color":"","_mc_calendar":[],"footnotes":""},"class_list":["post-2013","page","type-page","status-publish","hentry","entry"],"yoast_head":"<!-- This site is optimized with the Yoast SEO plugin v27.4 - https:\/\/yoast.com\/product\/yoast-seo-wordpress\/ -->\n<title>Sprachzertifikate - VHS Burgenl\u00e4ndische Volkshochschulen<\/title>\n<meta name=\"description\" content=\"Sprachzertifikate bei den Burgenl\u00e4ndischen Volkshochschulen: Offizielle Pr\u00fcfungen und Nachweise nach internationalen Standards \u2013 f\u00fcr Beruf, Studium und Alltag\" \/>\n<meta name=\"robots\" content=\"index, follow, max-snippet:-1, max-image-preview:large, max-video-preview:-1\" \/>\n<link rel=\"canonical\" href=\"https:\/\/www.vhs-burgenland.at\/wp_neu\/angebot\/sprachen\/sprachzertifikate\/\" \/>\n<meta property=\"og:locale\" content=\"de_DE\" \/>\n<meta property=\"og:type\" content=\"article\" \/>\n<meta property=\"og:title\" content=\"Sprachzertifikate - VHS Burgenl\u00e4ndische Volkshochschulen\" \/>\n<meta property=\"og:description\" content=\"Sprachzertifikate bei den Burgenl\u00e4ndischen Volkshochschulen: Offizielle Pr\u00fcfungen und Nachweise nach internationalen Standards \u2013 f\u00fcr Beruf, Studium und Alltag\" \/>\n<meta property=\"og:url\" content=\"https:\/\/www.vhs-burgenland.at\/wp_neu\/angebot\/sprachen\/sprachzertifikate\/\" \/>\n<meta property=\"og:site_name\" content=\"VHS Burgenl\u00e4ndische Volkshochschulen\" \/>\n<meta property=\"article:publisher\" content=\"https:\/\/www.facebook.com\/BurgenlaendischeVolkshochschulen\/\" \/>\n<meta property=\"article:modified_time\" content=\"2025-10-01T08:39:35+00:00\" \/>\n<meta name=\"twitter:card\" content=\"summary_large_image\" \/>\n<meta name=\"twitter:label1\" content=\"Gesch\u00e4tzte Lesezeit\" \/>\n\t<meta name=\"twitter:data1\" content=\"2 Minuten\" \/>\n<script type=\"application\/ld+json\" class=\"yoast-schema-graph\">{\"@context\":\"https:\\\/\\\/schema.org\",\"@graph\":[{\"@type\":\"WebPage\",\"@id\":\"https:\\\/\\\/www.vhs-burgenland.at\\\/wp_neu\\\/angebot\\\/sprachen\\\/sprachzertifikate\\\/\",\"url\":\"https:\\\/\\\/www.vhs-burgenland.at\\\/wp_neu\\\/angebot\\\/sprachen\\\/sprachzertifikate\\\/\",\"name\":\"Sprachzertifikate - VHS Burgenl\u00e4ndische Volkshochschulen\",\"isPartOf\":{\"@id\":\"https:\\\/\\\/www.vhs-burgenland.at\\\/wp_neu\\\/#website\"},\"datePublished\":\"2025-05-22T07:11:41+00:00\",\"dateModified\":\"2025-10-01T08:39:35+00:00\",\"description\":\"Sprachzertifikate bei den Burgenl\u00e4ndischen Volkshochschulen: Offizielle Pr\u00fcfungen und Nachweise nach internationalen Standards \u2013 f\u00fcr Beruf, Studium und Alltag\",\"breadcrumb\":{\"@id\":\"https:\\\/\\\/www.vhs-burgenland.at\\\/wp_neu\\\/angebot\\\/sprachen\\\/sprachzertifikate\\\/#breadcrumb\"},\"inLanguage\":\"de-AT\",\"potentialAction\":[{\"@type\":\"ReadAction\",\"target\":[\"https:\\\/\\\/www.vhs-burgenland.at\\\/wp_neu\\\/angebot\\\/sprachen\\\/sprachzertifikate\\\/\"]}]},{\"@type\":\"BreadcrumbList\",\"@id\":\"https:\\\/\\\/www.vhs-burgenland.at\\\/wp_neu\\\/angebot\\\/sprachen\\\/sprachzertifikate\\\/#breadcrumb\",\"itemListElement\":[{\"@type\":\"ListItem\",\"position\":1,\"name\":\"Startseite\",\"item\":\"https:\\\/\\\/www.vhs-burgenland.at\\\/wp_neu\\\/\"},{\"@type\":\"ListItem\",\"position\":2,\"name\":\"Angebot\",\"item\":\"https:\\\/\\\/www.vhs-burgenland.at\\\/wp_neu\\\/angebot\\\/\"},{\"@type\":\"ListItem\",\"position\":3,\"name\":\"Sprachen\",\"item\":\"https:\\\/\\\/www.vhs-burgenland.at\\\/wp_neu\\\/angebot\\\/sprachen\\\/\"},{\"@type\":\"ListItem\",\"position\":4,\"name\":\"Sprachzertifikate\"}]},{\"@type\":\"WebSite\",\"@id\":\"https:\\\/\\\/www.vhs-burgenland.at\\\/wp_neu\\\/#website\",\"url\":\"https:\\\/\\\/www.vhs-burgenland.at\\\/wp_neu\\\/\",\"name\":\"VHS Burgenl\u00e4ndische Volkshochschulen\",\"description\":\"Wir sind, wo Sie sind!\",\"publisher\":{\"@id\":\"https:\\\/\\\/www.vhs-burgenland.at\\\/wp_neu\\\/#organization\"},\"potentialAction\":[{\"@type\":\"SearchAction\",\"target\":{\"@type\":\"EntryPoint\",\"urlTemplate\":\"https:\\\/\\\/www.vhs-burgenland.at\\\/wp_neu\\\/?s={search_term_string}\"},\"query-input\":{\"@type\":\"PropertyValueSpecification\",\"valueRequired\":true,\"valueName\":\"search_term_string\"}}],\"inLanguage\":\"de-AT\"},{\"@type\":\"Organization\",\"@id\":\"https:\\\/\\\/www.vhs-burgenland.at\\\/wp_neu\\\/#organization\",\"name\":\"VHS Burgenl\u00e4ndische Volkshochschulen\",\"url\":\"https:\\\/\\\/www.vhs-burgenland.at\\\/wp_neu\\\/\",\"logo\":{\"@type\":\"ImageObject\",\"inLanguage\":\"de-AT\",\"@id\":\"https:\\\/\\\/www.vhs-burgenland.at\\\/wp_neu\\\/#\\\/schema\\\/logo\\\/image\\\/\",\"url\":\"https:\\\/\\\/www.vhs-burgenland.at\\\/wp_neu\\\/wp-content\\\/uploads\\\/2025\\\/05\\\/vhs_logo_kl.png\",\"contentUrl\":\"https:\\\/\\\/www.vhs-burgenland.at\\\/wp_neu\\\/wp-content\\\/uploads\\\/2025\\\/05\\\/vhs_logo_kl.png\",\"width\":250,\"height\":52,\"caption\":\"VHS Burgenl\u00e4ndische Volkshochschulen\"},\"image\":{\"@id\":\"https:\\\/\\\/www.vhs-burgenland.at\\\/wp_neu\\\/#\\\/schema\\\/logo\\\/image\\\/\"},\"sameAs\":[\"https:\\\/\\\/www.facebook.com\\\/BurgenlaendischeVolkshochschulen\\\/\",\"https:\\\/\\\/www.instagram.com\\\/vhsburgenland\",\"https:\\\/\\\/www.youtube.com\\\/@burgenlandischevolkshochsc6605\",\"https:\\\/\\\/bsky.app\\\/profile\\\/vhsburgenland.bsky.social\"]}]}<\/script>\n<!-- \/ Yoast SEO plugin. -->","yoast_head_json":{"title":"Sprachzertifikate - VHS Burgenl\u00e4ndische Volkshochschulen","description":"Sprachzertifikate bei den Burgenl\u00e4ndischen Volkshochschulen: Offizielle Pr\u00fcfungen und Nachweise nach internationalen Standards \u2013 f\u00fcr Beruf, Studium und Alltag","robots":{"index":"index","follow":"follow","max-snippet":"max-snippet:-1","max-image-preview":"max-image-preview:large","max-video-preview":"max-video-preview:-1"},"canonical":"https:\/\/www.vhs-burgenland.at\/wp_neu\/angebot\/sprachen\/sprachzertifikate\/","og_locale":"de_DE","og_type":"article","og_title":"Sprachzertifikate - VHS Burgenl\u00e4ndische Volkshochschulen","og_description":"Sprachzertifikate bei den Burgenl\u00e4ndischen Volkshochschulen: Offizielle Pr\u00fcfungen und Nachweise nach internationalen Standards \u2013 f\u00fcr Beruf, Studium und Alltag","og_url":"https:\/\/www.vhs-burgenland.at\/wp_neu\/angebot\/sprachen\/sprachzertifikate\/","og_site_name":"VHS Burgenl\u00e4ndische Volkshochschulen","article_publisher":"https:\/\/www.facebook.com\/BurgenlaendischeVolkshochschulen\/","article_modified_time":"2025-10-01T08:39:35+00:00","twitter_card":"summary_large_image","twitter_misc":{"Gesch\u00e4tzte Lesezeit":"2 Minuten"},"schema":{"@context":"https:\/\/schema.org","@graph":[{"@type":"WebPage","@id":"https:\/\/www.vhs-burgenland.at\/wp_neu\/angebot\/sprachen\/sprachzertifikate\/","url":"https:\/\/www.vhs-burgenland.at\/wp_neu\/angebot\/sprachen\/sprachzertifikate\/","name":"Sprachzertifikate - VHS Burgenl\u00e4ndische Volkshochschulen","isPartOf":{"@id":"https:\/\/www.vhs-burgenland.at\/wp_neu\/#website"},"datePublished":"2025-05-22T07:11:41+00:00","dateModified":"2025-10-01T08:39:35+00:00","description":"Sprachzertifikate bei den Burgenl\u00e4ndischen Volkshochschulen: Offizielle Pr\u00fcfungen und Nachweise nach internationalen Standards \u2013 f\u00fcr Beruf, Studium und Alltag","breadcrumb":{"@id":"https:\/\/www.vhs-burgenland.at\/wp_neu\/angebot\/sprachen\/sprachzertifikate\/#breadcrumb"},"inLanguage":"de-AT","potentialAction":[{"@type":"ReadAction","target":["https:\/\/www.vhs-burgenland.at\/wp_neu\/angebot\/sprachen\/sprachzertifikate\/"]}]},{"@type":"BreadcrumbList","@id":"https:\/\/www.vhs-burgenland.at\/wp_neu\/angebot\/sprachen\/sprachzertifikate\/#breadcrumb","itemListElement":[{"@type":"ListItem","position":1,"name":"Startseite","item":"https:\/\/www.vhs-burgenland.at\/wp_neu\/"},{"@type":"ListItem","position":2,"name":"Angebot","item":"https:\/\/www.vhs-burgenland.at\/wp_neu\/angebot\/"},{"@type":"ListItem","position":3,"name":"Sprachen","item":"https:\/\/www.vhs-burgenland.at\/wp_neu\/angebot\/sprachen\/"},{"@type":"ListItem","position":4,"name":"Sprachzertifikate"}]},{"@type":"WebSite","@id":"https:\/\/www.vhs-burgenland.at\/wp_neu\/#website","url":"https:\/\/www.vhs-burgenland.at\/wp_neu\/","name":"VHS Burgenl\u00e4ndische Volkshochschulen","description":"Wir sind, wo Sie sind!","publisher":{"@id":"https:\/\/www.vhs-burgenland.at\/wp_neu\/#organization"},"potentialAction":[{"@type":"SearchAction","target":{"@type":"EntryPoint","urlTemplate":"https:\/\/www.vhs-burgenland.at\/wp_neu\/?s={search_term_string}"},"query-input":{"@type":"PropertyValueSpecification","valueRequired":true,"valueName":"search_term_string"}}],"inLanguage":"de-AT"},{"@type":"Organization","@id":"https:\/\/www.vhs-burgenland.at\/wp_neu\/#organization","name":"VHS Burgenl\u00e4ndische Volkshochschulen","url":"https:\/\/www.vhs-burgenland.at\/wp_neu\/","logo":{"@type":"ImageObject","inLanguage":"de-AT","@id":"https:\/\/www.vhs-burgenland.at\/wp_neu\/#\/schema\/logo\/image\/","url":"https:\/\/www.vhs-burgenland.at\/wp_neu\/wp-content\/uploads\/2025\/05\/vhs_logo_kl.png","contentUrl":"https:\/\/www.vhs-burgenland.at\/wp_neu\/wp-content\/uploads\/2025\/05\/vhs_logo_kl.png","width":250,"height":52,"caption":"VHS Burgenl\u00e4ndische Volkshochschulen"},"image":{"@id":"https:\/\/www.vhs-burgenland.at\/wp_neu\/#\/schema\/logo\/image\/"},"sameAs":["https:\/\/www.facebook.com\/BurgenlaendischeVolkshochschulen\/","https:\/\/www.instagram.com\/vhsburgenland","https:\/\/www.youtube.com\/@burgenlandischevolkshochsc6605","https:\/\/bsky.app\/profile\/vhsburgenland.bsky.social"]}]}},"_links":{"self":[{"href":"https:\/\/www.vhs-burgenland.at\/wp_neu\/wp-json\/wp\/v2\/pages\/2013","targetHints":{"allow":["GET"]}}],"collection":[{"href":"https:\/\/www.vhs-burgenland.at\/wp_neu\/wp-json\/wp\/v2\/pages"}],"about":[{"href":"https:\/\/www.vhs-burgenland.at\/wp_neu\/wp-json\/wp\/v2\/types\/page"}],"author":[{"embeddable":true,"href":"https:\/\/www.vhs-burgenland.at\/wp_neu\/wp-json\/wp\/v2\/users\/1"}],"replies":[{"embeddable":true,"href":"https:\/\/www.vhs-burgenland.at\/wp_neu\/wp-json\/wp\/v2\/comments?post=2013"}],"version-history":[{"count":10,"href":"https:\/\/www.vhs-burgenland.at\/wp_neu\/wp-json\/wp\/v2\/pages\/2013\/revisions"}],"predecessor-version":[{"id":3835,"href":"https:\/\/www.vhs-burgenland.at\/wp_neu\/wp-json\/wp\/v2\/pages\/2013\/revisions\/3835"}],"up":[{"embeddable":true,"href":"https:\/\/www.vhs-burgenland.at\/wp_neu\/wp-json\/wp\/v2\/pages\/287"}],"wp:attachment":[{"href":"https:\/\/www.vhs-burgenland.at\/wp_neu\/wp-json\/wp\/v2\/media?parent=2013"}],"curies":[{"name":"wp","href":"https:\/\/api.w.org\/{rel}","templated":true}]}}