{"id":2005,"date":"2025-05-22T09:09:50","date_gmt":"2025-05-22T07:09:50","guid":{"rendered":"https:\/\/www.vhs-burgenland.at\/wp_neu\/?page_id=2005"},"modified":"2025-10-01T10:38:56","modified_gmt":"2025-10-01T08:38:56","slug":"sprachniveaus","status":"publish","type":"page","link":"https:\/\/www.vhs-burgenland.at\/wp_neu\/angebot\/sprachen\/sprachniveaus\/","title":{"rendered":"Sprachniveaus"},"content":{"rendered":"\t\t<div data-elementor-type=\"wp-page\" data-elementor-id=\"2005\" class=\"elementor elementor-2005\">\n\t\t\t\t<div class=\"elementor-element elementor-element-6fc6a35 e-flex e-con-boxed e-con e-parent\" data-id=\"6fc6a35\" data-element_type=\"container\" data-e-type=\"container\">\n\t\t\t\t\t<div class=\"e-con-inner\">\n\t\t<div class=\"elementor-element elementor-element-668eac2 e-con-full e-flex e-con e-child\" data-id=\"668eac2\" data-element_type=\"container\" data-e-type=\"container\">\n\t\t\t\t<div class=\"elementor-element elementor-element-c0604e8 elementor-widget__width-initial elementor-icon-list--layout-traditional elementor-list-item-link-full_width elementor-widget elementor-widget-icon-list\" data-id=\"c0604e8\" data-element_type=\"widget\" data-e-type=\"widget\" data-widget_type=\"icon-list.default\">\n\t\t\t\t<div class=\"elementor-widget-container\">\n\t\t\t\t\t\t\t<ul class=\"elementor-icon-list-items\">\n\t\t\t\t\t\t\t<li class=\"elementor-icon-list-item\">\n\t\t\t\t\t\t\t\t\t\t\t<a href=\"https:\/\/www.vhs-burgenland.at\/wp_neu\/angebot\/sprachen\/deutsch-als-fremdsprache\/\">\n\n\t\t\t\t\t\t\t\t\t\t\t\t<span class=\"elementor-icon-list-icon\">\n\t\t\t\t\t\t\t<svg aria-hidden=\"true\" class=\"e-font-icon-svg e-fas-chevron-right\" viewBox=\"0 0 320 512\" xmlns=\"http:\/\/www.w3.org\/2000\/svg\"><path d=\"M285.476 272.971L91.132 467.314c-9.373 9.373-24.569 9.373-33.941 0l-22.667-22.667c-9.357-9.357-9.375-24.522-.04-33.901L188.505 256 34.484 101.255c-9.335-9.379-9.317-24.544.04-33.901l22.667-22.667c9.373-9.373 24.569-9.373 33.941 0L285.475 239.03c9.373 9.372 9.373 24.568.001 33.941z\"><\/path><\/svg>\t\t\t\t\t\t<\/span>\n\t\t\t\t\t\t\t\t\t\t<span class=\"elementor-icon-list-text\">Deutsch als Fremdsprache<\/span>\n\t\t\t\t\t\t\t\t\t\t\t<\/a>\n\t\t\t\t\t\t\t\t\t<\/li>\n\t\t\t\t\t\t\t\t<li class=\"elementor-icon-list-item\">\n\t\t\t\t\t\t\t\t\t\t\t<span class=\"elementor-icon-list-icon\">\n\t\t\t\t\t\t\t<svg aria-hidden=\"true\" class=\"e-font-icon-svg e-fas-chevron-right\" viewBox=\"0 0 320 512\" xmlns=\"http:\/\/www.w3.org\/2000\/svg\"><path d=\"M285.476 272.971L91.132 467.314c-9.373 9.373-24.569 9.373-33.941 0l-22.667-22.667c-9.357-9.357-9.375-24.522-.04-33.901L188.505 256 34.484 101.255c-9.335-9.379-9.317-24.544.04-33.901l22.667-22.667c9.373-9.373 24.569-9.373 33.941 0L285.475 239.03c9.373 9.372 9.373 24.568.001 33.941z\"><\/path><\/svg>\t\t\t\t\t\t<\/span>\n\t\t\t\t\t\t\t\t\t\t<span class=\"elementor-icon-list-text\">Sprachniveaus<\/span>\n\t\t\t\t\t\t\t\t\t<\/li>\n\t\t\t\t\t\t\t\t<li class=\"elementor-icon-list-item\">\n\t\t\t\t\t\t\t\t\t\t\t<a href=\"https:\/\/www.vhs-burgenland.at\/wp_neu\/angebot\/sprachen\/sprachen-angebot\/\">\n\n\t\t\t\t\t\t\t\t\t\t\t\t<span class=\"elementor-icon-list-icon\">\n\t\t\t\t\t\t\t<svg aria-hidden=\"true\" class=\"e-font-icon-svg e-fas-chevron-right\" viewBox=\"0 0 320 512\" xmlns=\"http:\/\/www.w3.org\/2000\/svg\"><path d=\"M285.476 272.971L91.132 467.314c-9.373 9.373-24.569 9.373-33.941 0l-22.667-22.667c-9.357-9.357-9.375-24.522-.04-33.901L188.505 256 34.484 101.255c-9.335-9.379-9.317-24.544.04-33.901l22.667-22.667c9.373-9.373 24.569-9.373 33.941 0L285.475 239.03c9.373 9.372 9.373 24.568.001 33.941z\"><\/path><\/svg>\t\t\t\t\t\t<\/span>\n\t\t\t\t\t\t\t\t\t\t<span class=\"elementor-icon-list-text\">Sprachen Angebot<\/span>\n\t\t\t\t\t\t\t\t\t\t\t<\/a>\n\t\t\t\t\t\t\t\t\t<\/li>\n\t\t\t\t\t\t\t\t<li class=\"elementor-icon-list-item\">\n\t\t\t\t\t\t\t\t\t\t\t<a href=\"https:\/\/www.vhs-burgenland.at\/wp_neu\/angebot\/sprachen\/sprachzertifikate\/\">\n\n\t\t\t\t\t\t\t\t\t\t\t\t<span class=\"elementor-icon-list-icon\">\n\t\t\t\t\t\t\t<svg aria-hidden=\"true\" class=\"e-font-icon-svg e-fas-chevron-right\" viewBox=\"0 0 320 512\" xmlns=\"http:\/\/www.w3.org\/2000\/svg\"><path d=\"M285.476 272.971L91.132 467.314c-9.373 9.373-24.569 9.373-33.941 0l-22.667-22.667c-9.357-9.357-9.375-24.522-.04-33.901L188.505 256 34.484 101.255c-9.335-9.379-9.317-24.544.04-33.901l22.667-22.667c9.373-9.373 24.569-9.373 33.941 0L285.475 239.03c9.373 9.372 9.373 24.568.001 33.941z\"><\/path><\/svg>\t\t\t\t\t\t<\/span>\n\t\t\t\t\t\t\t\t\t\t<span class=\"elementor-icon-list-text\">Sprachzertifikate<\/span>\n\t\t\t\t\t\t\t\t\t\t\t<\/a>\n\t\t\t\t\t\t\t\t\t<\/li>\n\t\t\t\t\t\t<\/ul>\n\t\t\t\t\t\t<\/div>\n\t\t\t\t<\/div>\n\t\t<div class=\"elementor-element elementor-element-6ce9abc e-con-full e-flex e-con e-child\" data-id=\"6ce9abc\" data-element_type=\"container\" data-e-type=\"container\" data-settings=\"{&quot;background_background&quot;:&quot;classic&quot;}\">\n\t\t\t\t<div class=\"elementor-element elementor-element-cd3bbf3 elementor-view-default elementor-widget elementor-widget-icon\" data-id=\"cd3bbf3\" data-element_type=\"widget\" data-e-type=\"widget\" data-widget_type=\"icon.default\">\n\t\t\t\t<div class=\"elementor-widget-container\">\n\t\t\t\t\t\t\t<div class=\"elementor-icon-wrapper\">\n\t\t\t<div class=\"elementor-icon\">\n\t\t\t<svg aria-hidden=\"true\" class=\"e-font-icon-svg e-fas-info-circle\" viewBox=\"0 0 512 512\" xmlns=\"http:\/\/www.w3.org\/2000\/svg\"><path d=\"M256 8C119.043 8 8 119.083 8 256c0 136.997 111.043 248 248 248s248-111.003 248-248C504 119.083 392.957 8 256 8zm0 110c23.196 0 42 18.804 42 42s-18.804 42-42 42-42-18.804-42-42 18.804-42 42-42zm56 254c0 6.627-5.373 12-12 12h-88c-6.627 0-12-5.373-12-12v-24c0-6.627 5.373-12 12-12h12v-64h-12c-6.627 0-12-5.373-12-12v-24c0-6.627 5.373-12 12-12h64c6.627 0 12 5.373 12 12v100h12c6.627 0 12 5.373 12 12v24z\"><\/path><\/svg>\t\t\t<\/div>\n\t\t<\/div>\n\t\t\t\t\t\t<\/div>\n\t\t\t\t<\/div>\n\t\t\t\t<div class=\"elementor-element elementor-element-180da7e elementor-widget elementor-widget-text-editor\" data-id=\"180da7e\" data-element_type=\"widget\" data-e-type=\"widget\" data-widget_type=\"text-editor.default\">\n\t\t\t\t<div class=\"elementor-widget-container\">\n\t\t\t\t\t\t\t\t\t<p><b>Information<\/b><\/p><p><span class=\"style_9\">0 26 82 \/ 61 363<br \/><\/span><a href=\"mailto:sprachen@vhs-burgenland.at?subject=\">sprachen@vhs-burgenland.at<\/a><\/p><p>\u00a0<\/p>\t\t\t\t\t\t\t\t<\/div>\n\t\t\t\t<\/div>\n\t\t\t\t<\/div>\n\t\t\t\t<\/div>\n\t\t\t\t<div class=\"elementor-element elementor-element-926836f elementor-widget elementor-widget-text-editor\" data-id=\"926836f\" data-element_type=\"widget\" data-e-type=\"widget\" data-widget_type=\"text-editor.default\">\n\t\t\t\t<div class=\"elementor-widget-container\">\n\t\t\t\t\t\t\t\t\t<h1><strong>Sprachniveaus<\/strong><\/h1><p><strong>Der Gemeinsame Europ\u00e4ische Referenzrahmen<\/strong> beschreibt die Sprachniveaus auf 6 Stufen. Sie finden bei der Beschreibung unserer Sprachkurse Hinweise auf den Referenzrahmen. Lesen Sie die Beschreibung der sechs Niveaustufen und bewerten Sie, welche Stufe Sie bereits (gro\u00dfteils) beherrschen. Dieses Niveau ist Ihre Einstiegsvoraussetzung, Ihr Lernziel ist die darauf folgende Stufe. Weitere Informationen und Beratung erhalten Sie bei Ihrer Volkshochschule.<\/p><p>Dieser Gemeinsame Europ\u00e4ische Referenzrahmen ist die Basis zum Vergleich der zahlreichen Abschl\u00fcsse, Kursstufen, Pr\u00fcfungsniveaus, er wird verwendet zur Entwicklung von Lehrwerken, Lehrpl\u00e4nen und Sprachpr\u00fcfungen, aber auch zur einfachen Selbsteinstufung.<\/p><h2>Elementare Sprachverwendung (A1 und A2)<\/h2><h3><strong><span class=\"caps\">A1<\/span><\/strong><\/h3><p>Kann vertraute, allt\u00e4gliche Ausdr\u00fccke und ganz einfache S\u00e4tze verstehen und verwenden, die auf die Befriedigung konkreter Bed\u00fcrfnisse zielen. Kann sich und andere vorstellen und anderen Leuten Fragen zu ihrer Person stellen \u2013 z. B. wo sie wohnen, welche Leute sie kennen oder welche Dinge sie haben \u2013 und kann auf Fragen dieser Art Antwort geben. Kann sich auf einfache Art verst\u00e4ndigen, wenn die Gespr\u00e4chspartnerinnen oder Gespr\u00e4chspartner langsam und deutlich sprechen und bereit sind zu helfen.<\/p><h3><strong><span class=\"caps\">A2<\/span><\/strong><\/h3><p>Kann S\u00e4tze und h\u00e4ufig gebrauchte Ausdr\u00fccke verstehen, die mit Bereichen von ganz unmittelbarer Bedeutung zusammenh\u00e4ngen (z. B. Informationen zur Person und zur Familie, Einkaufen, Arbeit, n\u00e4here Umgebung). Kann sich in einfachen, routinem\u00e4\u00dfigen Situationen verst\u00e4ndigen, in denen es um einen einfachen und direkten Austausch von Informationen \u00fcber vertraute und gel\u00e4ufige Dinge geht. Kann mit einfachen Mitteln die eigene Herkunft und Ausbildung, die direkte Umgebung und Dinge im Zusammenhang mit unmittelbaren Bed\u00fcrfnissen beschreiben.<\/p><h2>Selbstst\u00e4ndige Sprachverwendung (B1 und B2)<\/h2><h3><strong><span class=\"caps\">B1<\/span><\/strong><\/h3><p>Kann die Hauptpunkte verstehen, wenn klare Standardsprache verwendet wird und wenn es um vertraute Dinge aus Arbeit, Schule, Freizeit usw. geht. Kann die meisten Situationen bew\u00e4ltigen, denen man auf Reisen im Sprachgebiet begegnet. Kann sich einfach und zusammenh\u00e4ngend \u00fcber vertraute Themen und pers\u00f6nliche Interessengebiete \u00e4u\u00dfern. Kann \u00fcber Erfahrungen und Ereignisse berichten, Tr\u00e4ume, Hoffnungen und Ziele beschreiben und zu Pl\u00e4nen und Ansichten kurze Begr\u00fcndungen oder Erkl\u00e4rungen geben.<\/p><h3><strong><span class=\"caps\">B2<\/span><\/strong><\/h3><p>Kann die Hauptinhalte komplexer Texte zu konkreten und abstrakten Themen verstehen; versteht im eigenen Spezialgebiet auch Fachdiskussionen. Kann sich spontan und flie\u00dfend verst\u00e4ndigen, sodass ein normales Gespr\u00e4ch mit Muttersprachlern ohne gr\u00f6\u00dfere Anstrengung auf beiden Seiten gut m\u00f6glich ist. Kann sich zu einem breiten Themenspektrum klar und detailliert ausdr\u00fccken, einen Standpunkt zu einer aktuellen Frage erl\u00e4utern und die Vor- und Nachteile verschiedener M\u00f6glichkeiten angeben.<\/p><h2>Kompetente Sprachverwendung (C1 und C2)<\/h2><h3><strong><span class=\"caps\">C1<\/span><\/strong><\/h3><p>Kann ein breites Spektrum anspruchsvoller, l\u00e4ngerer Texte verstehen und auch implizite Bedeutungen erfassen. Kann sich spontan und flie\u00dfend ausdr\u00fccken, ohne \u00f6fter deutlich erkennbar nach Worten suchen zu m\u00fcssen. Kann die Sprache im gesellschaftlichen und beruflichen Leben oder in Ausbildung und Studium wirksam und flexibel gebrauchen. Kann sich klar, strukturiert und ausf\u00fchrlich zu komplexen Sachverhalten \u00e4u\u00dfern und dabei verschiedene Mittel zur Textverkn\u00fcpfung angemessen verwenden.<\/p><h3><strong><span class=\"caps\">C2<\/span><\/strong><\/h3><p>Kann praktisch alles, was er\/sie liest oder h\u00f6rt, m\u00fchelos verstehen. Kann Informationen aus verschiedenen schriftlichen und m\u00fcndlichen Quellen zusammenfassen und dabei Begr\u00fcndungen und Erkl\u00e4rungen in einer zusammenh\u00e4ngenden Darstellung wiedergeben. Kann sich spontan, sehr fl\u00fcssig und genau ausdr\u00fccken und auch bei komplexeren Sachverhalten feinere Bedeutungsnuancen deutlich machen.<\/p>\t\t\t\t\t\t\t\t<\/div>\n\t\t\t\t<\/div>\n\t\t\t\t\t<\/div>\n\t\t\t\t<\/div>\n\t\t\t\t<\/div>\n\t\t","protected":false},"excerpt":{"rendered":"<p>Deutsch als Fremdsprache Sprachniveaus Sprachen Angebot Sprachzertifikate Information 0 26 82 \/ 61 363sprachen@vhs-burgenland.at \u00a0 Sprachniveaus Der Gemeinsame Europ\u00e4ische Referenzrahmen beschreibt die Sprachniveaus auf 6 Stufen. Sie finden bei der Beschreibung unserer Sprachkurse Hinweise auf den Referenzrahmen. Lesen Sie die Beschreibung der sechs Niveaustufen und bewerten Sie, welche Stufe Sie bereits (gro\u00dfteils) beherrschen. Dieses Niveau [&hellip;]<\/p>\n","protected":false},"author":1,"featured_media":0,"parent":287,"menu_order":0,"comment_status":"closed","ping_status":"closed","template":"","meta":{"_eb_attr":"","ocean_post_layout":"","ocean_both_sidebars_style":"","ocean_both_sidebars_content_width":0,"ocean_both_sidebars_sidebars_width":0,"ocean_sidebar":"","ocean_second_sidebar":"","ocean_disable_margins":"enable","ocean_add_body_class":"","ocean_shortcode_before_top_bar":"","ocean_shortcode_after_top_bar":"","ocean_shortcode_before_header":"","ocean_shortcode_after_header":"","ocean_has_shortcode":"","ocean_shortcode_after_title":"","ocean_shortcode_before_footer_widgets":"","ocean_shortcode_after_footer_widgets":"","ocean_shortcode_before_footer_bottom":"","ocean_shortcode_after_footer_bottom":"","ocean_display_top_bar":"default","ocean_display_header":"default","ocean_header_style":"","ocean_center_header_left_menu":"","ocean_custom_header_template":"","ocean_custom_logo":0,"ocean_custom_retina_logo":0,"ocean_custom_logo_max_width":0,"ocean_custom_logo_tablet_max_width":0,"ocean_custom_logo_mobile_max_width":0,"ocean_custom_logo_max_height":0,"ocean_custom_logo_tablet_max_height":0,"ocean_custom_logo_mobile_max_height":0,"ocean_header_custom_menu":"","ocean_menu_typo_font_family":"","ocean_menu_typo_font_subset":"","ocean_menu_typo_font_size":0,"ocean_menu_typo_font_size_tablet":0,"ocean_menu_typo_font_size_mobile":0,"ocean_menu_typo_font_size_unit":"px","ocean_menu_typo_font_weight":"","ocean_menu_typo_font_weight_tablet":"","ocean_menu_typo_font_weight_mobile":"","ocean_menu_typo_transform":"","ocean_menu_typo_transform_tablet":"","ocean_menu_typo_transform_mobile":"","ocean_menu_typo_line_height":0,"ocean_menu_typo_line_height_tablet":0,"ocean_menu_typo_line_height_mobile":0,"ocean_menu_typo_line_height_unit":"","ocean_menu_typo_spacing":0,"ocean_menu_typo_spacing_tablet":0,"ocean_menu_typo_spacing_mobile":0,"ocean_menu_typo_spacing_unit":"","ocean_menu_link_color":"","ocean_menu_link_color_hover":"","ocean_menu_link_color_active":"","ocean_menu_link_background":"","ocean_menu_link_hover_background":"","ocean_menu_link_active_background":"","ocean_menu_social_links_bg":"","ocean_menu_social_hover_links_bg":"","ocean_menu_social_links_color":"","ocean_menu_social_hover_links_color":"","ocean_disable_title":"default","ocean_disable_heading":"default","ocean_post_title":"","ocean_post_subheading":"","ocean_post_title_style":"","ocean_post_title_background_color":"","ocean_post_title_background":0,"ocean_post_title_bg_image_position":"","ocean_post_title_bg_image_attachment":"","ocean_post_title_bg_image_repeat":"","ocean_post_title_bg_image_size":"","ocean_post_title_height":0,"ocean_post_title_bg_overlay":0.5,"ocean_post_title_bg_overlay_color":"","ocean_disable_breadcrumbs":"default","ocean_breadcrumbs_color":"","ocean_breadcrumbs_separator_color":"","ocean_breadcrumbs_links_color":"","ocean_breadcrumbs_links_hover_color":"","ocean_display_footer_widgets":"default","ocean_display_footer_bottom":"default","ocean_custom_footer_template":"","osh_disable_topbar_sticky":"default","osh_disable_header_sticky":"default","osh_sticky_header_style":"default","osh_sticky_header_effect":"","osh_custom_sticky_logo":0,"osh_custom_retina_sticky_logo":0,"osh_custom_sticky_logo_height":0,"osh_background_color":"","osh_links_color":"","osh_links_hover_color":"","osh_links_active_color":"","osh_links_bg_color":"","osh_links_hover_bg_color":"","osh_links_active_bg_color":"","osh_menu_social_links_color":"","osh_menu_social_hover_links_color":"","_mc_calendar":[],"footnotes":""},"class_list":["post-2005","page","type-page","status-publish","hentry","entry"],"yoast_head":"<!-- This site is optimized with the Yoast SEO plugin v27.4 - https:\/\/yoast.com\/product\/yoast-seo-wordpress\/ -->\n<title>Sprachniveaus - VHS Burgenl\u00e4ndische Volkshochschulen<\/title>\n<meta name=\"description\" content=\"Sprachniveaus bei den Burgenl\u00e4ndischen Volkshochschulen: Kurse von A1 bis B2 nach dem Europ\u00e4ischen Referenzrahmen \u2013 passend f\u00fcr jedes Lernziel\" \/>\n<meta name=\"robots\" content=\"index, follow, max-snippet:-1, max-image-preview:large, max-video-preview:-1\" \/>\n<link rel=\"canonical\" href=\"https:\/\/www.vhs-burgenland.at\/wp_neu\/angebot\/sprachen\/sprachniveaus\/\" \/>\n<meta property=\"og:locale\" content=\"de_DE\" \/>\n<meta property=\"og:type\" content=\"article\" \/>\n<meta property=\"og:title\" content=\"Sprachniveaus - VHS Burgenl\u00e4ndische Volkshochschulen\" \/>\n<meta property=\"og:description\" content=\"Sprachniveaus bei den Burgenl\u00e4ndischen Volkshochschulen: Kurse von A1 bis B2 nach dem Europ\u00e4ischen Referenzrahmen \u2013 passend f\u00fcr jedes Lernziel\" \/>\n<meta property=\"og:url\" content=\"https:\/\/www.vhs-burgenland.at\/wp_neu\/angebot\/sprachen\/sprachniveaus\/\" \/>\n<meta property=\"og:site_name\" content=\"VHS Burgenl\u00e4ndische Volkshochschulen\" \/>\n<meta property=\"article:publisher\" content=\"https:\/\/www.facebook.com\/BurgenlaendischeVolkshochschulen\/\" \/>\n<meta property=\"article:modified_time\" content=\"2025-10-01T08:38:56+00:00\" \/>\n<meta name=\"twitter:card\" content=\"summary_large_image\" \/>\n<meta name=\"twitter:label1\" content=\"Gesch\u00e4tzte Lesezeit\" \/>\n\t<meta name=\"twitter:data1\" content=\"3 Minuten\" \/>\n<script type=\"application\/ld+json\" class=\"yoast-schema-graph\">{\"@context\":\"https:\\\/\\\/schema.org\",\"@graph\":[{\"@type\":\"WebPage\",\"@id\":\"https:\\\/\\\/www.vhs-burgenland.at\\\/wp_neu\\\/angebot\\\/sprachen\\\/sprachniveaus\\\/\",\"url\":\"https:\\\/\\\/www.vhs-burgenland.at\\\/wp_neu\\\/angebot\\\/sprachen\\\/sprachniveaus\\\/\",\"name\":\"Sprachniveaus - VHS Burgenl\u00e4ndische Volkshochschulen\",\"isPartOf\":{\"@id\":\"https:\\\/\\\/www.vhs-burgenland.at\\\/wp_neu\\\/#website\"},\"datePublished\":\"2025-05-22T07:09:50+00:00\",\"dateModified\":\"2025-10-01T08:38:56+00:00\",\"description\":\"Sprachniveaus bei den Burgenl\u00e4ndischen Volkshochschulen: Kurse von A1 bis B2 nach dem Europ\u00e4ischen Referenzrahmen \u2013 passend f\u00fcr jedes Lernziel\",\"breadcrumb\":{\"@id\":\"https:\\\/\\\/www.vhs-burgenland.at\\\/wp_neu\\\/angebot\\\/sprachen\\\/sprachniveaus\\\/#breadcrumb\"},\"inLanguage\":\"de-AT\",\"potentialAction\":[{\"@type\":\"ReadAction\",\"target\":[\"https:\\\/\\\/www.vhs-burgenland.at\\\/wp_neu\\\/angebot\\\/sprachen\\\/sprachniveaus\\\/\"]}]},{\"@type\":\"BreadcrumbList\",\"@id\":\"https:\\\/\\\/www.vhs-burgenland.at\\\/wp_neu\\\/angebot\\\/sprachen\\\/sprachniveaus\\\/#breadcrumb\",\"itemListElement\":[{\"@type\":\"ListItem\",\"position\":1,\"name\":\"Startseite\",\"item\":\"https:\\\/\\\/www.vhs-burgenland.at\\\/wp_neu\\\/\"},{\"@type\":\"ListItem\",\"position\":2,\"name\":\"Angebot\",\"item\":\"https:\\\/\\\/www.vhs-burgenland.at\\\/wp_neu\\\/angebot\\\/\"},{\"@type\":\"ListItem\",\"position\":3,\"name\":\"Sprachen\",\"item\":\"https:\\\/\\\/www.vhs-burgenland.at\\\/wp_neu\\\/angebot\\\/sprachen\\\/\"},{\"@type\":\"ListItem\",\"position\":4,\"name\":\"Sprachniveaus\"}]},{\"@type\":\"WebSite\",\"@id\":\"https:\\\/\\\/www.vhs-burgenland.at\\\/wp_neu\\\/#website\",\"url\":\"https:\\\/\\\/www.vhs-burgenland.at\\\/wp_neu\\\/\",\"name\":\"VHS Burgenl\u00e4ndische Volkshochschulen\",\"description\":\"Wir sind, wo Sie sind!\",\"publisher\":{\"@id\":\"https:\\\/\\\/www.vhs-burgenland.at\\\/wp_neu\\\/#organization\"},\"potentialAction\":[{\"@type\":\"SearchAction\",\"target\":{\"@type\":\"EntryPoint\",\"urlTemplate\":\"https:\\\/\\\/www.vhs-burgenland.at\\\/wp_neu\\\/?s={search_term_string}\"},\"query-input\":{\"@type\":\"PropertyValueSpecification\",\"valueRequired\":true,\"valueName\":\"search_term_string\"}}],\"inLanguage\":\"de-AT\"},{\"@type\":\"Organization\",\"@id\":\"https:\\\/\\\/www.vhs-burgenland.at\\\/wp_neu\\\/#organization\",\"name\":\"VHS Burgenl\u00e4ndische Volkshochschulen\",\"url\":\"https:\\\/\\\/www.vhs-burgenland.at\\\/wp_neu\\\/\",\"logo\":{\"@type\":\"ImageObject\",\"inLanguage\":\"de-AT\",\"@id\":\"https:\\\/\\\/www.vhs-burgenland.at\\\/wp_neu\\\/#\\\/schema\\\/logo\\\/image\\\/\",\"url\":\"https:\\\/\\\/www.vhs-burgenland.at\\\/wp_neu\\\/wp-content\\\/uploads\\\/2025\\\/05\\\/vhs_logo_kl.png\",\"contentUrl\":\"https:\\\/\\\/www.vhs-burgenland.at\\\/wp_neu\\\/wp-content\\\/uploads\\\/2025\\\/05\\\/vhs_logo_kl.png\",\"width\":250,\"height\":52,\"caption\":\"VHS Burgenl\u00e4ndische Volkshochschulen\"},\"image\":{\"@id\":\"https:\\\/\\\/www.vhs-burgenland.at\\\/wp_neu\\\/#\\\/schema\\\/logo\\\/image\\\/\"},\"sameAs\":[\"https:\\\/\\\/www.facebook.com\\\/BurgenlaendischeVolkshochschulen\\\/\",\"https:\\\/\\\/www.instagram.com\\\/vhsburgenland\",\"https:\\\/\\\/www.youtube.com\\\/@burgenlandischevolkshochsc6605\",\"https:\\\/\\\/bsky.app\\\/profile\\\/vhsburgenland.bsky.social\"]}]}<\/script>\n<!-- \/ Yoast SEO plugin. -->","yoast_head_json":{"title":"Sprachniveaus - VHS Burgenl\u00e4ndische Volkshochschulen","description":"Sprachniveaus bei den Burgenl\u00e4ndischen Volkshochschulen: Kurse von A1 bis B2 nach dem Europ\u00e4ischen Referenzrahmen \u2013 passend f\u00fcr jedes Lernziel","robots":{"index":"index","follow":"follow","max-snippet":"max-snippet:-1","max-image-preview":"max-image-preview:large","max-video-preview":"max-video-preview:-1"},"canonical":"https:\/\/www.vhs-burgenland.at\/wp_neu\/angebot\/sprachen\/sprachniveaus\/","og_locale":"de_DE","og_type":"article","og_title":"Sprachniveaus - VHS Burgenl\u00e4ndische Volkshochschulen","og_description":"Sprachniveaus bei den Burgenl\u00e4ndischen Volkshochschulen: Kurse von A1 bis B2 nach dem Europ\u00e4ischen Referenzrahmen \u2013 passend f\u00fcr jedes Lernziel","og_url":"https:\/\/www.vhs-burgenland.at\/wp_neu\/angebot\/sprachen\/sprachniveaus\/","og_site_name":"VHS Burgenl\u00e4ndische Volkshochschulen","article_publisher":"https:\/\/www.facebook.com\/BurgenlaendischeVolkshochschulen\/","article_modified_time":"2025-10-01T08:38:56+00:00","twitter_card":"summary_large_image","twitter_misc":{"Gesch\u00e4tzte Lesezeit":"3 Minuten"},"schema":{"@context":"https:\/\/schema.org","@graph":[{"@type":"WebPage","@id":"https:\/\/www.vhs-burgenland.at\/wp_neu\/angebot\/sprachen\/sprachniveaus\/","url":"https:\/\/www.vhs-burgenland.at\/wp_neu\/angebot\/sprachen\/sprachniveaus\/","name":"Sprachniveaus - VHS Burgenl\u00e4ndische Volkshochschulen","isPartOf":{"@id":"https:\/\/www.vhs-burgenland.at\/wp_neu\/#website"},"datePublished":"2025-05-22T07:09:50+00:00","dateModified":"2025-10-01T08:38:56+00:00","description":"Sprachniveaus bei den Burgenl\u00e4ndischen Volkshochschulen: Kurse von A1 bis B2 nach dem Europ\u00e4ischen Referenzrahmen \u2013 passend f\u00fcr jedes Lernziel","breadcrumb":{"@id":"https:\/\/www.vhs-burgenland.at\/wp_neu\/angebot\/sprachen\/sprachniveaus\/#breadcrumb"},"inLanguage":"de-AT","potentialAction":[{"@type":"ReadAction","target":["https:\/\/www.vhs-burgenland.at\/wp_neu\/angebot\/sprachen\/sprachniveaus\/"]}]},{"@type":"BreadcrumbList","@id":"https:\/\/www.vhs-burgenland.at\/wp_neu\/angebot\/sprachen\/sprachniveaus\/#breadcrumb","itemListElement":[{"@type":"ListItem","position":1,"name":"Startseite","item":"https:\/\/www.vhs-burgenland.at\/wp_neu\/"},{"@type":"ListItem","position":2,"name":"Angebot","item":"https:\/\/www.vhs-burgenland.at\/wp_neu\/angebot\/"},{"@type":"ListItem","position":3,"name":"Sprachen","item":"https:\/\/www.vhs-burgenland.at\/wp_neu\/angebot\/sprachen\/"},{"@type":"ListItem","position":4,"name":"Sprachniveaus"}]},{"@type":"WebSite","@id":"https:\/\/www.vhs-burgenland.at\/wp_neu\/#website","url":"https:\/\/www.vhs-burgenland.at\/wp_neu\/","name":"VHS Burgenl\u00e4ndische Volkshochschulen","description":"Wir sind, wo Sie sind!","publisher":{"@id":"https:\/\/www.vhs-burgenland.at\/wp_neu\/#organization"},"potentialAction":[{"@type":"SearchAction","target":{"@type":"EntryPoint","urlTemplate":"https:\/\/www.vhs-burgenland.at\/wp_neu\/?s={search_term_string}"},"query-input":{"@type":"PropertyValueSpecification","valueRequired":true,"valueName":"search_term_string"}}],"inLanguage":"de-AT"},{"@type":"Organization","@id":"https:\/\/www.vhs-burgenland.at\/wp_neu\/#organization","name":"VHS Burgenl\u00e4ndische Volkshochschulen","url":"https:\/\/www.vhs-burgenland.at\/wp_neu\/","logo":{"@type":"ImageObject","inLanguage":"de-AT","@id":"https:\/\/www.vhs-burgenland.at\/wp_neu\/#\/schema\/logo\/image\/","url":"https:\/\/www.vhs-burgenland.at\/wp_neu\/wp-content\/uploads\/2025\/05\/vhs_logo_kl.png","contentUrl":"https:\/\/www.vhs-burgenland.at\/wp_neu\/wp-content\/uploads\/2025\/05\/vhs_logo_kl.png","width":250,"height":52,"caption":"VHS Burgenl\u00e4ndische Volkshochschulen"},"image":{"@id":"https:\/\/www.vhs-burgenland.at\/wp_neu\/#\/schema\/logo\/image\/"},"sameAs":["https:\/\/www.facebook.com\/BurgenlaendischeVolkshochschulen\/","https:\/\/www.instagram.com\/vhsburgenland","https:\/\/www.youtube.com\/@burgenlandischevolkshochsc6605","https:\/\/bsky.app\/profile\/vhsburgenland.bsky.social"]}]}},"_links":{"self":[{"href":"https:\/\/www.vhs-burgenland.at\/wp_neu\/wp-json\/wp\/v2\/pages\/2005","targetHints":{"allow":["GET"]}}],"collection":[{"href":"https:\/\/www.vhs-burgenland.at\/wp_neu\/wp-json\/wp\/v2\/pages"}],"about":[{"href":"https:\/\/www.vhs-burgenland.at\/wp_neu\/wp-json\/wp\/v2\/types\/page"}],"author":[{"embeddable":true,"href":"https:\/\/www.vhs-burgenland.at\/wp_neu\/wp-json\/wp\/v2\/users\/1"}],"replies":[{"embeddable":true,"href":"https:\/\/www.vhs-burgenland.at\/wp_neu\/wp-json\/wp\/v2\/comments?post=2005"}],"version-history":[{"count":10,"href":"https:\/\/www.vhs-burgenland.at\/wp_neu\/wp-json\/wp\/v2\/pages\/2005\/revisions"}],"predecessor-version":[{"id":3829,"href":"https:\/\/www.vhs-burgenland.at\/wp_neu\/wp-json\/wp\/v2\/pages\/2005\/revisions\/3829"}],"up":[{"embeddable":true,"href":"https:\/\/www.vhs-burgenland.at\/wp_neu\/wp-json\/wp\/v2\/pages\/287"}],"wp:attachment":[{"href":"https:\/\/www.vhs-burgenland.at\/wp_neu\/wp-json\/wp\/v2\/media?parent=2005"}],"curies":[{"name":"wp","href":"https:\/\/api.w.org\/{rel}","templated":true}]}}