{"id":1939,"date":"2025-05-21T10:16:05","date_gmt":"2025-05-21T08:16:05","guid":{"rendered":"https:\/\/www.vhs-burgenland.at\/wp_neu\/?page_id=1939"},"modified":"2025-10-01T10:31:39","modified_gmt":"2025-10-01T08:31:39","slug":"online-beratungen","status":"publish","type":"page","link":"https:\/\/www.vhs-burgenland.at\/wp_neu\/angebot\/online-angebote\/online-beratungen\/","title":{"rendered":"Online-Beratungen"},"content":{"rendered":"\t\t<div data-elementor-type=\"wp-page\" data-elementor-id=\"1939\" class=\"elementor elementor-1939\">\n\t\t\t\t<div class=\"elementor-element elementor-element-6f0e52d e-flex e-con-boxed e-con e-parent\" data-id=\"6f0e52d\" data-element_type=\"container\" data-e-type=\"container\">\n\t\t\t\t\t<div class=\"e-con-inner\">\n\t\t<div class=\"elementor-element elementor-element-76d3277 e-con-full e-flex e-con e-child\" data-id=\"76d3277\" data-element_type=\"container\" data-e-type=\"container\">\n\t\t\t\t<div class=\"elementor-element elementor-element-79dd891 elementor-widget__width-initial elementor-icon-list--layout-traditional elementor-list-item-link-full_width elementor-widget elementor-widget-icon-list\" data-id=\"79dd891\" data-element_type=\"widget\" data-e-type=\"widget\" data-widget_type=\"icon-list.default\">\n\t\t\t\t<div class=\"elementor-widget-container\">\n\t\t\t\t\t\t\t<ul class=\"elementor-icon-list-items\">\n\t\t\t\t\t\t\t<li class=\"elementor-icon-list-item\">\n\t\t\t\t\t\t\t\t\t\t\t<a href=\"https:\/\/www.vhs-burgenland.at\/wp_neu\/angebot\/online-angebote\/online-kursangebote\/\">\n\n\t\t\t\t\t\t\t\t\t\t\t\t<span class=\"elementor-icon-list-icon\">\n\t\t\t\t\t\t\t<svg aria-hidden=\"true\" class=\"e-font-icon-svg e-fas-chevron-right\" viewBox=\"0 0 320 512\" xmlns=\"http:\/\/www.w3.org\/2000\/svg\"><path d=\"M285.476 272.971L91.132 467.314c-9.373 9.373-24.569 9.373-33.941 0l-22.667-22.667c-9.357-9.357-9.375-24.522-.04-33.901L188.505 256 34.484 101.255c-9.335-9.379-9.317-24.544.04-33.901l22.667-22.667c9.373-9.373 24.569-9.373 33.941 0L285.475 239.03c9.373 9.372 9.373 24.568.001 33.941z\"><\/path><\/svg>\t\t\t\t\t\t<\/span>\n\t\t\t\t\t\t\t\t\t\t<span class=\"elementor-icon-list-text\">Online-Kursangebote<\/span>\n\t\t\t\t\t\t\t\t\t\t\t<\/a>\n\t\t\t\t\t\t\t\t\t<\/li>\n\t\t\t\t\t\t\t\t<li class=\"elementor-icon-list-item\">\n\t\t\t\t\t\t\t\t\t\t\t<span class=\"elementor-icon-list-icon\">\n\t\t\t\t\t\t\t<svg aria-hidden=\"true\" class=\"e-font-icon-svg e-fas-chevron-right\" viewBox=\"0 0 320 512\" xmlns=\"http:\/\/www.w3.org\/2000\/svg\"><path d=\"M285.476 272.971L91.132 467.314c-9.373 9.373-24.569 9.373-33.941 0l-22.667-22.667c-9.357-9.357-9.375-24.522-.04-33.901L188.505 256 34.484 101.255c-9.335-9.379-9.317-24.544.04-33.901l22.667-22.667c9.373-9.373 24.569-9.373 33.941 0L285.475 239.03c9.373 9.372 9.373 24.568.001 33.941z\"><\/path><\/svg>\t\t\t\t\t\t<\/span>\n\t\t\t\t\t\t\t\t\t\t<span class=\"elementor-icon-list-text\">Online-Beratungen<\/span>\n\t\t\t\t\t\t\t\t\t<\/li>\n\t\t\t\t\t\t\t\t<li class=\"elementor-icon-list-item\">\n\t\t\t\t\t\t\t\t\t\t\t<a href=\"https:\/\/www.vhs-burgenland.at\/wp_neu\/angebot\/online-angebote\/online-weiterbildung-kursleiterinnen\/\">\n\n\t\t\t\t\t\t\t\t\t\t\t\t<span class=\"elementor-icon-list-icon\">\n\t\t\t\t\t\t\t<svg aria-hidden=\"true\" class=\"e-font-icon-svg e-fas-chevron-right\" viewBox=\"0 0 320 512\" xmlns=\"http:\/\/www.w3.org\/2000\/svg\"><path d=\"M285.476 272.971L91.132 467.314c-9.373 9.373-24.569 9.373-33.941 0l-22.667-22.667c-9.357-9.357-9.375-24.522-.04-33.901L188.505 256 34.484 101.255c-9.335-9.379-9.317-24.544.04-33.901l22.667-22.667c9.373-9.373 24.569-9.373 33.941 0L285.475 239.03c9.373 9.372 9.373 24.568.001 33.941z\"><\/path><\/svg>\t\t\t\t\t\t<\/span>\n\t\t\t\t\t\t\t\t\t\t<span class=\"elementor-icon-list-text\">Online-Weiterbildung Kursleiter*innen<\/span>\n\t\t\t\t\t\t\t\t\t\t\t<\/a>\n\t\t\t\t\t\t\t\t\t<\/li>\n\t\t\t\t\t\t<\/ul>\n\t\t\t\t\t\t<\/div>\n\t\t\t\t<\/div>\n\t\t<div class=\"elementor-element elementor-element-e11bb74 e-con-full e-flex e-con e-child\" data-id=\"e11bb74\" data-element_type=\"container\" data-e-type=\"container\" data-settings=\"{&quot;background_background&quot;:&quot;classic&quot;}\">\n\t\t\t\t<div class=\"elementor-element elementor-element-bddbce4 elementor-view-default elementor-widget elementor-widget-icon\" data-id=\"bddbce4\" data-element_type=\"widget\" data-e-type=\"widget\" data-widget_type=\"icon.default\">\n\t\t\t\t<div class=\"elementor-widget-container\">\n\t\t\t\t\t\t\t<div class=\"elementor-icon-wrapper\">\n\t\t\t<div class=\"elementor-icon\">\n\t\t\t<svg aria-hidden=\"true\" class=\"e-font-icon-svg e-fas-info-circle\" viewBox=\"0 0 512 512\" xmlns=\"http:\/\/www.w3.org\/2000\/svg\"><path d=\"M256 8C119.043 8 8 119.083 8 256c0 136.997 111.043 248 248 248s248-111.003 248-248C504 119.083 392.957 8 256 8zm0 110c23.196 0 42 18.804 42 42s-18.804 42-42 42-42-18.804-42-42 18.804-42 42-42zm56 254c0 6.627-5.373 12-12 12h-88c-6.627 0-12-5.373-12-12v-24c0-6.627 5.373-12 12-12h12v-64h-12c-6.627 0-12-5.373-12-12v-24c0-6.627 5.373-12 12-12h64c6.627 0 12 5.373 12 12v100h12c6.627 0 12 5.373 12 12v24z\"><\/path><\/svg>\t\t\t<\/div>\n\t\t<\/div>\n\t\t\t\t\t\t<\/div>\n\t\t\t\t<\/div>\n\t\t\t\t<div class=\"elementor-element elementor-element-8ac852f elementor-widget elementor-widget-text-editor\" data-id=\"8ac852f\" data-element_type=\"widget\" data-e-type=\"widget\" data-widget_type=\"text-editor.default\">\n\t\t\t\t<div class=\"elementor-widget-container\">\n\t\t\t\t\t\t\t\t\t<p><b>Information<\/b><\/p><p>0 26 82\/ 61 363<br \/><a href=\"mailto:info@vhs-burgenland.at\">info@vhs-burgenland.at<\/a><\/p>\t\t\t\t\t\t\t\t<\/div>\n\t\t\t\t<\/div>\n\t\t\t\t<\/div>\n\t\t<div class=\"elementor-element elementor-element-a1ba5c1 e-con-full e-flex e-con e-child\" data-id=\"a1ba5c1\" data-element_type=\"container\" data-e-type=\"container\" data-settings=\"{&quot;background_background&quot;:&quot;classic&quot;}\">\n\t\t\t\t<div class=\"elementor-element elementor-element-972d2d5 elementor-view-default elementor-widget elementor-widget-icon\" data-id=\"972d2d5\" data-element_type=\"widget\" data-e-type=\"widget\" data-widget_type=\"icon.default\">\n\t\t\t\t<div class=\"elementor-widget-container\">\n\t\t\t\t\t\t\t<div class=\"elementor-icon-wrapper\">\n\t\t\t<div class=\"elementor-icon\">\n\t\t\t<svg aria-hidden=\"true\" class=\"e-font-icon-svg e-fas-book-open\" viewBox=\"0 0 576 512\" xmlns=\"http:\/\/www.w3.org\/2000\/svg\"><path d=\"M542.22 32.05c-54.8 3.11-163.72 14.43-230.96 55.59-4.64 2.84-7.27 7.89-7.27 13.17v363.87c0 11.55 12.63 18.85 23.28 13.49 69.18-34.82 169.23-44.32 218.7-46.92 16.89-.89 30.02-14.43 30.02-30.66V62.75c.01-17.71-15.35-31.74-33.77-30.7zM264.73 87.64C197.5 46.48 88.58 35.17 33.78 32.05 15.36 31.01 0 45.04 0 62.75V400.6c0 16.24 13.13 29.78 30.02 30.66 49.49 2.6 149.59 12.11 218.77 46.95 10.62 5.35 23.21-1.94 23.21-13.46V100.63c0-5.29-2.62-10.14-7.27-12.99z\"><\/path><\/svg>\t\t\t<\/div>\n\t\t<\/div>\n\t\t\t\t\t\t<\/div>\n\t\t\t\t<\/div>\n\t\t\t\t<div class=\"elementor-element elementor-element-c712330 elementor-widget elementor-widget-text-editor\" data-id=\"c712330\" data-element_type=\"widget\" data-e-type=\"widget\" data-widget_type=\"text-editor.default\">\n\t\t\t\t<div class=\"elementor-widget-container\">\n\t\t\t\t\t\t\t\t\t<p><b>Anleitung<\/b><\/p><p><a href=\"https:\/\/www.vhs-burgenland.at\/wp_neu\/wp-content\/uploads\/2025\/06\/Anleitung-ZOOM-Meeting-1.pdf\" target=\"_blank\" rel=\"noopener noreferrer\">Anleitung ZOOM Meeting<\/a><\/p><p><a href=\"https:\/\/www.vhs-burgenland.at\/wp_neu\/wp-content\/uploads\/2025\/06\/ZOOM-Datenschutzinformation.pdf\" target=\"_blank\" rel=\"noopener noreferrer\">ZOOM Datenschutzinformation<\/a><\/p>\t\t\t\t\t\t\t\t<\/div>\n\t\t\t\t<\/div>\n\t\t\t\t<\/div>\n\t\t\t\t<\/div>\n\t\t\t\t<div class=\"elementor-element elementor-element-5c913d0 elementor-widget elementor-widget-text-editor\" data-id=\"5c913d0\" data-element_type=\"widget\" data-e-type=\"widget\" data-widget_type=\"text-editor.default\">\n\t\t\t\t<div class=\"elementor-widget-container\">\n\t\t\t\t\t\t\t\t\t<div class=\"wpb_text_column wpb_content_element \"><div class=\"wpb_text_column wpb_content_element \"><div class=\"wpb_wrapper\"><h2><strong>Online-Beratungen Zweiter Bildungsweg<\/strong><\/h2><p>Die Burgenl\u00e4ndischen Volkshochschulen bieten kostenlose Bildungsinformation und Bildungsberatung online.<\/p><ul><li>Sie haben Fragen zur Basisbildung oder zum Nachholen des Pflichtschulabschlusses?<\/li><li>Sie m\u00f6chten mit der Berufsreifepr\u00fcfung oder Studienberechtigung einen h\u00f6heren Bildungsabschluss erreichen?<\/li><li>Sie wollen Ihren Lehrabschluss nachholen?<\/li><li>Sie m\u00f6chten eine Kompetenzfeststellung machen?<\/li><\/ul><p>Dann kommen Sie in unseren Online-Beratungsraum, wo unsere Bildungsberater*innen gerne Ihre Fragen beantworten.<\/p><h3>Beratungszeiten<\/h3><p>Dienstag von 14:00 \u2013 16:00 Uhr<strong><br \/><\/strong><\/p><h3>Wie funktioniert es?<\/h3><p class=\"font_8\">Sie brauchen Laptop, Tablet oder Handy und eine stabile Internetverbindung<\/p><p class=\"font_8\">Wenn Sie \u00fcber ein Handy oder Tablet teilnehmen, laden Sie im Google Play Store (Android) oder App Store (iPhone, iPad) kostenlos die ZOOM-App herunter.<\/p><p class=\"font_8\">Klicken Sie auf diesen Link: <strong><a href=\"https:\/\/vhs-burgenland.zoom.us\/my\/vhsonline\" rel=\"noopener noreferrer\">Einstieg in den Online-Beratungsraum<\/a> <\/strong>oder scannen Sie den QR-Code und schon kann es losgehen.<\/p><p><img decoding=\"async\" class=\"alignleft wp-image-16993\" src=\"https:\/\/www.vhs-burgenland.at\/wp\/wp-content\/uploads\/2023\/05\/QR-Code-Online-Beratungsraum-247x300.jpg\" sizes=\"(max-width: 158px) 100vw, 158px\" srcset=\"https:\/\/www.vhs-burgenland.at\/wp\/wp-content\/uploads\/2023\/05\/QR-Code-Online-Beratungsraum-247x300.jpg 247w, https:\/\/www.vhs-burgenland.at\/wp\/wp-content\/uploads\/2023\/05\/QR-Code-Online-Beratungsraum.jpg 392w\" alt=\"\" width=\"158\" height=\"192\" \/><\/p><\/div><\/div><\/div>\t\t\t\t\t\t\t\t<\/div>\n\t\t\t\t<\/div>\n\t\t\t\t\t<\/div>\n\t\t\t\t<\/div>\n\t\t\t\t<\/div>\n\t\t","protected":false},"excerpt":{"rendered":"<p>Online-Kursangebote Online-Beratungen Online-Weiterbildung Kursleiter*innen Information 0 26 82\/ 61 363info@vhs-burgenland.at Anleitung Anleitung ZOOM Meeting ZOOM Datenschutzinformation Online-Beratungen Zweiter Bildungsweg Die Burgenl\u00e4ndischen Volkshochschulen bieten kostenlose Bildungsinformation und Bildungsberatung online. Sie haben Fragen zur Basisbildung oder zum Nachholen des Pflichtschulabschlusses? Sie m\u00f6chten mit der Berufsreifepr\u00fcfung oder Studienberechtigung einen h\u00f6heren Bildungsabschluss erreichen? Sie wollen Ihren Lehrabschluss nachholen? Sie [&hellip;]<\/p>\n","protected":false},"author":1,"featured_media":0,"parent":283,"menu_order":0,"comment_status":"closed","ping_status":"closed","template":"","meta":{"ocean_post_layout":"","ocean_both_sidebars_style":"","ocean_both_sidebars_content_width":0,"ocean_both_sidebars_sidebars_width":0,"ocean_sidebar":"","ocean_second_sidebar":"","ocean_disable_margins":"enable","ocean_add_body_class":"","ocean_shortcode_before_top_bar":"","ocean_shortcode_after_top_bar":"","ocean_shortcode_before_header":"","ocean_shortcode_after_header":"","ocean_has_shortcode":"","ocean_shortcode_after_title":"","ocean_shortcode_before_footer_widgets":"","ocean_shortcode_after_footer_widgets":"","ocean_shortcode_before_footer_bottom":"","ocean_shortcode_after_footer_bottom":"","ocean_display_top_bar":"default","ocean_display_header":"default","ocean_header_style":"","ocean_center_header_left_menu":"","ocean_custom_header_template":"","ocean_custom_logo":0,"ocean_custom_retina_logo":0,"ocean_custom_logo_max_width":0,"ocean_custom_logo_tablet_max_width":0,"ocean_custom_logo_mobile_max_width":0,"ocean_custom_logo_max_height":0,"ocean_custom_logo_tablet_max_height":0,"ocean_custom_logo_mobile_max_height":0,"ocean_header_custom_menu":"","ocean_menu_typo_font_family":"","ocean_menu_typo_font_subset":"","ocean_menu_typo_font_size":0,"ocean_menu_typo_font_size_tablet":0,"ocean_menu_typo_font_size_mobile":0,"ocean_menu_typo_font_size_unit":"px","ocean_menu_typo_font_weight":"","ocean_menu_typo_font_weight_tablet":"","ocean_menu_typo_font_weight_mobile":"","ocean_menu_typo_transform":"","ocean_menu_typo_transform_tablet":"","ocean_menu_typo_transform_mobile":"","ocean_menu_typo_line_height":0,"ocean_menu_typo_line_height_tablet":0,"ocean_menu_typo_line_height_mobile":0,"ocean_menu_typo_line_height_unit":"","ocean_menu_typo_spacing":0,"ocean_menu_typo_spacing_tablet":0,"ocean_menu_typo_spacing_mobile":0,"ocean_menu_typo_spacing_unit":"","ocean_menu_link_color":"","ocean_menu_link_color_hover":"","ocean_menu_link_color_active":"","ocean_menu_link_background":"","ocean_menu_link_hover_background":"","ocean_menu_link_active_background":"","ocean_menu_social_links_bg":"","ocean_menu_social_hover_links_bg":"","ocean_menu_social_links_color":"","ocean_menu_social_hover_links_color":"","ocean_disable_title":"default","ocean_disable_heading":"default","ocean_post_title":"","ocean_post_subheading":"","ocean_post_title_style":"","ocean_post_title_background_color":"","ocean_post_title_background":0,"ocean_post_title_bg_image_position":"","ocean_post_title_bg_image_attachment":"","ocean_post_title_bg_image_repeat":"","ocean_post_title_bg_image_size":"","ocean_post_title_height":0,"ocean_post_title_bg_overlay":0.5,"ocean_post_title_bg_overlay_color":"","ocean_disable_breadcrumbs":"default","ocean_breadcrumbs_color":"","ocean_breadcrumbs_separator_color":"","ocean_breadcrumbs_links_color":"","ocean_breadcrumbs_links_hover_color":"","ocean_display_footer_widgets":"default","ocean_display_footer_bottom":"default","ocean_custom_footer_template":"","osh_disable_topbar_sticky":"default","osh_disable_header_sticky":"default","osh_sticky_header_style":"default","osh_sticky_header_effect":"","osh_custom_sticky_logo":0,"osh_custom_retina_sticky_logo":0,"osh_custom_sticky_logo_height":0,"osh_background_color":"","osh_links_color":"","osh_links_hover_color":"","osh_links_active_color":"","osh_links_bg_color":"","osh_links_hover_bg_color":"","osh_links_active_bg_color":"","osh_menu_social_links_color":"","osh_menu_social_hover_links_color":"","_mc_calendar":[],"footnotes":""},"class_list":["post-1939","page","type-page","status-publish","hentry","entry"],"yoast_head":"<!-- This site is optimized with the Yoast SEO plugin v27.2 - https:\/\/yoast.com\/product\/yoast-seo-wordpress\/ -->\n<title>Online-Beratungen - VHS Burgenl\u00e4ndische Volkshochschulen<\/title>\n<meta name=\"description\" content=\"Online-Beratungen der Burgenl\u00e4ndischen Volkshochschulen: Pers\u00f6nliche Bildungsberatung bequem von zuhause \u2013 individuell, kostenlos und vertraulich.\" \/>\n<meta name=\"robots\" content=\"index, follow, max-snippet:-1, max-image-preview:large, max-video-preview:-1\" \/>\n<link rel=\"canonical\" href=\"https:\/\/www.vhs-burgenland.at\/wp_neu\/angebot\/online-angebote\/online-beratungen\/\" \/>\n<meta property=\"og:locale\" content=\"de_DE\" \/>\n<meta property=\"og:type\" content=\"article\" \/>\n<meta property=\"og:title\" content=\"Online-Beratungen - VHS Burgenl\u00e4ndische Volkshochschulen\" \/>\n<meta property=\"og:description\" content=\"Online-Beratungen der Burgenl\u00e4ndischen Volkshochschulen: Pers\u00f6nliche Bildungsberatung bequem von zuhause \u2013 individuell, kostenlos und vertraulich.\" \/>\n<meta property=\"og:url\" content=\"https:\/\/www.vhs-burgenland.at\/wp_neu\/angebot\/online-angebote\/online-beratungen\/\" \/>\n<meta property=\"og:site_name\" content=\"VHS Burgenl\u00e4ndische Volkshochschulen\" \/>\n<meta property=\"article:publisher\" content=\"https:\/\/www.facebook.com\/BurgenlaendischeVolkshochschulen\/\" \/>\n<meta property=\"article:modified_time\" content=\"2025-10-01T08:31:39+00:00\" \/>\n<meta property=\"og:image\" content=\"https:\/\/www.vhs-burgenland.at\/wp\/wp-content\/uploads\/2023\/05\/QR-Code-Online-Beratungsraum-247x300.jpg\" \/>\n<meta name=\"twitter:card\" content=\"summary_large_image\" \/>\n<meta name=\"twitter:label1\" content=\"Gesch\u00e4tzte Lesezeit\" \/>\n\t<meta name=\"twitter:data1\" content=\"1 Minute\" \/>\n<script type=\"application\/ld+json\" class=\"yoast-schema-graph\">{\"@context\":\"https:\/\/schema.org\",\"@graph\":[{\"@type\":\"WebPage\",\"@id\":\"https:\/\/www.vhs-burgenland.at\/wp_neu\/angebot\/online-angebote\/online-beratungen\/\",\"url\":\"https:\/\/www.vhs-burgenland.at\/wp_neu\/angebot\/online-angebote\/online-beratungen\/\",\"name\":\"Online-Beratungen - VHS Burgenl\u00e4ndische Volkshochschulen\",\"isPartOf\":{\"@id\":\"https:\/\/www.vhs-burgenland.at\/wp_neu\/#website\"},\"primaryImageOfPage\":{\"@id\":\"https:\/\/www.vhs-burgenland.at\/wp_neu\/angebot\/online-angebote\/online-beratungen\/#primaryimage\"},\"image\":{\"@id\":\"https:\/\/www.vhs-burgenland.at\/wp_neu\/angebot\/online-angebote\/online-beratungen\/#primaryimage\"},\"thumbnailUrl\":\"https:\/\/www.vhs-burgenland.at\/wp\/wp-content\/uploads\/2023\/05\/QR-Code-Online-Beratungsraum-247x300.jpg\",\"datePublished\":\"2025-05-21T08:16:05+00:00\",\"dateModified\":\"2025-10-01T08:31:39+00:00\",\"description\":\"Online-Beratungen der Burgenl\u00e4ndischen Volkshochschulen: Pers\u00f6nliche Bildungsberatung bequem von zuhause \u2013 individuell, kostenlos und vertraulich.\",\"breadcrumb\":{\"@id\":\"https:\/\/www.vhs-burgenland.at\/wp_neu\/angebot\/online-angebote\/online-beratungen\/#breadcrumb\"},\"inLanguage\":\"de-AT\",\"potentialAction\":[{\"@type\":\"ReadAction\",\"target\":[\"https:\/\/www.vhs-burgenland.at\/wp_neu\/angebot\/online-angebote\/online-beratungen\/\"]}]},{\"@type\":\"ImageObject\",\"inLanguage\":\"de-AT\",\"@id\":\"https:\/\/www.vhs-burgenland.at\/wp_neu\/angebot\/online-angebote\/online-beratungen\/#primaryimage\",\"url\":\"https:\/\/www.vhs-burgenland.at\/wp\/wp-content\/uploads\/2023\/05\/QR-Code-Online-Beratungsraum-247x300.jpg\",\"contentUrl\":\"https:\/\/www.vhs-burgenland.at\/wp\/wp-content\/uploads\/2023\/05\/QR-Code-Online-Beratungsraum-247x300.jpg\"},{\"@type\":\"BreadcrumbList\",\"@id\":\"https:\/\/www.vhs-burgenland.at\/wp_neu\/angebot\/online-angebote\/online-beratungen\/#breadcrumb\",\"itemListElement\":[{\"@type\":\"ListItem\",\"position\":1,\"name\":\"Startseite\",\"item\":\"https:\/\/www.vhs-burgenland.at\/wp_neu\/\"},{\"@type\":\"ListItem\",\"position\":2,\"name\":\"Angebot\",\"item\":\"https:\/\/www.vhs-burgenland.at\/wp_neu\/angebot\/\"},{\"@type\":\"ListItem\",\"position\":3,\"name\":\"Online Angebote\",\"item\":\"https:\/\/www.vhs-burgenland.at\/wp_neu\/angebot\/online-angebote\/\"},{\"@type\":\"ListItem\",\"position\":4,\"name\":\"Online-Beratungen\"}]},{\"@type\":\"WebSite\",\"@id\":\"https:\/\/www.vhs-burgenland.at\/wp_neu\/#website\",\"url\":\"https:\/\/www.vhs-burgenland.at\/wp_neu\/\",\"name\":\"VHS Burgenl\u00e4ndische Volkshochschulen\",\"description\":\"Wir sind, wo Sie sind!\",\"publisher\":{\"@id\":\"https:\/\/www.vhs-burgenland.at\/wp_neu\/#organization\"},\"potentialAction\":[{\"@type\":\"SearchAction\",\"target\":{\"@type\":\"EntryPoint\",\"urlTemplate\":\"https:\/\/www.vhs-burgenland.at\/wp_neu\/?s={search_term_string}\"},\"query-input\":{\"@type\":\"PropertyValueSpecification\",\"valueRequired\":true,\"valueName\":\"search_term_string\"}}],\"inLanguage\":\"de-AT\"},{\"@type\":\"Organization\",\"@id\":\"https:\/\/www.vhs-burgenland.at\/wp_neu\/#organization\",\"name\":\"VHS Burgenl\u00e4ndische Volkshochschulen\",\"url\":\"https:\/\/www.vhs-burgenland.at\/wp_neu\/\",\"logo\":{\"@type\":\"ImageObject\",\"inLanguage\":\"de-AT\",\"@id\":\"https:\/\/www.vhs-burgenland.at\/wp_neu\/#\/schema\/logo\/image\/\",\"url\":\"https:\/\/www.vhs-burgenland.at\/wp_neu\/wp-content\/uploads\/2025\/05\/vhs_logo_kl.png\",\"contentUrl\":\"https:\/\/www.vhs-burgenland.at\/wp_neu\/wp-content\/uploads\/2025\/05\/vhs_logo_kl.png\",\"width\":250,\"height\":52,\"caption\":\"VHS Burgenl\u00e4ndische Volkshochschulen\"},\"image\":{\"@id\":\"https:\/\/www.vhs-burgenland.at\/wp_neu\/#\/schema\/logo\/image\/\"},\"sameAs\":[\"https:\/\/www.facebook.com\/BurgenlaendischeVolkshochschulen\/\",\"https:\/\/www.instagram.com\/vhsburgenland\",\"https:\/\/www.youtube.com\/@burgenlandischevolkshochsc6605\",\"https:\/\/bsky.app\/profile\/vhsburgenland.bsky.social\"]}]}<\/script>\n<!-- \/ Yoast SEO plugin. -->","yoast_head_json":{"title":"Online-Beratungen - VHS Burgenl\u00e4ndische Volkshochschulen","description":"Online-Beratungen der Burgenl\u00e4ndischen Volkshochschulen: Pers\u00f6nliche Bildungsberatung bequem von zuhause \u2013 individuell, kostenlos und vertraulich.","robots":{"index":"index","follow":"follow","max-snippet":"max-snippet:-1","max-image-preview":"max-image-preview:large","max-video-preview":"max-video-preview:-1"},"canonical":"https:\/\/www.vhs-burgenland.at\/wp_neu\/angebot\/online-angebote\/online-beratungen\/","og_locale":"de_DE","og_type":"article","og_title":"Online-Beratungen - VHS Burgenl\u00e4ndische Volkshochschulen","og_description":"Online-Beratungen der Burgenl\u00e4ndischen Volkshochschulen: Pers\u00f6nliche Bildungsberatung bequem von zuhause \u2013 individuell, kostenlos und vertraulich.","og_url":"https:\/\/www.vhs-burgenland.at\/wp_neu\/angebot\/online-angebote\/online-beratungen\/","og_site_name":"VHS Burgenl\u00e4ndische Volkshochschulen","article_publisher":"https:\/\/www.facebook.com\/BurgenlaendischeVolkshochschulen\/","article_modified_time":"2025-10-01T08:31:39+00:00","og_image":[{"url":"https:\/\/www.vhs-burgenland.at\/wp\/wp-content\/uploads\/2023\/05\/QR-Code-Online-Beratungsraum-247x300.jpg","type":"","width":"","height":""}],"twitter_card":"summary_large_image","twitter_misc":{"Gesch\u00e4tzte Lesezeit":"1 Minute"},"schema":{"@context":"https:\/\/schema.org","@graph":[{"@type":"WebPage","@id":"https:\/\/www.vhs-burgenland.at\/wp_neu\/angebot\/online-angebote\/online-beratungen\/","url":"https:\/\/www.vhs-burgenland.at\/wp_neu\/angebot\/online-angebote\/online-beratungen\/","name":"Online-Beratungen - VHS Burgenl\u00e4ndische Volkshochschulen","isPartOf":{"@id":"https:\/\/www.vhs-burgenland.at\/wp_neu\/#website"},"primaryImageOfPage":{"@id":"https:\/\/www.vhs-burgenland.at\/wp_neu\/angebot\/online-angebote\/online-beratungen\/#primaryimage"},"image":{"@id":"https:\/\/www.vhs-burgenland.at\/wp_neu\/angebot\/online-angebote\/online-beratungen\/#primaryimage"},"thumbnailUrl":"https:\/\/www.vhs-burgenland.at\/wp\/wp-content\/uploads\/2023\/05\/QR-Code-Online-Beratungsraum-247x300.jpg","datePublished":"2025-05-21T08:16:05+00:00","dateModified":"2025-10-01T08:31:39+00:00","description":"Online-Beratungen der Burgenl\u00e4ndischen Volkshochschulen: Pers\u00f6nliche Bildungsberatung bequem von zuhause \u2013 individuell, kostenlos und vertraulich.","breadcrumb":{"@id":"https:\/\/www.vhs-burgenland.at\/wp_neu\/angebot\/online-angebote\/online-beratungen\/#breadcrumb"},"inLanguage":"de-AT","potentialAction":[{"@type":"ReadAction","target":["https:\/\/www.vhs-burgenland.at\/wp_neu\/angebot\/online-angebote\/online-beratungen\/"]}]},{"@type":"ImageObject","inLanguage":"de-AT","@id":"https:\/\/www.vhs-burgenland.at\/wp_neu\/angebot\/online-angebote\/online-beratungen\/#primaryimage","url":"https:\/\/www.vhs-burgenland.at\/wp\/wp-content\/uploads\/2023\/05\/QR-Code-Online-Beratungsraum-247x300.jpg","contentUrl":"https:\/\/www.vhs-burgenland.at\/wp\/wp-content\/uploads\/2023\/05\/QR-Code-Online-Beratungsraum-247x300.jpg"},{"@type":"BreadcrumbList","@id":"https:\/\/www.vhs-burgenland.at\/wp_neu\/angebot\/online-angebote\/online-beratungen\/#breadcrumb","itemListElement":[{"@type":"ListItem","position":1,"name":"Startseite","item":"https:\/\/www.vhs-burgenland.at\/wp_neu\/"},{"@type":"ListItem","position":2,"name":"Angebot","item":"https:\/\/www.vhs-burgenland.at\/wp_neu\/angebot\/"},{"@type":"ListItem","position":3,"name":"Online Angebote","item":"https:\/\/www.vhs-burgenland.at\/wp_neu\/angebot\/online-angebote\/"},{"@type":"ListItem","position":4,"name":"Online-Beratungen"}]},{"@type":"WebSite","@id":"https:\/\/www.vhs-burgenland.at\/wp_neu\/#website","url":"https:\/\/www.vhs-burgenland.at\/wp_neu\/","name":"VHS Burgenl\u00e4ndische Volkshochschulen","description":"Wir sind, wo Sie sind!","publisher":{"@id":"https:\/\/www.vhs-burgenland.at\/wp_neu\/#organization"},"potentialAction":[{"@type":"SearchAction","target":{"@type":"EntryPoint","urlTemplate":"https:\/\/www.vhs-burgenland.at\/wp_neu\/?s={search_term_string}"},"query-input":{"@type":"PropertyValueSpecification","valueRequired":true,"valueName":"search_term_string"}}],"inLanguage":"de-AT"},{"@type":"Organization","@id":"https:\/\/www.vhs-burgenland.at\/wp_neu\/#organization","name":"VHS Burgenl\u00e4ndische Volkshochschulen","url":"https:\/\/www.vhs-burgenland.at\/wp_neu\/","logo":{"@type":"ImageObject","inLanguage":"de-AT","@id":"https:\/\/www.vhs-burgenland.at\/wp_neu\/#\/schema\/logo\/image\/","url":"https:\/\/www.vhs-burgenland.at\/wp_neu\/wp-content\/uploads\/2025\/05\/vhs_logo_kl.png","contentUrl":"https:\/\/www.vhs-burgenland.at\/wp_neu\/wp-content\/uploads\/2025\/05\/vhs_logo_kl.png","width":250,"height":52,"caption":"VHS Burgenl\u00e4ndische Volkshochschulen"},"image":{"@id":"https:\/\/www.vhs-burgenland.at\/wp_neu\/#\/schema\/logo\/image\/"},"sameAs":["https:\/\/www.facebook.com\/BurgenlaendischeVolkshochschulen\/","https:\/\/www.instagram.com\/vhsburgenland","https:\/\/www.youtube.com\/@burgenlandischevolkshochsc6605","https:\/\/bsky.app\/profile\/vhsburgenland.bsky.social"]}]}},"_links":{"self":[{"href":"https:\/\/www.vhs-burgenland.at\/wp_neu\/wp-json\/wp\/v2\/pages\/1939","targetHints":{"allow":["GET"]}}],"collection":[{"href":"https:\/\/www.vhs-burgenland.at\/wp_neu\/wp-json\/wp\/v2\/pages"}],"about":[{"href":"https:\/\/www.vhs-burgenland.at\/wp_neu\/wp-json\/wp\/v2\/types\/page"}],"author":[{"embeddable":true,"href":"https:\/\/www.vhs-burgenland.at\/wp_neu\/wp-json\/wp\/v2\/users\/1"}],"replies":[{"embeddable":true,"href":"https:\/\/www.vhs-burgenland.at\/wp_neu\/wp-json\/wp\/v2\/comments?post=1939"}],"version-history":[{"count":16,"href":"https:\/\/www.vhs-burgenland.at\/wp_neu\/wp-json\/wp\/v2\/pages\/1939\/revisions"}],"predecessor-version":[{"id":4487,"href":"https:\/\/www.vhs-burgenland.at\/wp_neu\/wp-json\/wp\/v2\/pages\/1939\/revisions\/4487"}],"up":[{"embeddable":true,"href":"https:\/\/www.vhs-burgenland.at\/wp_neu\/wp-json\/wp\/v2\/pages\/283"}],"wp:attachment":[{"href":"https:\/\/www.vhs-burgenland.at\/wp_neu\/wp-json\/wp\/v2\/media?parent=1939"}],"curies":[{"name":"wp","href":"https:\/\/api.w.org\/{rel}","templated":true}]}}