{"id":1931,"date":"2025-05-21T10:14:31","date_gmt":"2025-05-21T08:14:31","guid":{"rendered":"https:\/\/www.vhs-burgenland.at\/wp_neu\/?page_id=1931"},"modified":"2026-01-07T11:09:45","modified_gmt":"2026-01-07T10:09:45","slug":"online-kursangebote","status":"publish","type":"page","link":"https:\/\/www.vhs-burgenland.at\/wp_neu\/angebot\/online-angebote\/online-kursangebote\/","title":{"rendered":"Online-Kursangebote"},"content":{"rendered":"\t\t<div data-elementor-type=\"wp-page\" data-elementor-id=\"1931\" class=\"elementor elementor-1931\">\n\t\t\t\t<div class=\"elementor-element elementor-element-0d5d3ba e-flex e-con-boxed e-con e-parent\" data-id=\"0d5d3ba\" data-element_type=\"container\" data-e-type=\"container\">\n\t\t\t\t\t<div class=\"e-con-inner\">\n\t\t<div class=\"elementor-element elementor-element-b8a8aa3 e-con-full e-flex e-con e-child\" data-id=\"b8a8aa3\" data-element_type=\"container\" data-e-type=\"container\">\n\t\t\t\t<div class=\"elementor-element elementor-element-96c7c2f elementor-widget__width-initial elementor-icon-list--layout-traditional elementor-list-item-link-full_width elementor-widget elementor-widget-icon-list\" data-id=\"96c7c2f\" data-element_type=\"widget\" data-e-type=\"widget\" data-widget_type=\"icon-list.default\">\n\t\t\t\t<div class=\"elementor-widget-container\">\n\t\t\t\t\t\t\t<ul class=\"elementor-icon-list-items\">\n\t\t\t\t\t\t\t<li class=\"elementor-icon-list-item\">\n\t\t\t\t\t\t\t\t\t\t\t<span class=\"elementor-icon-list-icon\">\n\t\t\t\t\t\t\t<svg aria-hidden=\"true\" class=\"e-font-icon-svg e-fas-chevron-right\" viewBox=\"0 0 320 512\" xmlns=\"http:\/\/www.w3.org\/2000\/svg\"><path d=\"M285.476 272.971L91.132 467.314c-9.373 9.373-24.569 9.373-33.941 0l-22.667-22.667c-9.357-9.357-9.375-24.522-.04-33.901L188.505 256 34.484 101.255c-9.335-9.379-9.317-24.544.04-33.901l22.667-22.667c9.373-9.373 24.569-9.373 33.941 0L285.475 239.03c9.373 9.372 9.373 24.568.001 33.941z\"><\/path><\/svg>\t\t\t\t\t\t<\/span>\n\t\t\t\t\t\t\t\t\t\t<span class=\"elementor-icon-list-text\">Online-Kursangebote<\/span>\n\t\t\t\t\t\t\t\t\t<\/li>\n\t\t\t\t\t\t\t\t<li class=\"elementor-icon-list-item\">\n\t\t\t\t\t\t\t\t\t\t\t<a href=\"https:\/\/www.vhs-burgenland.at\/wp_neu\/angebot\/online-angebote\/online-beratungen\/\">\n\n\t\t\t\t\t\t\t\t\t\t\t\t<span class=\"elementor-icon-list-icon\">\n\t\t\t\t\t\t\t<svg aria-hidden=\"true\" class=\"e-font-icon-svg e-fas-chevron-right\" viewBox=\"0 0 320 512\" xmlns=\"http:\/\/www.w3.org\/2000\/svg\"><path d=\"M285.476 272.971L91.132 467.314c-9.373 9.373-24.569 9.373-33.941 0l-22.667-22.667c-9.357-9.357-9.375-24.522-.04-33.901L188.505 256 34.484 101.255c-9.335-9.379-9.317-24.544.04-33.901l22.667-22.667c9.373-9.373 24.569-9.373 33.941 0L285.475 239.03c9.373 9.372 9.373 24.568.001 33.941z\"><\/path><\/svg>\t\t\t\t\t\t<\/span>\n\t\t\t\t\t\t\t\t\t\t<span class=\"elementor-icon-list-text\">Online-Beratungen<\/span>\n\t\t\t\t\t\t\t\t\t\t\t<\/a>\n\t\t\t\t\t\t\t\t\t<\/li>\n\t\t\t\t\t\t\t\t<li class=\"elementor-icon-list-item\">\n\t\t\t\t\t\t\t\t\t\t\t<a href=\"https:\/\/www.vhs-burgenland.at\/wp_neu\/angebot\/online-angebote\/online-weiterbildung-kursleiterinnen\/\">\n\n\t\t\t\t\t\t\t\t\t\t\t\t<span class=\"elementor-icon-list-icon\">\n\t\t\t\t\t\t\t<svg aria-hidden=\"true\" class=\"e-font-icon-svg e-fas-chevron-right\" viewBox=\"0 0 320 512\" xmlns=\"http:\/\/www.w3.org\/2000\/svg\"><path d=\"M285.476 272.971L91.132 467.314c-9.373 9.373-24.569 9.373-33.941 0l-22.667-22.667c-9.357-9.357-9.375-24.522-.04-33.901L188.505 256 34.484 101.255c-9.335-9.379-9.317-24.544.04-33.901l22.667-22.667c9.373-9.373 24.569-9.373 33.941 0L285.475 239.03c9.373 9.372 9.373 24.568.001 33.941z\"><\/path><\/svg>\t\t\t\t\t\t<\/span>\n\t\t\t\t\t\t\t\t\t\t<span class=\"elementor-icon-list-text\">Online-Weiterbildung Kursleiter*innen<\/span>\n\t\t\t\t\t\t\t\t\t\t\t<\/a>\n\t\t\t\t\t\t\t\t\t<\/li>\n\t\t\t\t\t\t<\/ul>\n\t\t\t\t\t\t<\/div>\n\t\t\t\t<\/div>\n\t\t<div class=\"elementor-element elementor-element-c225a65 e-con-full e-flex e-con e-child\" data-id=\"c225a65\" data-element_type=\"container\" data-e-type=\"container\" data-settings=\"{&quot;background_background&quot;:&quot;classic&quot;}\">\n\t\t\t\t<div class=\"elementor-element elementor-element-9ec7678 elementor-view-default elementor-widget elementor-widget-icon\" data-id=\"9ec7678\" data-element_type=\"widget\" data-e-type=\"widget\" data-widget_type=\"icon.default\">\n\t\t\t\t<div class=\"elementor-widget-container\">\n\t\t\t\t\t\t\t<div class=\"elementor-icon-wrapper\">\n\t\t\t<div class=\"elementor-icon\">\n\t\t\t<svg aria-hidden=\"true\" class=\"e-font-icon-svg e-fas-info-circle\" viewBox=\"0 0 512 512\" xmlns=\"http:\/\/www.w3.org\/2000\/svg\"><path d=\"M256 8C119.043 8 8 119.083 8 256c0 136.997 111.043 248 248 248s248-111.003 248-248C504 119.083 392.957 8 256 8zm0 110c23.196 0 42 18.804 42 42s-18.804 42-42 42-42-18.804-42-42 18.804-42 42-42zm56 254c0 6.627-5.373 12-12 12h-88c-6.627 0-12-5.373-12-12v-24c0-6.627 5.373-12 12-12h12v-64h-12c-6.627 0-12-5.373-12-12v-24c0-6.627 5.373-12 12-12h64c6.627 0 12 5.373 12 12v100h12c6.627 0 12 5.373 12 12v24z\"><\/path><\/svg>\t\t\t<\/div>\n\t\t<\/div>\n\t\t\t\t\t\t<\/div>\n\t\t\t\t<\/div>\n\t\t\t\t<div class=\"elementor-element elementor-element-2dfc9c7 elementor-widget elementor-widget-text-editor\" data-id=\"2dfc9c7\" data-element_type=\"widget\" data-e-type=\"widget\" data-widget_type=\"text-editor.default\">\n\t\t\t\t<div class=\"elementor-widget-container\">\n\t\t\t\t\t\t\t\t\t<p><b>Information<\/b><\/p><p>0 26 82\/ 61 363<br \/><a href=\"mailto:info@vhs-burgenland.at\">info@vhs-burgenland.at<\/a><\/p>\t\t\t\t\t\t\t\t<\/div>\n\t\t\t\t<\/div>\n\t\t\t\t<\/div>\n\t\t<div class=\"elementor-element elementor-element-d0c4bec e-con-full e-flex e-con e-child\" data-id=\"d0c4bec\" data-element_type=\"container\" data-e-type=\"container\" data-settings=\"{&quot;background_background&quot;:&quot;classic&quot;}\">\n\t\t\t\t<div class=\"elementor-element elementor-element-53f12c6 elementor-view-default elementor-widget elementor-widget-icon\" data-id=\"53f12c6\" data-element_type=\"widget\" data-e-type=\"widget\" data-widget_type=\"icon.default\">\n\t\t\t\t<div class=\"elementor-widget-container\">\n\t\t\t\t\t\t\t<div class=\"elementor-icon-wrapper\">\n\t\t\t<div class=\"elementor-icon\">\n\t\t\t<svg aria-hidden=\"true\" class=\"e-font-icon-svg e-fas-book-open\" viewBox=\"0 0 576 512\" xmlns=\"http:\/\/www.w3.org\/2000\/svg\"><path d=\"M542.22 32.05c-54.8 3.11-163.72 14.43-230.96 55.59-4.64 2.84-7.27 7.89-7.27 13.17v363.87c0 11.55 12.63 18.85 23.28 13.49 69.18-34.82 169.23-44.32 218.7-46.92 16.89-.89 30.02-14.43 30.02-30.66V62.75c.01-17.71-15.35-31.74-33.77-30.7zM264.73 87.64C197.5 46.48 88.58 35.17 33.78 32.05 15.36 31.01 0 45.04 0 62.75V400.6c0 16.24 13.13 29.78 30.02 30.66 49.49 2.6 149.59 12.11 218.77 46.95 10.62 5.35 23.21-1.94 23.21-13.46V100.63c0-5.29-2.62-10.14-7.27-12.99z\"><\/path><\/svg>\t\t\t<\/div>\n\t\t<\/div>\n\t\t\t\t\t\t<\/div>\n\t\t\t\t<\/div>\n\t\t\t\t<div class=\"elementor-element elementor-element-0bcf786 elementor-widget elementor-widget-text-editor\" data-id=\"0bcf786\" data-element_type=\"widget\" data-e-type=\"widget\" data-widget_type=\"text-editor.default\">\n\t\t\t\t<div class=\"elementor-widget-container\">\n\t\t\t\t\t\t\t\t\t<p><b>Anleitung<\/b><\/p><p><a href=\"http:\/\/www.vhs-burgenland.at\/wp\/wp-content\/uploads\/2020\/04\/Anleitung-ZOOM-Meeting.pdf\" target=\"_blank\" rel=\"noopener noreferrer\">Anleitung ZOOM Meeting<\/a><\/p><p><a href=\"http:\/\/www.vhs-burgenland.at\/wp\/wp-content\/uploads\/2020\/04\/ZOOM-Datenschutzinformation.pdf\" target=\"_blank\" rel=\"noopener noreferrer\">ZOOM Datenschutzinformation<\/a><\/p>\t\t\t\t\t\t\t\t<\/div>\n\t\t\t\t<\/div>\n\t\t\t\t<\/div>\n\t\t\t\t<\/div>\n\t\t\t\t<div class=\"elementor-element elementor-element-a6eee97 elementor-widget elementor-widget-text-editor\" data-id=\"a6eee97\" data-element_type=\"widget\" data-e-type=\"widget\" data-widget_type=\"text-editor.default\">\n\t\t\t\t<div class=\"elementor-widget-container\">\n\t\t\t\t\t\t\t\t\t<div class=\"wpb_text_column wpb_content_element \"><div class=\"wpb_text_column wpb_content_element \"><div class=\"wpb_wrapper\"><h2><strong>Online-Kurse<\/strong><\/h2><p>Wir bieten Ihnen eine Vielzahl an Kursen, um Ihre F\u00e4higkeiten und Kenntnisse zu erweitern auch online. In unserem virtuellen Klassenzimmer haben Sie die M\u00f6glichkeit, bequem von zu Hause aus an Kursen teilzunehmen und sich weiterzubilden. Unsere erfahrenen Trainer:iinnen vermitteln Ihnen das notwendige Wissen und F\u00e4higkeiten, um Ihre Ziele zu erreichen. Ob Sie sich in einem bestimmten Fachgebiet vertiefen oder einfach neue F\u00e4higkeiten erlernen m\u00f6chten, bei uns finden Sie den passenden Kurs. Entdecken Sie <a href=\"https:\/\/www.vhs-burgenland.at\/wp_neu\/wp-content\/uploads\/2026\/01\/Online-FS-26_Website.pdf\" target=\"_blank\" rel=\"noopener noreferrer\">hier<\/a>\u00a0unsere vielf\u00e4ltigen Onlinekurse.<\/p><h3>Teilnahmevoraussetzungen<\/h3><ul><li>Laptop, Smartphone, Tablet, IPad oder Standger\u00e4t mit Video- und Audiofunktion<\/li><li>Gute Internetverbindung<\/li><li>Browser<\/li><li>Headset, wenn vorhanden<\/li><\/ul><\/div><\/div><div class=\"vc_row wpb_row vc_inner vc_row-fluid vc_custom_1634289160163\"><div class=\"wpb_column vc_column_container vc_col-sm-12 vc_col-has-fill\"><div class=\"vc_column-inner vc_custom_1634289171489\"><div class=\"wpb_wrapper\"><div class=\"wpb_text_column wpb_content_element \"><div class=\"wpb_wrapper\"><h4>Neues Online-Kursprogramm Fr\u00fchjahr 2026 2025 zum Downloaden<\/h4><p>Die Burgenl\u00e4ndischen Volkshochschulen bieten unterschiedliche Sprachkurse in verschiedenen Niveaustufen und Kurse rund um Gesellschaft, IT, Kreativit\u00e4t und Gesundheit auch ONLINE an.<\/p><p><strong>F\u00fcr mehr Information \u00f6ffnen Sie das neue <a href=\"https:\/\/www.vhs-burgenland.at\/wp_neu\/wp-content\/uploads\/2026\/01\/Online-FS-26_Website.pdf\" target=\"_blank\" rel=\"noopener\">ONLINE-Kursprogramm<\/a>.<\/strong><\/p><\/div><p><img fetchpriority=\"high\" decoding=\"async\" class=\"alignnone wp-image-6665 size-medium\" src=\"https:\/\/www.vhs-burgenland.at\/wp_neu\/wp-content\/uploads\/2026\/01\/Cover-Online-FS-2026-Website-212x300.jpg\" alt=\"Cover Kursprogramm Fr\u00fchjahr 2026 f\u00fcr das Online-Angebot\" width=\"212\" height=\"300\" srcset=\"https:\/\/www.vhs-burgenland.at\/wp_neu\/wp-content\/uploads\/2026\/01\/Cover-Online-FS-2026-Website-212x300.jpg 212w, https:\/\/www.vhs-burgenland.at\/wp_neu\/wp-content\/uploads\/2026\/01\/Cover-Online-FS-2026-Website.jpg 420w\" sizes=\"(max-width: 212px) 100vw, 212px\" \/><\/p><\/div><\/div><\/div><\/div><\/div><\/div>\t\t\t\t\t\t\t\t<\/div>\n\t\t\t\t<\/div>\n\t\t\t\t\t<\/div>\n\t\t\t\t<\/div>\n\t\t\t\t<\/div>\n\t\t","protected":false},"excerpt":{"rendered":"<p>Online-Kursangebote Online-Beratungen Online-Weiterbildung Kursleiter*innen Information 0 26 82\/ 61 363info@vhs-burgenland.at Anleitung Anleitung ZOOM Meeting ZOOM Datenschutzinformation Online-Kurse Wir bieten Ihnen eine Vielzahl an Kursen, um Ihre F\u00e4higkeiten und Kenntnisse zu erweitern auch online. In unserem virtuellen Klassenzimmer haben Sie die M\u00f6glichkeit, bequem von zu Hause aus an Kursen teilzunehmen und sich weiterzubilden. Unsere erfahrenen Trainer:iinnen [&hellip;]<\/p>\n","protected":false},"author":1,"featured_media":0,"parent":283,"menu_order":0,"comment_status":"closed","ping_status":"closed","template":"","meta":{"ocean_post_layout":"","ocean_both_sidebars_style":"","ocean_both_sidebars_content_width":0,"ocean_both_sidebars_sidebars_width":0,"ocean_sidebar":"","ocean_second_sidebar":"","ocean_disable_margins":"enable","ocean_add_body_class":"","ocean_shortcode_before_top_bar":"","ocean_shortcode_after_top_bar":"","ocean_shortcode_before_header":"","ocean_shortcode_after_header":"","ocean_has_shortcode":"","ocean_shortcode_after_title":"","ocean_shortcode_before_footer_widgets":"","ocean_shortcode_after_footer_widgets":"","ocean_shortcode_before_footer_bottom":"","ocean_shortcode_after_footer_bottom":"","ocean_display_top_bar":"default","ocean_display_header":"default","ocean_header_style":"","ocean_center_header_left_menu":"","ocean_custom_header_template":"","ocean_custom_logo":0,"ocean_custom_retina_logo":0,"ocean_custom_logo_max_width":0,"ocean_custom_logo_tablet_max_width":0,"ocean_custom_logo_mobile_max_width":0,"ocean_custom_logo_max_height":0,"ocean_custom_logo_tablet_max_height":0,"ocean_custom_logo_mobile_max_height":0,"ocean_header_custom_menu":"","ocean_menu_typo_font_family":"","ocean_menu_typo_font_subset":"","ocean_menu_typo_font_size":0,"ocean_menu_typo_font_size_tablet":0,"ocean_menu_typo_font_size_mobile":0,"ocean_menu_typo_font_size_unit":"px","ocean_menu_typo_font_weight":"","ocean_menu_typo_font_weight_tablet":"","ocean_menu_typo_font_weight_mobile":"","ocean_menu_typo_transform":"","ocean_menu_typo_transform_tablet":"","ocean_menu_typo_transform_mobile":"","ocean_menu_typo_line_height":0,"ocean_menu_typo_line_height_tablet":0,"ocean_menu_typo_line_height_mobile":0,"ocean_menu_typo_line_height_unit":"","ocean_menu_typo_spacing":0,"ocean_menu_typo_spacing_tablet":0,"ocean_menu_typo_spacing_mobile":0,"ocean_menu_typo_spacing_unit":"","ocean_menu_link_color":"","ocean_menu_link_color_hover":"","ocean_menu_link_color_active":"","ocean_menu_link_background":"","ocean_menu_link_hover_background":"","ocean_menu_link_active_background":"","ocean_menu_social_links_bg":"","ocean_menu_social_hover_links_bg":"","ocean_menu_social_links_color":"","ocean_menu_social_hover_links_color":"","ocean_disable_title":"default","ocean_disable_heading":"default","ocean_post_title":"","ocean_post_subheading":"","ocean_post_title_style":"","ocean_post_title_background_color":"","ocean_post_title_background":0,"ocean_post_title_bg_image_position":"","ocean_post_title_bg_image_attachment":"","ocean_post_title_bg_image_repeat":"","ocean_post_title_bg_image_size":"","ocean_post_title_height":0,"ocean_post_title_bg_overlay":0.5,"ocean_post_title_bg_overlay_color":"","ocean_disable_breadcrumbs":"default","ocean_breadcrumbs_color":"","ocean_breadcrumbs_separator_color":"","ocean_breadcrumbs_links_color":"","ocean_breadcrumbs_links_hover_color":"","ocean_display_footer_widgets":"default","ocean_display_footer_bottom":"default","ocean_custom_footer_template":"","osh_disable_topbar_sticky":"default","osh_disable_header_sticky":"default","osh_sticky_header_style":"default","osh_sticky_header_effect":"","osh_custom_sticky_logo":0,"osh_custom_retina_sticky_logo":0,"osh_custom_sticky_logo_height":0,"osh_background_color":"","osh_links_color":"","osh_links_hover_color":"","osh_links_active_color":"","osh_links_bg_color":"","osh_links_hover_bg_color":"","osh_links_active_bg_color":"","osh_menu_social_links_color":"","osh_menu_social_hover_links_color":"","_mc_calendar":[],"footnotes":""},"class_list":["post-1931","page","type-page","status-publish","hentry","entry"],"yoast_head":"<!-- This site is optimized with the Yoast SEO plugin v27.2 - https:\/\/yoast.com\/product\/yoast-seo-wordpress\/ -->\n<title>Online-Kursangebote - VHS Burgenl\u00e4ndische Volkshochschulen<\/title>\n<meta name=\"description\" content=\"Online-Kursangebote der Burgenl\u00e4ndischen Volkshochschulen: Vielf\u00e4ltige digitale Lernm\u00f6glichkeiten \u2013 flexibel, ortsunabh\u00e4ngig und praxisnah.\" \/>\n<meta name=\"robots\" content=\"index, follow, max-snippet:-1, max-image-preview:large, max-video-preview:-1\" \/>\n<link rel=\"canonical\" href=\"https:\/\/www.vhs-burgenland.at\/wp_neu\/angebot\/online-angebote\/online-kursangebote\/\" \/>\n<meta property=\"og:locale\" content=\"de_DE\" \/>\n<meta property=\"og:type\" content=\"article\" \/>\n<meta property=\"og:title\" content=\"Online-Kursangebote - VHS Burgenl\u00e4ndische Volkshochschulen\" \/>\n<meta property=\"og:description\" content=\"Online-Kursangebote der Burgenl\u00e4ndischen Volkshochschulen: Vielf\u00e4ltige digitale Lernm\u00f6glichkeiten \u2013 flexibel, ortsunabh\u00e4ngig und praxisnah.\" \/>\n<meta property=\"og:url\" content=\"https:\/\/www.vhs-burgenland.at\/wp_neu\/angebot\/online-angebote\/online-kursangebote\/\" \/>\n<meta property=\"og:site_name\" content=\"VHS Burgenl\u00e4ndische Volkshochschulen\" \/>\n<meta property=\"article:publisher\" content=\"https:\/\/www.facebook.com\/BurgenlaendischeVolkshochschulen\/\" \/>\n<meta property=\"article:modified_time\" content=\"2026-01-07T10:09:45+00:00\" \/>\n<meta property=\"og:image\" content=\"https:\/\/www.vhs-burgenland.at\/wp_neu\/wp-content\/uploads\/2026\/01\/Cover-Online-FS-2026-Website.jpg\" \/>\n\t<meta property=\"og:image:width\" content=\"420\" \/>\n\t<meta property=\"og:image:height\" content=\"595\" \/>\n\t<meta property=\"og:image:type\" content=\"image\/jpeg\" \/>\n<meta name=\"twitter:card\" content=\"summary_large_image\" \/>\n<meta name=\"twitter:label1\" content=\"Gesch\u00e4tzte Lesezeit\" \/>\n\t<meta name=\"twitter:data1\" content=\"2 Minuten\" \/>\n<script type=\"application\/ld+json\" class=\"yoast-schema-graph\">{\"@context\":\"https:\/\/schema.org\",\"@graph\":[{\"@type\":\"WebPage\",\"@id\":\"https:\/\/www.vhs-burgenland.at\/wp_neu\/angebot\/online-angebote\/online-kursangebote\/\",\"url\":\"https:\/\/www.vhs-burgenland.at\/wp_neu\/angebot\/online-angebote\/online-kursangebote\/\",\"name\":\"Online-Kursangebote - VHS Burgenl\u00e4ndische Volkshochschulen\",\"isPartOf\":{\"@id\":\"https:\/\/www.vhs-burgenland.at\/wp_neu\/#website\"},\"primaryImageOfPage\":{\"@id\":\"https:\/\/www.vhs-burgenland.at\/wp_neu\/angebot\/online-angebote\/online-kursangebote\/#primaryimage\"},\"image\":{\"@id\":\"https:\/\/www.vhs-burgenland.at\/wp_neu\/angebot\/online-angebote\/online-kursangebote\/#primaryimage\"},\"thumbnailUrl\":\"https:\/\/www.vhs-burgenland.at\/wp_neu\/wp-content\/uploads\/2026\/01\/Cover-Online-FS-2026-Website-212x300.jpg\",\"datePublished\":\"2025-05-21T08:14:31+00:00\",\"dateModified\":\"2026-01-07T10:09:45+00:00\",\"description\":\"Online-Kursangebote der Burgenl\u00e4ndischen Volkshochschulen: Vielf\u00e4ltige digitale Lernm\u00f6glichkeiten \u2013 flexibel, ortsunabh\u00e4ngig und praxisnah.\",\"breadcrumb\":{\"@id\":\"https:\/\/www.vhs-burgenland.at\/wp_neu\/angebot\/online-angebote\/online-kursangebote\/#breadcrumb\"},\"inLanguage\":\"de-AT\",\"potentialAction\":[{\"@type\":\"ReadAction\",\"target\":[\"https:\/\/www.vhs-burgenland.at\/wp_neu\/angebot\/online-angebote\/online-kursangebote\/\"]}]},{\"@type\":\"ImageObject\",\"inLanguage\":\"de-AT\",\"@id\":\"https:\/\/www.vhs-burgenland.at\/wp_neu\/angebot\/online-angebote\/online-kursangebote\/#primaryimage\",\"url\":\"https:\/\/www.vhs-burgenland.at\/wp_neu\/wp-content\/uploads\/2026\/01\/Cover-Online-FS-2026-Website.jpg\",\"contentUrl\":\"https:\/\/www.vhs-burgenland.at\/wp_neu\/wp-content\/uploads\/2026\/01\/Cover-Online-FS-2026-Website.jpg\",\"width\":420,\"height\":595,\"caption\":\"Cover Kursprogramm Fr\u00fchjahr 2026 f\u00fcr das Online-Angebot\"},{\"@type\":\"BreadcrumbList\",\"@id\":\"https:\/\/www.vhs-burgenland.at\/wp_neu\/angebot\/online-angebote\/online-kursangebote\/#breadcrumb\",\"itemListElement\":[{\"@type\":\"ListItem\",\"position\":1,\"name\":\"Startseite\",\"item\":\"https:\/\/www.vhs-burgenland.at\/wp_neu\/\"},{\"@type\":\"ListItem\",\"position\":2,\"name\":\"Angebot\",\"item\":\"https:\/\/www.vhs-burgenland.at\/wp_neu\/angebot\/\"},{\"@type\":\"ListItem\",\"position\":3,\"name\":\"Online Angebote\",\"item\":\"https:\/\/www.vhs-burgenland.at\/wp_neu\/angebot\/online-angebote\/\"},{\"@type\":\"ListItem\",\"position\":4,\"name\":\"Online-Kursangebote\"}]},{\"@type\":\"WebSite\",\"@id\":\"https:\/\/www.vhs-burgenland.at\/wp_neu\/#website\",\"url\":\"https:\/\/www.vhs-burgenland.at\/wp_neu\/\",\"name\":\"VHS Burgenl\u00e4ndische Volkshochschulen\",\"description\":\"Wir sind, wo Sie sind!\",\"publisher\":{\"@id\":\"https:\/\/www.vhs-burgenland.at\/wp_neu\/#organization\"},\"potentialAction\":[{\"@type\":\"SearchAction\",\"target\":{\"@type\":\"EntryPoint\",\"urlTemplate\":\"https:\/\/www.vhs-burgenland.at\/wp_neu\/?s={search_term_string}\"},\"query-input\":{\"@type\":\"PropertyValueSpecification\",\"valueRequired\":true,\"valueName\":\"search_term_string\"}}],\"inLanguage\":\"de-AT\"},{\"@type\":\"Organization\",\"@id\":\"https:\/\/www.vhs-burgenland.at\/wp_neu\/#organization\",\"name\":\"VHS Burgenl\u00e4ndische Volkshochschulen\",\"url\":\"https:\/\/www.vhs-burgenland.at\/wp_neu\/\",\"logo\":{\"@type\":\"ImageObject\",\"inLanguage\":\"de-AT\",\"@id\":\"https:\/\/www.vhs-burgenland.at\/wp_neu\/#\/schema\/logo\/image\/\",\"url\":\"https:\/\/www.vhs-burgenland.at\/wp_neu\/wp-content\/uploads\/2025\/05\/vhs_logo_kl.png\",\"contentUrl\":\"https:\/\/www.vhs-burgenland.at\/wp_neu\/wp-content\/uploads\/2025\/05\/vhs_logo_kl.png\",\"width\":250,\"height\":52,\"caption\":\"VHS Burgenl\u00e4ndische Volkshochschulen\"},\"image\":{\"@id\":\"https:\/\/www.vhs-burgenland.at\/wp_neu\/#\/schema\/logo\/image\/\"},\"sameAs\":[\"https:\/\/www.facebook.com\/BurgenlaendischeVolkshochschulen\/\",\"https:\/\/www.instagram.com\/vhsburgenland\",\"https:\/\/www.youtube.com\/@burgenlandischevolkshochsc6605\",\"https:\/\/bsky.app\/profile\/vhsburgenland.bsky.social\"]}]}<\/script>\n<!-- \/ Yoast SEO plugin. -->","yoast_head_json":{"title":"Online-Kursangebote - VHS Burgenl\u00e4ndische Volkshochschulen","description":"Online-Kursangebote der Burgenl\u00e4ndischen Volkshochschulen: Vielf\u00e4ltige digitale Lernm\u00f6glichkeiten \u2013 flexibel, ortsunabh\u00e4ngig und praxisnah.","robots":{"index":"index","follow":"follow","max-snippet":"max-snippet:-1","max-image-preview":"max-image-preview:large","max-video-preview":"max-video-preview:-1"},"canonical":"https:\/\/www.vhs-burgenland.at\/wp_neu\/angebot\/online-angebote\/online-kursangebote\/","og_locale":"de_DE","og_type":"article","og_title":"Online-Kursangebote - VHS Burgenl\u00e4ndische Volkshochschulen","og_description":"Online-Kursangebote der Burgenl\u00e4ndischen Volkshochschulen: Vielf\u00e4ltige digitale Lernm\u00f6glichkeiten \u2013 flexibel, ortsunabh\u00e4ngig und praxisnah.","og_url":"https:\/\/www.vhs-burgenland.at\/wp_neu\/angebot\/online-angebote\/online-kursangebote\/","og_site_name":"VHS Burgenl\u00e4ndische Volkshochschulen","article_publisher":"https:\/\/www.facebook.com\/BurgenlaendischeVolkshochschulen\/","article_modified_time":"2026-01-07T10:09:45+00:00","og_image":[{"width":420,"height":595,"url":"https:\/\/www.vhs-burgenland.at\/wp_neu\/wp-content\/uploads\/2026\/01\/Cover-Online-FS-2026-Website.jpg","type":"image\/jpeg"}],"twitter_card":"summary_large_image","twitter_misc":{"Gesch\u00e4tzte Lesezeit":"2 Minuten"},"schema":{"@context":"https:\/\/schema.org","@graph":[{"@type":"WebPage","@id":"https:\/\/www.vhs-burgenland.at\/wp_neu\/angebot\/online-angebote\/online-kursangebote\/","url":"https:\/\/www.vhs-burgenland.at\/wp_neu\/angebot\/online-angebote\/online-kursangebote\/","name":"Online-Kursangebote - VHS Burgenl\u00e4ndische Volkshochschulen","isPartOf":{"@id":"https:\/\/www.vhs-burgenland.at\/wp_neu\/#website"},"primaryImageOfPage":{"@id":"https:\/\/www.vhs-burgenland.at\/wp_neu\/angebot\/online-angebote\/online-kursangebote\/#primaryimage"},"image":{"@id":"https:\/\/www.vhs-burgenland.at\/wp_neu\/angebot\/online-angebote\/online-kursangebote\/#primaryimage"},"thumbnailUrl":"https:\/\/www.vhs-burgenland.at\/wp_neu\/wp-content\/uploads\/2026\/01\/Cover-Online-FS-2026-Website-212x300.jpg","datePublished":"2025-05-21T08:14:31+00:00","dateModified":"2026-01-07T10:09:45+00:00","description":"Online-Kursangebote der Burgenl\u00e4ndischen Volkshochschulen: Vielf\u00e4ltige digitale Lernm\u00f6glichkeiten \u2013 flexibel, ortsunabh\u00e4ngig und praxisnah.","breadcrumb":{"@id":"https:\/\/www.vhs-burgenland.at\/wp_neu\/angebot\/online-angebote\/online-kursangebote\/#breadcrumb"},"inLanguage":"de-AT","potentialAction":[{"@type":"ReadAction","target":["https:\/\/www.vhs-burgenland.at\/wp_neu\/angebot\/online-angebote\/online-kursangebote\/"]}]},{"@type":"ImageObject","inLanguage":"de-AT","@id":"https:\/\/www.vhs-burgenland.at\/wp_neu\/angebot\/online-angebote\/online-kursangebote\/#primaryimage","url":"https:\/\/www.vhs-burgenland.at\/wp_neu\/wp-content\/uploads\/2026\/01\/Cover-Online-FS-2026-Website.jpg","contentUrl":"https:\/\/www.vhs-burgenland.at\/wp_neu\/wp-content\/uploads\/2026\/01\/Cover-Online-FS-2026-Website.jpg","width":420,"height":595,"caption":"Cover Kursprogramm Fr\u00fchjahr 2026 f\u00fcr das Online-Angebot"},{"@type":"BreadcrumbList","@id":"https:\/\/www.vhs-burgenland.at\/wp_neu\/angebot\/online-angebote\/online-kursangebote\/#breadcrumb","itemListElement":[{"@type":"ListItem","position":1,"name":"Startseite","item":"https:\/\/www.vhs-burgenland.at\/wp_neu\/"},{"@type":"ListItem","position":2,"name":"Angebot","item":"https:\/\/www.vhs-burgenland.at\/wp_neu\/angebot\/"},{"@type":"ListItem","position":3,"name":"Online Angebote","item":"https:\/\/www.vhs-burgenland.at\/wp_neu\/angebot\/online-angebote\/"},{"@type":"ListItem","position":4,"name":"Online-Kursangebote"}]},{"@type":"WebSite","@id":"https:\/\/www.vhs-burgenland.at\/wp_neu\/#website","url":"https:\/\/www.vhs-burgenland.at\/wp_neu\/","name":"VHS Burgenl\u00e4ndische Volkshochschulen","description":"Wir sind, wo Sie sind!","publisher":{"@id":"https:\/\/www.vhs-burgenland.at\/wp_neu\/#organization"},"potentialAction":[{"@type":"SearchAction","target":{"@type":"EntryPoint","urlTemplate":"https:\/\/www.vhs-burgenland.at\/wp_neu\/?s={search_term_string}"},"query-input":{"@type":"PropertyValueSpecification","valueRequired":true,"valueName":"search_term_string"}}],"inLanguage":"de-AT"},{"@type":"Organization","@id":"https:\/\/www.vhs-burgenland.at\/wp_neu\/#organization","name":"VHS Burgenl\u00e4ndische Volkshochschulen","url":"https:\/\/www.vhs-burgenland.at\/wp_neu\/","logo":{"@type":"ImageObject","inLanguage":"de-AT","@id":"https:\/\/www.vhs-burgenland.at\/wp_neu\/#\/schema\/logo\/image\/","url":"https:\/\/www.vhs-burgenland.at\/wp_neu\/wp-content\/uploads\/2025\/05\/vhs_logo_kl.png","contentUrl":"https:\/\/www.vhs-burgenland.at\/wp_neu\/wp-content\/uploads\/2025\/05\/vhs_logo_kl.png","width":250,"height":52,"caption":"VHS Burgenl\u00e4ndische Volkshochschulen"},"image":{"@id":"https:\/\/www.vhs-burgenland.at\/wp_neu\/#\/schema\/logo\/image\/"},"sameAs":["https:\/\/www.facebook.com\/BurgenlaendischeVolkshochschulen\/","https:\/\/www.instagram.com\/vhsburgenland","https:\/\/www.youtube.com\/@burgenlandischevolkshochsc6605","https:\/\/bsky.app\/profile\/vhsburgenland.bsky.social"]}]}},"_links":{"self":[{"href":"https:\/\/www.vhs-burgenland.at\/wp_neu\/wp-json\/wp\/v2\/pages\/1931","targetHints":{"allow":["GET"]}}],"collection":[{"href":"https:\/\/www.vhs-burgenland.at\/wp_neu\/wp-json\/wp\/v2\/pages"}],"about":[{"href":"https:\/\/www.vhs-burgenland.at\/wp_neu\/wp-json\/wp\/v2\/types\/page"}],"author":[{"embeddable":true,"href":"https:\/\/www.vhs-burgenland.at\/wp_neu\/wp-json\/wp\/v2\/users\/1"}],"replies":[{"embeddable":true,"href":"https:\/\/www.vhs-burgenland.at\/wp_neu\/wp-json\/wp\/v2\/comments?post=1931"}],"version-history":[{"count":19,"href":"https:\/\/www.vhs-burgenland.at\/wp_neu\/wp-json\/wp\/v2\/pages\/1931\/revisions"}],"predecessor-version":[{"id":6681,"href":"https:\/\/www.vhs-burgenland.at\/wp_neu\/wp-json\/wp\/v2\/pages\/1931\/revisions\/6681"}],"up":[{"embeddable":true,"href":"https:\/\/www.vhs-burgenland.at\/wp_neu\/wp-json\/wp\/v2\/pages\/283"}],"wp:attachment":[{"href":"https:\/\/www.vhs-burgenland.at\/wp_neu\/wp-json\/wp\/v2\/media?parent=1931"}],"curies":[{"name":"wp","href":"https:\/\/api.w.org\/{rel}","templated":true}]}}